{"id":223489,"date":"2025-03-23T10:29:45","date_gmt":"2025-03-23T10:29:45","guid":{"rendered":"https:\/\/aromasentia.com\/product\/gypsy-nomadic-incense-moon\/"},"modified":"2025-12-30T19:43:51","modified_gmt":"2025-12-30T19:43:51","slug":"gypsy-nomadic-weihrauch-mond","status":"publish","type":"product","link":"https:\/\/aromasentia.com\/de\/gypsy-nomadic-weihrauch-mond\/","title":{"rendered":"Gypsy Nomadic Weihrauch &#8211; MOND"},"content":{"rendered":"<p>Laden Sie Ruhe und Intuition mit dem sanften Aroma des Mondes von diesem Gypsy Nomadic R\u00e4ucherst\u00e4bchen ein. Handgefertigt aus nat\u00fcrlichen Zutaten, verstr\u00f6mt dieses R\u00e4ucherst\u00e4bchen einen beruhigenden und bes\u00e4nftigenden Duft, ideal f\u00fcr abendliche Entspannung und Meditation.<\/p>\n","protected":false},"excerpt":{"rendered":"<p>Laden Sie Ruhe und Intuition mit dem sanften Aroma des Mondes von diesem Gypsy Nomadic R\u00e4ucherst\u00e4bchen ein. Handgefertigt aus nat\u00fcrlichen Zutaten, verstr\u00f6mt dieses R\u00e4ucherst\u00e4bchen einen beruhigenden und bes\u00e4nftigenden Duft, ideal f\u00fcr abendliche Entspannung und Meditation.<\/p>\n","protected":false},"featured_media":397528,"comment_status":"closed","ping_status":"open","template":"","meta":{"_angie_page":false},"product_brand":[27104],"product_cat":[15197,15152],"product_tag":[],"class_list":{"0":"post-223489","1":"product","2":"type-product","3":"status-publish","4":"has-post-thumbnail","6":"product_brand-banjara","7":"product_cat-raucherstabchen","8":"product_cat-raucherwerk-und-rauchergefasse","9":"pa_collection-gypsy-nomadic-incense-de","10":"pa_made-in-indien","12":"first","13":"instock","14":"purchasable","15":"product-type-simple"},"supplier_id":null,"supplier_sku":"BanjN-02","barcode":null,"atum_controlled":true,"out_stock_date":null,"out_stock_threshold":null,"inheritable":false,"inbound_stock":null,"stock_on_hold":0,"sold_today":0,"sales_last_days":0,"reserved_stock":null,"customer_returns":null,"warehouse_damage":null,"lost_in_post":null,"other_logs":null,"out_stock_days":15,"lost_sales":0,"has_location":null,"update_date":"2026-04-27T06:53:44","atum_locations":[],"atum_stock_status":"instock","restock_status":false,"low_stock_amount":"","sales_update_date":"2026-02-06T00:01:32","calc_backorders":null,"_links":{"self":[{"href":"https:\/\/aromasentia.com\/de\/wp-json\/wp\/v2\/product\/223489","targetHints":{"allow":["GET"]}}],"collection":[{"href":"https:\/\/aromasentia.com\/de\/wp-json\/wp\/v2\/product"}],"about":[{"href":"https:\/\/aromasentia.com\/de\/wp-json\/wp\/v2\/types\/product"}],"replies":[{"embeddable":true,"href":"https:\/\/aromasentia.com\/de\/wp-json\/wp\/v2\/comments?post=223489"}],"version-history":[{"count":0,"href":"https:\/\/aromasentia.com\/de\/wp-json\/wp\/v2\/product\/223489\/revisions"}],"wp:featuredmedia":[{"embeddable":true,"href":"https:\/\/aromasentia.com\/de\/wp-json\/wp\/v2\/media\/397528"}],"wp:attachment":[{"href":"https:\/\/aromasentia.com\/de\/wp-json\/wp\/v2\/media?parent=223489"}],"wp:term":[{"taxonomy":"product_brand","embeddable":true,"href":"https:\/\/aromasentia.com\/de\/wp-json\/wp\/v2\/product_brand?post=223489"},{"taxonomy":"product_cat","embeddable":true,"href":"https:\/\/aromasentia.com\/de\/wp-json\/wp\/v2\/product_cat?post=223489"},{"taxonomy":"product_tag","embeddable":true,"href":"https:\/\/aromasentia.com\/de\/wp-json\/wp\/v2\/product_tag?post=223489"}],"curies":[{"name":"wp","href":"https:\/\/api.w.org\/{rel}","templated":true}]}}