{"id":223465,"date":"2025-03-23T10:29:45","date_gmt":"2025-03-23T10:29:45","guid":{"rendered":"https:\/\/aromasentia.com\/product\/banjara-resin-cups-palo-santo\/"},"modified":"2025-12-30T19:43:44","modified_gmt":"2025-12-30T19:43:44","slug":"banjara-harzbecher-palo-santo","status":"publish","type":"product","link":"https:\/\/aromasentia.com\/de\/banjara-harzbecher-palo-santo\/","title":{"rendered":"Banjara-Harzbecher \u2013 Palo Santo"},"content":{"rendered":"<p><span style=\"color: rgb(75, 80, 88);\"><strong>Wir stellen Ihnen die Resin Cups von Banjara vor, eine faszinierende Erg\u00e4nzung Ihrer Produktpalette, liebevoll gefertigt im Herzen Indiens.&nbsp;<\/strong><\/span><\/p>\n<p><span style=\"color: rgb(75, 80, 88);\">Diese exquisiten Harzbecher sind <strong>in Schachteln verpackt, die mit bezaubernden Stammesdesigns verziert sind.<\/strong><\/span><\/p>\n<p><span style=\"color: rgb(75, 80, 88);\"><strong>Jede Einheit enth\u00e4lt sechs Harzbecher<\/strong>, die jeweils f\u00fcr ein gleichbleibendes und anhaltendes Aromaerlebnis konzipiert sind. Neben diesen duftenden Edelsteinen <strong>haben wir eine Metallplatte und eine zarte Steinplatte beigelegt, die dem gesamten Paket einen Hauch von Authentizit\u00e4t verleihen.<\/strong><\/span><\/p>\n<p><span style=\"color: rgb(75, 80, 88);\"><strong>Palo Santo, auch bekannt als \u201eHeiliges Holz\u201c, verstr\u00f6mt ein s\u00fc\u00dfes und holziges Aroma mit subtilen Zitrusnoten. Palo Santo wird f\u00fcr seine reinigenden Eigenschaften gesch\u00e4tzt und wird h\u00e4ufig verwendet, um negative Energien zu beseitigen, die Stimmung zu heben und Meditationssitzungen zu verbessern. Sein Duft schafft eine heitere und erhebende Atmosph\u00e4re.<\/span> <\/p>\n","protected":false},"excerpt":{"rendered":"<p>Wir stellen Ihnen die Resin Cups von Banjara vor, eine faszinierende Erg\u00e4nzung Ihrer Produktpalette, liebevoll gefertigt im Herzen Indiens.&nbsp; Diese exquisiten Harzbecher sind in Schachteln verpackt, die mit bezaubernden Stammesdesigns verziert sind. Jede Einheit enth\u00e4lt sechs Harzbecher, die jeweils f\u00fcr ein gleichbleibendes und anhaltendes Aromaerlebnis konzipiert sind. Neben diesen duftenden Edelsteinen haben wir eine Metallplatte [&hellip;]<\/p>\n","protected":false},"featured_media":397410,"comment_status":"closed","ping_status":"open","template":"","meta":{"_angie_page":false},"product_brand":[27104],"product_cat":[25841,26896,26323,15231,15152],"product_tag":[],"class_list":{"0":"post-223465","1":"product","2":"type-product","3":"status-publish","4":"has-post-thumbnail","6":"product_brand-banjara","7":"product_cat-dufte-aromen","8":"product_cat-holzig","9":"product_cat-palo-santo-scents-aromas","10":"product_cat-raucherharze","11":"product_cat-raucherwerk-und-rauchergefasse","12":"pa_collection-banjara-resin-cups-de","13":"pa_made-in-indien","15":"first","16":"instock","17":"purchasable","18":"product-type-simple"},"supplier_id":null,"supplier_sku":"BanjCup-02","barcode":null,"atum_controlled":true,"out_stock_date":null,"out_stock_threshold":null,"inheritable":false,"inbound_stock":null,"stock_on_hold":0,"sold_today":0,"sales_last_days":0,"reserved_stock":null,"customer_returns":null,"warehouse_damage":null,"lost_in_post":null,"other_logs":null,"out_stock_days":0,"lost_sales":0,"has_location":null,"update_date":"2026-05-04T00:02:50","atum_locations":[],"atum_stock_status":"instock","restock_status":false,"low_stock_amount":"","sales_update_date":"2025-10-09T03:25:19","calc_backorders":null,"_links":{"self":[{"href":"https:\/\/aromasentia.com\/de\/wp-json\/wp\/v2\/product\/223465","targetHints":{"allow":["GET"]}}],"collection":[{"href":"https:\/\/aromasentia.com\/de\/wp-json\/wp\/v2\/product"}],"about":[{"href":"https:\/\/aromasentia.com\/de\/wp-json\/wp\/v2\/types\/product"}],"replies":[{"embeddable":true,"href":"https:\/\/aromasentia.com\/de\/wp-json\/wp\/v2\/comments?post=223465"}],"version-history":[{"count":0,"href":"https:\/\/aromasentia.com\/de\/wp-json\/wp\/v2\/product\/223465\/revisions"}],"wp:featuredmedia":[{"embeddable":true,"href":"https:\/\/aromasentia.com\/de\/wp-json\/wp\/v2\/media\/397410"}],"wp:attachment":[{"href":"https:\/\/aromasentia.com\/de\/wp-json\/wp\/v2\/media?parent=223465"}],"wp:term":[{"taxonomy":"product_brand","embeddable":true,"href":"https:\/\/aromasentia.com\/de\/wp-json\/wp\/v2\/product_brand?post=223465"},{"taxonomy":"product_cat","embeddable":true,"href":"https:\/\/aromasentia.com\/de\/wp-json\/wp\/v2\/product_cat?post=223465"},{"taxonomy":"product_tag","embeddable":true,"href":"https:\/\/aromasentia.com\/de\/wp-json\/wp\/v2\/product_tag?post=223465"}],"curies":[{"name":"wp","href":"https:\/\/api.w.org\/{rel}","templated":true}]}}