{"id":223449,"date":"2025-03-23T10:29:45","date_gmt":"2025-03-23T10:29:45","guid":{"rendered":"https:\/\/aromasentia.com\/product\/banjara-buddha-inner-peace\/"},"modified":"2025-12-30T19:43:44","modified_gmt":"2025-12-30T19:43:44","slug":"banjara-buddha-innerer-frieden","status":"publish","type":"product","link":"https:\/\/aromasentia.com\/de\/banjara-buddha-innerer-frieden\/","title":{"rendered":"Banjara Buddha \u2013 Innerer Frieden"},"content":{"rendered":"<p>Kultivieren Sie inneren Frieden und Gelassenheit mit dieser beruhigenden Banjara-Buddha-Figur. Dieses von Banjara-Kunsthandwerkern handgefertigte St\u00fcck strahlt Ruhe aus und hat eine einzigartige k\u00fcnstlerische Note. Stellen Sie sie in Ihr pers\u00f6nliches Heiligtum, um Ruhe und Besinnung zu f\u00f6rdern.<\/p>\n","protected":false},"excerpt":{"rendered":"<p>Kultivieren Sie inneren Frieden und Gelassenheit mit dieser beruhigenden Banjara-Buddha-Figur. Dieses von Banjara-Kunsthandwerkern handgefertigte St\u00fcck strahlt Ruhe aus und hat eine einzigartige k\u00fcnstlerische Note. Stellen Sie sie in Ihr pers\u00f6nliches Heiligtum, um Ruhe und Besinnung zu f\u00f6rdern.<\/p>\n","protected":false},"featured_media":397310,"comment_status":"closed","ping_status":"open","template":"","meta":{"_angie_page":false},"product_brand":[27104],"product_cat":[15197,15152],"product_tag":[],"class_list":{"0":"post-223449","1":"product","2":"type-product","3":"status-publish","4":"has-post-thumbnail","6":"product_brand-banjara","7":"product_cat-raucherstabchen","8":"product_cat-raucherwerk-und-rauchergefasse","9":"pa_collection-banjara-buddha-incense-de","10":"pa_made-in-indien","12":"first","13":"instock","14":"purchasable","15":"product-type-simple"},"supplier_id":null,"supplier_sku":"BanBud-04","barcode":null,"atum_controlled":true,"out_stock_date":null,"out_stock_threshold":null,"inheritable":false,"inbound_stock":null,"stock_on_hold":0,"sold_today":0,"sales_last_days":0,"reserved_stock":null,"customer_returns":null,"warehouse_damage":null,"lost_in_post":null,"other_logs":null,"out_stock_days":0,"lost_sales":0,"has_location":null,"update_date":"2026-04-27T06:53:37","atum_locations":[],"atum_stock_status":"instock","restock_status":false,"low_stock_amount":"","sales_update_date":"2026-02-06T00:00:49","calc_backorders":null,"_links":{"self":[{"href":"https:\/\/aromasentia.com\/de\/wp-json\/wp\/v2\/product\/223449","targetHints":{"allow":["GET"]}}],"collection":[{"href":"https:\/\/aromasentia.com\/de\/wp-json\/wp\/v2\/product"}],"about":[{"href":"https:\/\/aromasentia.com\/de\/wp-json\/wp\/v2\/types\/product"}],"replies":[{"embeddable":true,"href":"https:\/\/aromasentia.com\/de\/wp-json\/wp\/v2\/comments?post=223449"}],"version-history":[{"count":0,"href":"https:\/\/aromasentia.com\/de\/wp-json\/wp\/v2\/product\/223449\/revisions"}],"wp:featuredmedia":[{"embeddable":true,"href":"https:\/\/aromasentia.com\/de\/wp-json\/wp\/v2\/media\/397310"}],"wp:attachment":[{"href":"https:\/\/aromasentia.com\/de\/wp-json\/wp\/v2\/media?parent=223449"}],"wp:term":[{"taxonomy":"product_brand","embeddable":true,"href":"https:\/\/aromasentia.com\/de\/wp-json\/wp\/v2\/product_brand?post=223449"},{"taxonomy":"product_cat","embeddable":true,"href":"https:\/\/aromasentia.com\/de\/wp-json\/wp\/v2\/product_cat?post=223449"},{"taxonomy":"product_tag","embeddable":true,"href":"https:\/\/aromasentia.com\/de\/wp-json\/wp\/v2\/product_tag?post=223449"}],"curies":[{"name":"wp","href":"https:\/\/api.w.org\/{rel}","templated":true}]}}