{"id":223441,"date":"2025-03-23T10:29:45","date_gmt":"2025-03-23T10:29:45","guid":{"rendered":"https:\/\/aromasentia.com\/product\/banjara-buddha-meditation\/"},"modified":"2025-12-30T19:43:44","modified_gmt":"2025-12-30T19:43:44","slug":"banjara-buddha-meditation","status":"publish","type":"product","link":"https:\/\/aromasentia.com\/de\/banjara-buddha-meditation\/","title":{"rendered":"Banjara Buddha &#8211; Meditation"},"content":{"rendered":"<p>Finden Sie Ihren inneren Frieden mit dieser heiteren Banjara-Buddha-Figur in meditativer Haltung. Dieses von Banjara-Kunsthandwerkern handgefertigte St\u00fcck mit einzigartigen Details verk\u00f6rpert Ruhe und Achtsamkeit. Stellen Sie sie in Ihren Meditationsraum oder Ihr Zuhause, um Ruhe und Besinnung zu f\u00f6rdern.<\/p>\n","protected":false},"excerpt":{"rendered":"<p>Finden Sie Ihren inneren Frieden mit dieser heiteren Banjara-Buddha-Figur in meditativer Haltung. Dieses von Banjara-Kunsthandwerkern handgefertigte St\u00fcck mit einzigartigen Details verk\u00f6rpert Ruhe und Achtsamkeit. Stellen Sie sie in Ihren Meditationsraum oder Ihr Zuhause, um Ruhe und Besinnung zu f\u00f6rdern.<\/p>\n","protected":false},"featured_media":397244,"comment_status":"closed","ping_status":"open","template":"","meta":{"_angie_page":false},"product_brand":[27104],"product_cat":[15197,15152],"product_tag":[],"class_list":{"0":"post-223441","1":"product","2":"type-product","3":"status-publish","4":"has-post-thumbnail","6":"product_brand-banjara","7":"product_cat-raucherstabchen","8":"product_cat-raucherwerk-und-rauchergefasse","9":"pa_collection-banjara-buddha-incense-de","10":"pa_made-in-indien","12":"first","13":"instock","14":"purchasable","15":"product-type-simple"},"supplier_id":null,"supplier_sku":"BanBud-02","barcode":null,"atum_controlled":true,"out_stock_date":null,"out_stock_threshold":null,"inheritable":false,"inbound_stock":null,"stock_on_hold":0,"sold_today":0,"sales_last_days":0,"reserved_stock":null,"customer_returns":null,"warehouse_damage":null,"lost_in_post":null,"other_logs":null,"out_stock_days":0,"lost_sales":0,"has_location":null,"update_date":"2026-04-27T06:53:32","atum_locations":[],"atum_stock_status":"instock","restock_status":false,"low_stock_amount":"","sales_update_date":"2025-10-09T03:25:18","calc_backorders":null,"_links":{"self":[{"href":"https:\/\/aromasentia.com\/de\/wp-json\/wp\/v2\/product\/223441","targetHints":{"allow":["GET"]}}],"collection":[{"href":"https:\/\/aromasentia.com\/de\/wp-json\/wp\/v2\/product"}],"about":[{"href":"https:\/\/aromasentia.com\/de\/wp-json\/wp\/v2\/types\/product"}],"replies":[{"embeddable":true,"href":"https:\/\/aromasentia.com\/de\/wp-json\/wp\/v2\/comments?post=223441"}],"version-history":[{"count":0,"href":"https:\/\/aromasentia.com\/de\/wp-json\/wp\/v2\/product\/223441\/revisions"}],"wp:featuredmedia":[{"embeddable":true,"href":"https:\/\/aromasentia.com\/de\/wp-json\/wp\/v2\/media\/397244"}],"wp:attachment":[{"href":"https:\/\/aromasentia.com\/de\/wp-json\/wp\/v2\/media?parent=223441"}],"wp:term":[{"taxonomy":"product_brand","embeddable":true,"href":"https:\/\/aromasentia.com\/de\/wp-json\/wp\/v2\/product_brand?post=223441"},{"taxonomy":"product_cat","embeddable":true,"href":"https:\/\/aromasentia.com\/de\/wp-json\/wp\/v2\/product_cat?post=223441"},{"taxonomy":"product_tag","embeddable":true,"href":"https:\/\/aromasentia.com\/de\/wp-json\/wp\/v2\/product_tag?post=223441"}],"curies":[{"name":"wp","href":"https:\/\/api.w.org\/{rel}","templated":true}]}}