{"id":223437,"date":"2025-03-23T10:29:53","date_gmt":"2025-03-23T10:29:53","guid":{"rendered":"https:\/\/aromasentia.com\/product\/bulk-incense-amber\/"},"modified":"2025-12-30T19:43:44","modified_gmt":"2025-12-30T19:43:44","slug":"lose-raeucherstaebchen-aus-indien-ca-450-st-bernstein","status":"publish","type":"product","link":"https:\/\/aromasentia.com\/de\/lose-raeucherstaebchen-aus-indien-ca-450-st-bernstein\/","title":{"rendered":"Lose R\u00e4ucherst\u00e4bchen aus Indien (ca. 450 St.) Bernstein"},"content":{"rendered":"<p>Bernstein, auch bekannt als Nektar der G\u00f6tter, ist herrlich aromatisch und berauscht die Sinne mit seinem wunderbar reichen Duft. Wegen seines g\u00f6ttlichen Duftes gilt er als heiliges Tempelpulver. Bernstein wird oft zur Meditation, Heilung, Reinigung und zum emotionalen und spirituellen Ausgleich verwendet.<\/p>\n<p>Jede Packung Amber-R\u00e4ucherst\u00e4bchen enth\u00e4lt 500 g, etwa 450 St\u00e4bchen mit einer L\u00e4nge von 25 cm.<\/p>\n","protected":false},"excerpt":{"rendered":"<p>Bernstein, auch bekannt als Nektar der G\u00f6tter, ist herrlich aromatisch und berauscht die Sinne mit seinem wunderbar reichen Duft. Wegen seines g\u00f6ttlichen Duftes gilt er als heiliges Tempelpulver. Bernstein wird oft zur Meditation, Heilung, Reinigung und zum emotionalen und spirituellen Ausgleich verwendet. Jede Packung Amber-R\u00e4ucherst\u00e4bchen enth\u00e4lt 500 g, etwa 450 St\u00e4bchen mit einer L\u00e4nge von [&hellip;]<\/p>\n","protected":false},"featured_media":399599,"comment_status":"closed","ping_status":"open","template":"","meta":{"_angie_page":false},"product_brand":[],"product_cat":[15197,15152],"product_tag":[],"class_list":{"0":"post-223437","1":"product","2":"type-product","3":"status-publish","4":"has-post-thumbnail","6":"product_cat-raucherstabchen","7":"product_cat-raucherwerk-und-rauchergefasse","8":"pa_collection-indian-bulk-incense-approx-450-sticks-de","9":"pa_made-in-indien","11":"first","12":"instock","13":"purchasable","14":"product-type-simple"},"supplier_id":null,"supplier_sku":"BincS-01","barcode":null,"atum_controlled":true,"out_stock_date":null,"out_stock_threshold":null,"inheritable":false,"inbound_stock":null,"stock_on_hold":0,"sold_today":0,"sales_last_days":0,"reserved_stock":null,"customer_returns":null,"warehouse_damage":null,"lost_in_post":null,"other_logs":null,"out_stock_days":0,"lost_sales":0,"has_location":null,"update_date":"2026-04-27T06:55:00","atum_locations":[],"atum_stock_status":"instock","restock_status":false,"low_stock_amount":"","sales_update_date":"2025-10-09T03:26:28","calc_backorders":null,"_links":{"self":[{"href":"https:\/\/aromasentia.com\/de\/wp-json\/wp\/v2\/product\/223437","targetHints":{"allow":["GET"]}}],"collection":[{"href":"https:\/\/aromasentia.com\/de\/wp-json\/wp\/v2\/product"}],"about":[{"href":"https:\/\/aromasentia.com\/de\/wp-json\/wp\/v2\/types\/product"}],"replies":[{"embeddable":true,"href":"https:\/\/aromasentia.com\/de\/wp-json\/wp\/v2\/comments?post=223437"}],"version-history":[{"count":0,"href":"https:\/\/aromasentia.com\/de\/wp-json\/wp\/v2\/product\/223437\/revisions"}],"wp:featuredmedia":[{"embeddable":true,"href":"https:\/\/aromasentia.com\/de\/wp-json\/wp\/v2\/media\/399599"}],"wp:attachment":[{"href":"https:\/\/aromasentia.com\/de\/wp-json\/wp\/v2\/media?parent=223437"}],"wp:term":[{"taxonomy":"product_brand","embeddable":true,"href":"https:\/\/aromasentia.com\/de\/wp-json\/wp\/v2\/product_brand?post=223437"},{"taxonomy":"product_cat","embeddable":true,"href":"https:\/\/aromasentia.com\/de\/wp-json\/wp\/v2\/product_cat?post=223437"},{"taxonomy":"product_tag","embeddable":true,"href":"https:\/\/aromasentia.com\/de\/wp-json\/wp\/v2\/product_tag?post=223437"}],"curies":[{"name":"wp","href":"https:\/\/api.w.org\/{rel}","templated":true}]}}