{"id":223433,"date":"2025-03-23T10:29:53","date_gmt":"2025-03-23T10:29:53","guid":{"rendered":"https:\/\/aromasentia.com\/product\/bulk-incense-cones-ylang-ylang\/"},"modified":"2025-12-30T19:43:44","modified_gmt":"2025-12-30T19:43:44","slug":"ylang-ylang","status":"publish","type":"product","link":"https:\/\/aromasentia.com\/de\/ylang-ylang\/","title":{"rendered":"Ylang Ylang"},"content":{"rendered":"<p>Der exotisch-s\u00fc\u00dfe Duft von Ylang Ylang, der \u201eBlume der Blumen\u201c, wie sie oft genannt wird, kann Ihr Liebesleben aufpeppen. Sie gilt als aphrodisierend, hat aber auch eine beruhigende und entspannende Wirkung. Entdecken und verw\u00f6hnen Sie Ihre Sinne mit diesem kraftvollen R\u00e4ucherwerk!<\/p>\n<p>Diese indischen R\u00e4ucherkegel mit ihrer atemberaubenden Farbe und ihrem exotischen Duft sind ein echter Hingucker. Mit 25 mm H\u00f6he sind sie gr\u00f6\u00dfer als der Durchschnitt.<\/p>\n<p>Z\u00fcnden Sie die Spitze des Kegels an, pusten Sie die Flamme aus und lassen Sie den R\u00e4ucherkegel glimmen, bis der duftende Rauch freigesetzt wird.<\/p>\n","protected":false},"excerpt":{"rendered":"<p>Der exotisch-s\u00fc\u00dfe Duft von Ylang Ylang, der \u201eBlume der Blumen\u201c, wie sie oft genannt wird, kann Ihr Liebesleben aufpeppen. Sie gilt als aphrodisierend, hat aber auch eine beruhigende und entspannende Wirkung. Entdecken und verw\u00f6hnen Sie Ihre Sinne mit diesem kraftvollen R\u00e4ucherwerk! Diese indischen R\u00e4ucherkegel mit ihrer atemberaubenden Farbe und ihrem exotischen Duft sind ein echter [&hellip;]<\/p>\n","protected":false},"featured_media":399590,"comment_status":"closed","ping_status":"open","template":"","meta":{"_angie_page":false},"product_brand":[],"product_cat":[26833,25841,15331,15152,26444],"product_tag":[],"class_list":{"0":"post-223433","1":"product","2":"type-product","3":"status-publish","4":"has-post-thumbnail","6":"product_cat-blumig","7":"product_cat-dufte-aromen","8":"product_cat-raucherkegel","9":"product_cat-raucherwerk-und-rauchergefasse","10":"product_cat-ylang-ylang","11":"pa_collection-indian-bulk-incense-cones-de","12":"pa_made-in-indien","14":"first","15":"outofstock","16":"purchasable","17":"product-type-simple"},"supplier_id":null,"supplier_sku":"BinC-24","barcode":null,"atum_controlled":true,"out_stock_date":"2025-10-20 22:50:42","out_stock_threshold":null,"inheritable":false,"inbound_stock":null,"stock_on_hold":0,"sold_today":0,"sales_last_days":0,"reserved_stock":null,"customer_returns":null,"warehouse_damage":null,"lost_in_post":null,"other_logs":null,"out_stock_days":108,"lost_sales":0,"has_location":null,"update_date":"2026-05-08T05:04:58","atum_locations":[],"atum_stock_status":"outofstock","restock_status":false,"low_stock_amount":"","sales_update_date":"2026-02-06T00:01:15","calc_backorders":null,"_links":{"self":[{"href":"https:\/\/aromasentia.com\/de\/wp-json\/wp\/v2\/product\/223433","targetHints":{"allow":["GET"]}}],"collection":[{"href":"https:\/\/aromasentia.com\/de\/wp-json\/wp\/v2\/product"}],"about":[{"href":"https:\/\/aromasentia.com\/de\/wp-json\/wp\/v2\/types\/product"}],"replies":[{"embeddable":true,"href":"https:\/\/aromasentia.com\/de\/wp-json\/wp\/v2\/comments?post=223433"}],"version-history":[{"count":0,"href":"https:\/\/aromasentia.com\/de\/wp-json\/wp\/v2\/product\/223433\/revisions"}],"wp:featuredmedia":[{"embeddable":true,"href":"https:\/\/aromasentia.com\/de\/wp-json\/wp\/v2\/media\/399590"}],"wp:attachment":[{"href":"https:\/\/aromasentia.com\/de\/wp-json\/wp\/v2\/media?parent=223433"}],"wp:term":[{"taxonomy":"product_brand","embeddable":true,"href":"https:\/\/aromasentia.com\/de\/wp-json\/wp\/v2\/product_brand?post=223433"},{"taxonomy":"product_cat","embeddable":true,"href":"https:\/\/aromasentia.com\/de\/wp-json\/wp\/v2\/product_cat?post=223433"},{"taxonomy":"product_tag","embeddable":true,"href":"https:\/\/aromasentia.com\/de\/wp-json\/wp\/v2\/product_tag?post=223433"}],"curies":[{"name":"wp","href":"https:\/\/api.w.org\/{rel}","templated":true}]}}