{"id":223429,"date":"2025-03-23T10:29:53","date_gmt":"2025-03-23T10:29:53","guid":{"rendered":"https:\/\/aromasentia.com\/product\/bulk-incense-cones-midnight-rose\/"},"modified":"2025-12-30T19:43:44","modified_gmt":"2025-12-30T19:43:44","slug":"mitternachtsrose","status":"publish","type":"product","link":"https:\/\/aromasentia.com\/de\/mitternachtsrose\/","title":{"rendered":"Mitternachtsrose"},"content":{"rendered":"<p>Erwecken Sie Ihre Sinne mit dem reichen und wundersch\u00f6nen Blumenduft von Midnight Rose. Der traditionelle Blumenduft mit angenehm frischen Untert\u00f6nen steigert Liebe, Emotionen und Romantik. Er f\u00f6rdert den Schlaf, reduziert \u00c4rger und vermittelt ein Gef\u00fchl von Frieden und Zuversicht.<\/p>\n<p>Diese indischen R\u00e4ucherkegel mit ihrer erstaunlichen Farbe und ihrem exotischen Duft sind wirklich beeindruckend. Mit 25 mm H\u00f6he sind sie gr\u00f6\u00dfer als der Durchschnitt.<\/p>\n<p>Z\u00fcnden Sie die Spitze des Kegels an, blasen Sie die Flamme aus und lassen Sie den R\u00e4ucherkegel glimmen, bis der mit Duft durchdrungene Rauch freigesetzt wird.<\/p>\n","protected":false},"excerpt":{"rendered":"<p>Erwecken Sie Ihre Sinne mit dem reichen und wundersch\u00f6nen Blumenduft von Midnight Rose. Der traditionelle Blumenduft mit angenehm frischen Untert\u00f6nen steigert Liebe, Emotionen und Romantik. Er f\u00f6rdert den Schlaf, reduziert \u00c4rger und vermittelt ein Gef\u00fchl von Frieden und Zuversicht. Diese indischen R\u00e4ucherkegel mit ihrer erstaunlichen Farbe und ihrem exotischen Duft sind wirklich beeindruckend. Mit 25 [&hellip;]<\/p>\n","protected":false},"featured_media":399581,"comment_status":"closed","ping_status":"open","template":"","meta":[],"product_brand":[],"product_cat":[26833,25841,15331,15152,26370],"product_tag":[],"class_list":{"0":"post-223429","1":"product","2":"type-product","3":"status-publish","4":"has-post-thumbnail","6":"product_cat-blumig","7":"product_cat-dufte-aromen","8":"product_cat-raucherkegel","9":"product_cat-raucherwerk-und-rauchergefasse","10":"product_cat-rosen","11":"pa_collection-indian-bulk-incense-cones-de","12":"pa_made-in-indien","14":"first","15":"outofstock","16":"purchasable","17":"product-type-simple"},"supplier_id":null,"supplier_sku":"BinC-23","barcode":null,"atum_controlled":true,"out_stock_date":"2025-09-04 21:39:52","out_stock_threshold":null,"inheritable":false,"inbound_stock":null,"stock_on_hold":0,"sold_today":0,"sales_last_days":0,"reserved_stock":null,"customer_returns":null,"warehouse_damage":null,"lost_in_post":null,"other_logs":null,"out_stock_days":34,"lost_sales":0,"has_location":null,"update_date":"2026-02-11T18:08:55","atum_locations":[],"atum_stock_status":"outofstock","restock_status":false,"low_stock_amount":"","sales_update_date":"2025-10-09T03:25:49","calc_backorders":null,"_links":{"self":[{"href":"https:\/\/aromasentia.com\/de\/wp-json\/wp\/v2\/product\/223429","targetHints":{"allow":["GET"]}}],"collection":[{"href":"https:\/\/aromasentia.com\/de\/wp-json\/wp\/v2\/product"}],"about":[{"href":"https:\/\/aromasentia.com\/de\/wp-json\/wp\/v2\/types\/product"}],"replies":[{"embeddable":true,"href":"https:\/\/aromasentia.com\/de\/wp-json\/wp\/v2\/comments?post=223429"}],"version-history":[{"count":0,"href":"https:\/\/aromasentia.com\/de\/wp-json\/wp\/v2\/product\/223429\/revisions"}],"wp:featuredmedia":[{"embeddable":true,"href":"https:\/\/aromasentia.com\/de\/wp-json\/wp\/v2\/media\/399581"}],"wp:attachment":[{"href":"https:\/\/aromasentia.com\/de\/wp-json\/wp\/v2\/media?parent=223429"}],"wp:term":[{"taxonomy":"product_brand","embeddable":true,"href":"https:\/\/aromasentia.com\/de\/wp-json\/wp\/v2\/product_brand?post=223429"},{"taxonomy":"product_cat","embeddable":true,"href":"https:\/\/aromasentia.com\/de\/wp-json\/wp\/v2\/product_cat?post=223429"},{"taxonomy":"product_tag","embeddable":true,"href":"https:\/\/aromasentia.com\/de\/wp-json\/wp\/v2\/product_tag?post=223429"}],"curies":[{"name":"wp","href":"https:\/\/api.w.org\/{rel}","templated":true}]}}