{"id":223417,"date":"2025-03-23T10:29:53","date_gmt":"2025-03-23T10:29:53","guid":{"rendered":"https:\/\/aromasentia.com\/product\/bulk-incense-cones-orange-cinnamon\/"},"modified":"2025-12-30T19:43:35","modified_gmt":"2025-12-30T19:43:35","slug":"bulk-incense-cones-orange-cinnamon","status":"publish","type":"product","link":"https:\/\/aromasentia.com\/de\/bulk-incense-cones-orange-cinnamon\/","title":{"rendered":"Bulk  Incense Cones &#8211; Orange &#038; Cinnamon"},"content":{"rendered":"<p>Der s\u00fc\u00df-holzige Duft von Zimt in Kombination mit dem fruchtigen Orangenduft bringt Frische und neue Energie in Ihren Raum. Orangen- und Zimt-R\u00e4ucherst\u00e4bchen heben die Stimmung, machen Manifestationspraktiken oder Zauberspr\u00fcche effizienter und geben K\u00f6rper und Seele neue Vitalit\u00e4t. Wenn Sie dieses R\u00e4ucherst\u00e4bchen anz\u00fcnden, erf\u00fcllen Sie Ihr Zuhause mit der Energie des Erfolgs. Diese indischen R\u00e4ucherkegel mit ihrer atemberaubenden Farbe und ihrem exotischen Duft sind wirklich beeindruckend. Mit 25 mm H\u00f6he sind sie gr\u00f6\u00dfer als der Durchschnitt. Z\u00fcnden Sie die Spitze des Kegels an, blasen Sie die Flamme aus und lassen Sie den R\u00e4ucherkegel glimmen, bis der duftende Rauch freigesetzt wird.<\/p>\n","protected":false},"excerpt":{"rendered":"<p>Der s\u00fc\u00df-holzige Duft von Zimt in Kombination mit dem fruchtigen Orangenduft bringt Frische und neue Energie in Ihren Raum. Orangen- und Zimt-R\u00e4ucherst\u00e4bchen heben die Stimmung, machen Manifestationspraktiken oder Zauberspr\u00fcche effizienter und geben K\u00f6rper und Seele neue Vitalit\u00e4t. Wenn Sie dieses R\u00e4ucherst\u00e4bchen anz\u00fcnden, erf\u00fcllen Sie Ihr Zuhause mit der Energie des Erfolgs. Diese indischen R\u00e4ucherkegel mit [&hellip;]<\/p>\n","protected":false},"featured_media":399554,"comment_status":"closed","ping_status":"open","template":"","meta":{"_angie_page":false},"product_brand":[],"product_cat":[25841,26308,15331,15152,26889,26131,26819],"product_tag":[],"class_list":{"0":"post-223417","1":"product","2":"type-product","3":"status-publish","4":"has-post-thumbnail","6":"product_cat-dufte-aromen","7":"product_cat-orange","8":"product_cat-raucherkegel","9":"product_cat-raucherwerk-und-rauchergefasse","10":"product_cat-wurzig","11":"product_cat-zimt","12":"product_cat-zitrus","13":"pa_collection-indian-bulk-incense-cones-de","14":"pa_made-in-indien","16":"first","17":"instock","18":"purchasable","19":"product-type-simple"},"supplier_id":null,"supplier_sku":"BinC-20","barcode":null,"atum_controlled":true,"out_stock_date":null,"out_stock_threshold":null,"inheritable":false,"inbound_stock":null,"stock_on_hold":0,"sold_today":0,"sales_last_days":0,"reserved_stock":null,"customer_returns":null,"warehouse_damage":null,"lost_in_post":null,"other_logs":null,"out_stock_days":0,"lost_sales":0,"has_location":null,"update_date":"2026-05-08T05:04:58","atum_locations":[],"atum_stock_status":"instock","restock_status":false,"low_stock_amount":"","sales_update_date":"2025-10-09T03:25:49","calc_backorders":null,"_links":{"self":[{"href":"https:\/\/aromasentia.com\/de\/wp-json\/wp\/v2\/product\/223417","targetHints":{"allow":["GET"]}}],"collection":[{"href":"https:\/\/aromasentia.com\/de\/wp-json\/wp\/v2\/product"}],"about":[{"href":"https:\/\/aromasentia.com\/de\/wp-json\/wp\/v2\/types\/product"}],"replies":[{"embeddable":true,"href":"https:\/\/aromasentia.com\/de\/wp-json\/wp\/v2\/comments?post=223417"}],"version-history":[{"count":0,"href":"https:\/\/aromasentia.com\/de\/wp-json\/wp\/v2\/product\/223417\/revisions"}],"wp:featuredmedia":[{"embeddable":true,"href":"https:\/\/aromasentia.com\/de\/wp-json\/wp\/v2\/media\/399554"}],"wp:attachment":[{"href":"https:\/\/aromasentia.com\/de\/wp-json\/wp\/v2\/media?parent=223417"}],"wp:term":[{"taxonomy":"product_brand","embeddable":true,"href":"https:\/\/aromasentia.com\/de\/wp-json\/wp\/v2\/product_brand?post=223417"},{"taxonomy":"product_cat","embeddable":true,"href":"https:\/\/aromasentia.com\/de\/wp-json\/wp\/v2\/product_cat?post=223417"},{"taxonomy":"product_tag","embeddable":true,"href":"https:\/\/aromasentia.com\/de\/wp-json\/wp\/v2\/product_tag?post=223417"}],"curies":[{"name":"wp","href":"https:\/\/api.w.org\/{rel}","templated":true}]}}