{"id":223413,"date":"2025-03-23T10:29:53","date_gmt":"2025-03-23T10:29:53","guid":{"rendered":"https:\/\/aromasentia.com\/product\/bulk-incense-cones-lemon\/"},"modified":"2025-12-30T19:43:35","modified_gmt":"2025-12-30T19:43:35","slug":"zitrone","status":"publish","type":"product","link":"https:\/\/aromasentia.com\/de\/zitrone\/","title":{"rendered":"Zitrone"},"content":{"rendered":"<p>Zitronen-R\u00e4ucherwerk ist ein nat\u00fcrlicher Lufterfrischer. Seine zitronigen Basisnoten und s\u00fc\u00dfen Kopfnoten revitalisieren, stimulieren und energetisieren K\u00f6rper und Geist und bringen Freude. Es wird aufgrund seiner erhebenden Eigenschaften h\u00e4ufig in der Aromatherapie verwendet.<\/p>\n<p>Diese indischen R\u00e4ucherkegel mit ihrer erstaunlichen Farbe und ihrem exotischen Duft sind wirklich beeindruckend. Mit 25 mm H\u00f6he sind sie gr\u00f6\u00dfer als der Durchschnitt.<\/p>\n<p>Z\u00fcnden Sie die Spitze des Kegels an, blasen Sie die Flamme aus und lassen Sie den R\u00e4ucherkegel glimmen, bis der mit Duft durchdrungene Rauch freigesetzt wird.<\/p>\n","protected":false},"excerpt":{"rendered":"<p>Zitronen-R\u00e4ucherwerk ist ein nat\u00fcrlicher Lufterfrischer. Seine zitronigen Basisnoten und s\u00fc\u00dfen Kopfnoten revitalisieren, stimulieren und energetisieren K\u00f6rper und Geist und bringen Freude. Es wird aufgrund seiner erhebenden Eigenschaften h\u00e4ufig in der Aromatherapie verwendet. Diese indischen R\u00e4ucherkegel mit ihrer erstaunlichen Farbe und ihrem exotischen Duft sind wirklich beeindruckend. Mit 25 mm H\u00f6he sind sie gr\u00f6\u00dfer als der [&hellip;]<\/p>\n","protected":false},"featured_media":399545,"comment_status":"closed","ping_status":"open","template":"","meta":{"_angie_page":false},"product_brand":[],"product_cat":[25841,15331,15152,26238,26819],"product_tag":[],"class_list":{"0":"post-223413","1":"product","2":"type-product","3":"status-publish","4":"has-post-thumbnail","6":"product_cat-dufte-aromen","7":"product_cat-raucherkegel","8":"product_cat-raucherwerk-und-rauchergefasse","9":"product_cat-zitrone","10":"product_cat-zitrus","11":"pa_collection-indian-bulk-incense-cones-de","12":"pa_made-in-indien","14":"first","15":"instock","16":"purchasable","17":"product-type-simple"},"supplier_id":null,"supplier_sku":"BinC-19","barcode":null,"atum_controlled":true,"out_stock_date":null,"out_stock_threshold":null,"inheritable":false,"inbound_stock":null,"stock_on_hold":0,"sold_today":0,"sales_last_days":0,"reserved_stock":null,"customer_returns":null,"warehouse_damage":null,"lost_in_post":null,"other_logs":null,"out_stock_days":0,"lost_sales":0,"has_location":null,"update_date":"2026-05-08T05:04:58","atum_locations":[],"atum_stock_status":"instock","restock_status":false,"low_stock_amount":"","sales_update_date":"2026-01-30T01:24:23","calc_backorders":null,"_links":{"self":[{"href":"https:\/\/aromasentia.com\/de\/wp-json\/wp\/v2\/product\/223413","targetHints":{"allow":["GET"]}}],"collection":[{"href":"https:\/\/aromasentia.com\/de\/wp-json\/wp\/v2\/product"}],"about":[{"href":"https:\/\/aromasentia.com\/de\/wp-json\/wp\/v2\/types\/product"}],"replies":[{"embeddable":true,"href":"https:\/\/aromasentia.com\/de\/wp-json\/wp\/v2\/comments?post=223413"}],"version-history":[{"count":0,"href":"https:\/\/aromasentia.com\/de\/wp-json\/wp\/v2\/product\/223413\/revisions"}],"wp:featuredmedia":[{"embeddable":true,"href":"https:\/\/aromasentia.com\/de\/wp-json\/wp\/v2\/media\/399545"}],"wp:attachment":[{"href":"https:\/\/aromasentia.com\/de\/wp-json\/wp\/v2\/media?parent=223413"}],"wp:term":[{"taxonomy":"product_brand","embeddable":true,"href":"https:\/\/aromasentia.com\/de\/wp-json\/wp\/v2\/product_brand?post=223413"},{"taxonomy":"product_cat","embeddable":true,"href":"https:\/\/aromasentia.com\/de\/wp-json\/wp\/v2\/product_cat?post=223413"},{"taxonomy":"product_tag","embeddable":true,"href":"https:\/\/aromasentia.com\/de\/wp-json\/wp\/v2\/product_tag?post=223413"}],"curies":[{"name":"wp","href":"https:\/\/api.w.org\/{rel}","templated":true}]}}