{"id":223377,"date":"2025-03-23T10:29:53","date_gmt":"2025-03-23T10:29:53","guid":{"rendered":"https:\/\/aromasentia.com\/product\/bulk-incense-cones-vertiver-gold\/"},"modified":"2025-12-30T19:43:27","modified_gmt":"2025-12-30T19:43:27","slug":"goldenes-vetivergras","status":"publish","type":"product","link":"https:\/\/aromasentia.com\/de\/goldenes-vetivergras\/","title":{"rendered":"Goldenes Vetivergras"},"content":{"rendered":"<p>Der Duft von Vetiver-R\u00e4ucherwerk wirkt wie ein nat\u00fcrlicher Stresskiller. Seine holzigen und s\u00fc\u00dfen Noten erfrischen Sie nach einem langen, anstrengenden Tag. Vetiverduft kann Stress abbauen, \u00c4ngste bek\u00e4mpfen und Schlaflosigkeit lindern. Er wirkt antibakteriell, k\u00fchlt und beruhigt die Atmosph\u00e4re. Diese indischen R\u00e4ucherkegel mit ihrer atemberaubenden Farbe und ihrem exotischen Duft sind ein echter Hingucker. Mit 25 mm H\u00f6he sind sie gr\u00f6\u00dfer als der Durchschnitt. Z\u00fcnden Sie die Spitze des Kegels an, blasen Sie die Flamme aus und lassen Sie den R\u00e4ucherkegel glimmen, bis der duftende Rauch freigesetzt wird.<\/p>\n","protected":false},"excerpt":{"rendered":"<p>Der Duft von Vetiver-R\u00e4ucherwerk wirkt wie ein nat\u00fcrlicher Stresskiller. Seine holzigen und s\u00fc\u00dfen Noten erfrischen Sie nach einem langen, anstrengenden Tag. Vetiverduft kann Stress abbauen, \u00c4ngste bek\u00e4mpfen und Schlaflosigkeit lindern. Er wirkt antibakteriell, k\u00fchlt und beruhigt die Atmosph\u00e4re. Diese indischen R\u00e4ucherkegel mit ihrer atemberaubenden Farbe und ihrem exotischen Duft sind ein echter Hingucker. Mit 25 [&hellip;]<\/p>\n","protected":false},"featured_media":399464,"comment_status":"closed","ping_status":"open","template":"","meta":{"_angie_page":false},"product_brand":[],"product_cat":[15331,15152],"product_tag":[],"class_list":{"0":"post-223377","1":"product","2":"type-product","3":"status-publish","4":"has-post-thumbnail","6":"product_cat-raucherkegel","7":"product_cat-raucherwerk-und-rauchergefasse","8":"pa_collection-indian-bulk-incense-cones-de","9":"pa_made-in-indien","11":"first","12":"instock","13":"purchasable","14":"product-type-simple"},"supplier_id":null,"supplier_sku":"BinC-10","barcode":null,"atum_controlled":true,"out_stock_date":null,"out_stock_threshold":null,"inheritable":false,"inbound_stock":null,"stock_on_hold":0,"sold_today":0,"sales_last_days":0,"reserved_stock":null,"customer_returns":null,"warehouse_damage":null,"lost_in_post":null,"other_logs":null,"out_stock_days":0,"lost_sales":0,"has_location":null,"update_date":"2026-05-08T00:08:50","atum_locations":[],"atum_stock_status":"instock","restock_status":false,"low_stock_amount":"","sales_update_date":"2026-02-06T00:01:20","calc_backorders":null,"_links":{"self":[{"href":"https:\/\/aromasentia.com\/de\/wp-json\/wp\/v2\/product\/223377","targetHints":{"allow":["GET"]}}],"collection":[{"href":"https:\/\/aromasentia.com\/de\/wp-json\/wp\/v2\/product"}],"about":[{"href":"https:\/\/aromasentia.com\/de\/wp-json\/wp\/v2\/types\/product"}],"replies":[{"embeddable":true,"href":"https:\/\/aromasentia.com\/de\/wp-json\/wp\/v2\/comments?post=223377"}],"version-history":[{"count":0,"href":"https:\/\/aromasentia.com\/de\/wp-json\/wp\/v2\/product\/223377\/revisions"}],"wp:featuredmedia":[{"embeddable":true,"href":"https:\/\/aromasentia.com\/de\/wp-json\/wp\/v2\/media\/399464"}],"wp:attachment":[{"href":"https:\/\/aromasentia.com\/de\/wp-json\/wp\/v2\/media?parent=223377"}],"wp:term":[{"taxonomy":"product_brand","embeddable":true,"href":"https:\/\/aromasentia.com\/de\/wp-json\/wp\/v2\/product_brand?post=223377"},{"taxonomy":"product_cat","embeddable":true,"href":"https:\/\/aromasentia.com\/de\/wp-json\/wp\/v2\/product_cat?post=223377"},{"taxonomy":"product_tag","embeddable":true,"href":"https:\/\/aromasentia.com\/de\/wp-json\/wp\/v2\/product_tag?post=223377"}],"curies":[{"name":"wp","href":"https:\/\/api.w.org\/{rel}","templated":true}]}}