{"id":223365,"date":"2025-03-23T10:29:53","date_gmt":"2025-03-23T10:29:53","guid":{"rendered":"https:\/\/aromasentia.com\/product\/bulk-incense-cones-jasmine\/"},"modified":"2025-12-30T19:43:27","modified_gmt":"2025-12-30T19:43:27","slug":"jasmin","status":"publish","type":"product","link":"https:\/\/aromasentia.com\/de\/jasmin\/","title":{"rendered":"Jasmin"},"content":{"rendered":"<p>Das Wort \u201eJasmin\u201c bedeutet \u201eGeschenk Gottes\u201c. Die Jasminbl\u00fcte gilt als eine der kraftvollsten Blumen in Zauberei und Magie. Ihr sinnlicher Duft ist unverkennbar, und es gibt viele M\u00f6glichkeiten, Jasmin in Rituale und Zauber einzubinden. Jasmin mit seinem berauschenden Duft weckt Gef\u00fchle der Leidenschaft und ist das perfekte Werkzeug f\u00fcr einen Liebeszauber. Seine beruhigenden und sinnlichen Eigenschaften wirken auf den Geist und wecken Sinnlichkeit.<\/p>\n<p>Diese indischen R\u00e4ucherkegel mit ihrer erstaunlichen Farbe und ihrem exotischen Duft sind wirklich beeindruckend. Mit 25 mm H\u00f6he sind sie gr\u00f6\u00dfer als der Durchschnitt.<\/p>\n<p>Z\u00fcnden Sie die Spitze des Kegels an, blasen Sie die Flamme aus und lassen Sie den R\u00e4ucherkegel glimmen, bis der duftende Rauch freigesetzt wird.<\/p>\n","protected":false},"excerpt":{"rendered":"<p>Das Wort \u201eJasmin\u201c bedeutet \u201eGeschenk Gottes\u201c. Die Jasminbl\u00fcte gilt als eine der kraftvollsten Blumen in Zauberei und Magie. Ihr sinnlicher Duft ist unverkennbar, und es gibt viele M\u00f6glichkeiten, Jasmin in Rituale und Zauber einzubinden. Jasmin mit seinem berauschenden Duft weckt Gef\u00fchle der Leidenschaft und ist das perfekte Werkzeug f\u00fcr einen Liebeszauber. Seine beruhigenden und sinnlichen [&hellip;]<\/p>\n","protected":false},"featured_media":399437,"comment_status":"closed","ping_status":"open","template":"","meta":[],"product_brand":[],"product_cat":[26833,25841,26224,15331,15152],"product_tag":[],"class_list":{"0":"post-223365","1":"product","2":"type-product","3":"status-publish","4":"has-post-thumbnail","6":"product_cat-blumig","7":"product_cat-dufte-aromen","8":"product_cat-jasmin","9":"product_cat-raucherkegel","10":"product_cat-raucherwerk-und-rauchergefasse","11":"pa_collection-indian-bulk-incense-cones-de","12":"pa_made-in-indien","14":"first","15":"outofstock","16":"purchasable","17":"product-type-simple"},"supplier_id":null,"supplier_sku":"BinC-07","barcode":null,"atum_controlled":true,"out_stock_date":"2025-09-04 21:39:09","out_stock_threshold":null,"inheritable":false,"inbound_stock":null,"stock_on_hold":0,"sold_today":0,"sales_last_days":0,"reserved_stock":null,"customer_returns":null,"warehouse_damage":null,"lost_in_post":null,"other_logs":null,"out_stock_days":34,"lost_sales":0,"has_location":null,"update_date":"2026-02-11T09:34:33","atum_locations":[],"atum_stock_status":"outofstock","restock_status":false,"low_stock_amount":"","sales_update_date":"2025-10-09T03:25:47","calc_backorders":null,"_links":{"self":[{"href":"https:\/\/aromasentia.com\/de\/wp-json\/wp\/v2\/product\/223365","targetHints":{"allow":["GET"]}}],"collection":[{"href":"https:\/\/aromasentia.com\/de\/wp-json\/wp\/v2\/product"}],"about":[{"href":"https:\/\/aromasentia.com\/de\/wp-json\/wp\/v2\/types\/product"}],"replies":[{"embeddable":true,"href":"https:\/\/aromasentia.com\/de\/wp-json\/wp\/v2\/comments?post=223365"}],"version-history":[{"count":0,"href":"https:\/\/aromasentia.com\/de\/wp-json\/wp\/v2\/product\/223365\/revisions"}],"wp:featuredmedia":[{"embeddable":true,"href":"https:\/\/aromasentia.com\/de\/wp-json\/wp\/v2\/media\/399437"}],"wp:attachment":[{"href":"https:\/\/aromasentia.com\/de\/wp-json\/wp\/v2\/media?parent=223365"}],"wp:term":[{"taxonomy":"product_brand","embeddable":true,"href":"https:\/\/aromasentia.com\/de\/wp-json\/wp\/v2\/product_brand?post=223365"},{"taxonomy":"product_cat","embeddable":true,"href":"https:\/\/aromasentia.com\/de\/wp-json\/wp\/v2\/product_cat?post=223365"},{"taxonomy":"product_tag","embeddable":true,"href":"https:\/\/aromasentia.com\/de\/wp-json\/wp\/v2\/product_tag?post=223365"}],"curies":[{"name":"wp","href":"https:\/\/api.w.org\/{rel}","templated":true}]}}