{"id":223353,"date":"2025-03-23T10:29:53","date_gmt":"2025-03-23T10:29:53","guid":{"rendered":"https:\/\/aromasentia.com\/product\/bulk-incense-cones-dragons-blood\/"},"modified":"2025-12-30T19:43:27","modified_gmt":"2025-12-30T19:43:27","slug":"drachenblut","status":"publish","type":"product","link":"https:\/\/aromasentia.com\/de\/drachenblut\/","title":{"rendered":"Drachenblut"},"content":{"rendered":"<p>Drachenblut-R\u00e4ucherst\u00e4bchen werden aus dem leuchtend roten Harz verschiedener tropischer B\u00e4ume, genannt Drachenb\u00e4ume, wie Kroton oder Dracaena, hergestellt. Drachenblut verstr\u00f6mt ein unverwechselbares Aroma. Der Duft ist s\u00fc\u00df und sanft, \u00e4hnlich wie Bernstein. Drachenblut-R\u00e4ucherst\u00e4bchen k\u00f6nnen Sie zum Schutz Ihres Zuhauses verwenden, es ist aber auch f\u00fcr seine beruhigende Wirkung bekannt.&nbsp;<\/p>\n<p>Diese indischen R\u00e4ucherkegel mit ihrer atemberaubenden Farbe und ihrem exotischen Duft sind wirklich beeindruckend. Mit 25 mm H\u00f6he sind sie gr\u00f6\u00dfer als der Durchschnitt.&nbsp;<\/p>\n<p>Z\u00fcnden Sie die Spitze des Kegels an, blasen Sie die Flamme aus und lassen Sie den R\u00e4ucherkegel glimmen, bis der duftende Rauch freigesetzt wird.<\/p>\n","protected":false},"excerpt":{"rendered":"<p>Drachenblut-R\u00e4ucherst\u00e4bchen werden aus dem leuchtend roten Harz verschiedener tropischer B\u00e4ume, genannt Drachenb\u00e4ume, wie Kroton oder Dracaena, hergestellt. Drachenblut verstr\u00f6mt ein unverwechselbares Aroma. Der Duft ist s\u00fc\u00df und sanft, \u00e4hnlich wie Bernstein. Drachenblut-R\u00e4ucherst\u00e4bchen k\u00f6nnen Sie zum Schutz Ihres Zuhauses verwenden, es ist aber auch f\u00fcr seine beruhigende Wirkung bekannt.&nbsp; Diese indischen R\u00e4ucherkegel mit ihrer atemberaubenden Farbe [&hellip;]<\/p>\n","protected":false},"featured_media":399410,"comment_status":"closed","ping_status":"open","template":"","meta":{"_angie_page":false},"product_brand":[],"product_cat":[15331,15152],"product_tag":[],"class_list":{"0":"post-223353","1":"product","2":"type-product","3":"status-publish","4":"has-post-thumbnail","6":"product_cat-raucherkegel","7":"product_cat-raucherwerk-und-rauchergefasse","8":"pa_collection-indian-bulk-incense-cones-de","9":"pa_made-in-indien","11":"first","12":"outofstock","13":"purchasable","14":"product-type-simple"},"supplier_id":null,"supplier_sku":"BinC-04","barcode":null,"atum_controlled":true,"out_stock_date":"2025-09-04 21:39:01","out_stock_threshold":null,"inheritable":false,"inbound_stock":null,"stock_on_hold":0,"sold_today":0,"sales_last_days":0,"reserved_stock":null,"customer_returns":null,"warehouse_damage":null,"lost_in_post":null,"other_logs":null,"out_stock_days":34,"lost_sales":0,"has_location":null,"update_date":"2026-04-27T06:54:09","atum_locations":[],"atum_stock_status":"outofstock","restock_status":false,"low_stock_amount":"","sales_update_date":"2025-10-09T03:25:45","calc_backorders":null,"_links":{"self":[{"href":"https:\/\/aromasentia.com\/de\/wp-json\/wp\/v2\/product\/223353","targetHints":{"allow":["GET"]}}],"collection":[{"href":"https:\/\/aromasentia.com\/de\/wp-json\/wp\/v2\/product"}],"about":[{"href":"https:\/\/aromasentia.com\/de\/wp-json\/wp\/v2\/types\/product"}],"replies":[{"embeddable":true,"href":"https:\/\/aromasentia.com\/de\/wp-json\/wp\/v2\/comments?post=223353"}],"version-history":[{"count":0,"href":"https:\/\/aromasentia.com\/de\/wp-json\/wp\/v2\/product\/223353\/revisions"}],"wp:featuredmedia":[{"embeddable":true,"href":"https:\/\/aromasentia.com\/de\/wp-json\/wp\/v2\/media\/399410"}],"wp:attachment":[{"href":"https:\/\/aromasentia.com\/de\/wp-json\/wp\/v2\/media?parent=223353"}],"wp:term":[{"taxonomy":"product_brand","embeddable":true,"href":"https:\/\/aromasentia.com\/de\/wp-json\/wp\/v2\/product_brand?post=223353"},{"taxonomy":"product_cat","embeddable":true,"href":"https:\/\/aromasentia.com\/de\/wp-json\/wp\/v2\/product_cat?post=223353"},{"taxonomy":"product_tag","embeddable":true,"href":"https:\/\/aromasentia.com\/de\/wp-json\/wp\/v2\/product_tag?post=223353"}],"curies":[{"name":"wp","href":"https:\/\/api.w.org\/{rel}","templated":true}]}}