{"id":223317,"date":"2025-03-23T10:29:53","date_gmt":"2025-03-23T10:29:53","guid":{"rendered":"https:\/\/aromasentia.com\/product\/brass-carved-charcoal-incense-jar-with-coaster\/"},"modified":"2025-12-30T19:43:19","modified_gmt":"2025-12-30T19:43:19","slug":"raeuchergefaess-aus-geschnitzter-holzkohle-mit-untersetzer-aus-messing","status":"publish","type":"product","link":"https:\/\/aromasentia.com\/de\/raeuchergefaess-aus-geschnitzter-holzkohle-mit-untersetzer-aus-messing\/","title":{"rendered":"R\u00e4uchergef\u00e4\u00df aus geschnitzter Holzkohle mit Untersetzer aus Messing"},"content":{"rendered":"<p><span style=\"color: rgb(75, 80, 88);\">Lassen Sie das Aroma mit diesen traditionellen Messingbrennern sanft str\u00f6men. Aus der alten Messingstadt Moradabad in Indien, wo diese Gegenst\u00e4nde seit Generationen hergestellt und verwendet werden.&nbsp;<\/span><\/p>\n<p><span style=\"color: rgb(75, 80, 88);\">Dieses <strong>R\u00e4uchergef\u00e4\u00df aus geschnitztem Messing mit Holzkohle<\/strong> wird direkt von einem handwerklichen Familienbetrieb in Morodabad importiert, sodass Sie sicher sein k\u00f6nnen, dass diese R\u00e4uchergef\u00e4\u00dfe authentisch und preisg\u00fcnstig sind.&nbsp;<\/span><\/p>\n<p><span style=\"color: rgb(75, 80, 88);\">Besuchen Sie unsere <\/span><a href=\"https:\/\/aromasentia.com\/incense\"><span style=\"color: rgb(149, 122, 101);\"><strong>Seite der R\u00e4ucherst\u00e4bchenabteilung<\/strong><\/span><\/a><span style=\"color: rgb(75, 80, 88);\"> f\u00fcr die beste Auswahl an R\u00e4ucherst\u00e4bchen. R\u00e4ucherkegel und R\u00e4ucherst\u00e4bchenhalter.&nbsp;<\/span><\/p>\n<p><span style=\"color: rgb(149, 122, 101);\"><a href=\"https:\/\/aromasentia.com\/resin-22c\"><strong>Holzkohle hier kaufen<\/strong><\/a><strong>&nbsp;<\/strong><\/span><\/p>\n<p><strong><span style=\"color: rgb(184, 49, 47);\">WARNUNG<\/span><\/strong>:<span style=\"color: rgb(75, 80, 88);\"><strong>&nbsp;Alle Arten von R\u00e4uchergef\u00e4\u00dfen werden bei Gebrauch sehr hei\u00df. Stellen Sie sie daher auf eine flache, stabile und hitzebest\u00e4ndige Oberfl\u00e4che und halten Sie sie von brennbaren Gegenst\u00e4nden fern.<\/strong><\/span><\/p>\n","protected":false},"excerpt":{"rendered":"<p>Lassen Sie das Aroma mit diesen traditionellen Messingbrennern sanft str\u00f6men. Aus der alten Messingstadt Moradabad in Indien, wo diese Gegenst\u00e4nde seit Generationen hergestellt und verwendet werden.&nbsp; Dieses R\u00e4uchergef\u00e4\u00df aus geschnitztem Messing mit Holzkohle wird direkt von einem handwerklichen Familienbetrieb in Morodabad importiert, sodass Sie sicher sein k\u00f6nnen, dass diese R\u00e4uchergef\u00e4\u00dfe authentisch und preisg\u00fcnstig sind.&nbsp; Besuchen [&hellip;]<\/p>\n","protected":false},"featured_media":399193,"comment_status":"closed","ping_status":"open","template":"","meta":{"_angie_page":false},"product_brand":[],"product_cat":[15153,15152],"product_tag":[],"class_list":{"0":"post-223317","1":"product","2":"type-product","3":"status-publish","4":"has-post-thumbnail","6":"product_cat-rauchergefasse-und-raucherstabchenhalter","7":"product_cat-raucherwerk-und-rauchergefasse","8":"pa_collection-traditional-brass-incense-burners-de","9":"pa_made-in-indien","11":"first","12":"outofstock","13":"purchasable","14":"product-type-simple"},"supplier_id":null,"supplier_sku":"BIB-13","barcode":null,"atum_controlled":true,"out_stock_date":"2026-04-25 16:31:38","out_stock_threshold":null,"inheritable":false,"inbound_stock":null,"stock_on_hold":0,"sold_today":0,"sales_last_days":0,"reserved_stock":null,"customer_returns":null,"warehouse_damage":null,"lost_in_post":null,"other_logs":null,"out_stock_days":0,"lost_sales":0,"has_location":null,"update_date":"2026-04-27T06:54:02","atum_locations":[],"atum_stock_status":"outofstock","restock_status":false,"low_stock_amount":"","sales_update_date":"2026-01-30T01:24:52","calc_backorders":null,"_links":{"self":[{"href":"https:\/\/aromasentia.com\/de\/wp-json\/wp\/v2\/product\/223317","targetHints":{"allow":["GET"]}}],"collection":[{"href":"https:\/\/aromasentia.com\/de\/wp-json\/wp\/v2\/product"}],"about":[{"href":"https:\/\/aromasentia.com\/de\/wp-json\/wp\/v2\/types\/product"}],"replies":[{"embeddable":true,"href":"https:\/\/aromasentia.com\/de\/wp-json\/wp\/v2\/comments?post=223317"}],"version-history":[{"count":0,"href":"https:\/\/aromasentia.com\/de\/wp-json\/wp\/v2\/product\/223317\/revisions"}],"wp:featuredmedia":[{"embeddable":true,"href":"https:\/\/aromasentia.com\/de\/wp-json\/wp\/v2\/media\/399193"}],"wp:attachment":[{"href":"https:\/\/aromasentia.com\/de\/wp-json\/wp\/v2\/media?parent=223317"}],"wp:term":[{"taxonomy":"product_brand","embeddable":true,"href":"https:\/\/aromasentia.com\/de\/wp-json\/wp\/v2\/product_brand?post=223317"},{"taxonomy":"product_cat","embeddable":true,"href":"https:\/\/aromasentia.com\/de\/wp-json\/wp\/v2\/product_cat?post=223317"},{"taxonomy":"product_tag","embeddable":true,"href":"https:\/\/aromasentia.com\/de\/wp-json\/wp\/v2\/product_tag?post=223317"}],"curies":[{"name":"wp","href":"https:\/\/api.w.org\/{rel}","templated":true}]}}