{"id":223293,"date":"2025-03-23T10:29:53","date_gmt":"2025-03-23T10:29:53","guid":{"rendered":"https:\/\/aromasentia.com\/product\/ornate-censer-incense-burner\/"},"modified":"2025-12-30T19:43:11","modified_gmt":"2025-12-30T19:43:11","slug":"raeuchergefaess-mit-ornament","status":"publish","type":"product","link":"https:\/\/aromasentia.com\/de\/raeuchergefaess-mit-ornament\/","title":{"rendered":"R\u00e4uchergef\u00e4\u00df mit Ornament"},"content":{"rendered":"<p>Ein R\u00e4uchergef\u00e4\u00df aus Messing mit Siebdeckel ist ideal f\u00fcr die meisten R\u00e4ucherarten. Es eignet sich auch f\u00fcr Kohletabletten. F\u00fcllen Sie den Boden einfach mit Sand oder Asche, geben Sie eine Kohletablette hinein und verbrennen Sie Ihr Lieblings-Harz-R\u00e4ucherwerk. Das R\u00e4uchergef\u00e4\u00df verf\u00fcgt \u00fcber einen abnehmbaren Holzgriff zum Transportieren, wenn Sie das R\u00e4ucherwerk von Raum zu Raum mitnehmen m\u00f6chten.&nbsp;<\/p>\n<p>WARNUNG: R\u00e4uchergef\u00e4\u00dfe werden beim Gebrauch hei\u00df. Stellen Sie sie daher auf eine ebene, stabile und hitzebest\u00e4ndige Oberfl\u00e4che und halten Sie sie von Kindern fern.<\/p>\n","protected":false},"excerpt":{"rendered":"<p>Ein R\u00e4uchergef\u00e4\u00df aus Messing mit Siebdeckel ist ideal f\u00fcr die meisten R\u00e4ucherarten. Es eignet sich auch f\u00fcr Kohletabletten. F\u00fcllen Sie den Boden einfach mit Sand oder Asche, geben Sie eine Kohletablette hinein und verbrennen Sie Ihr Lieblings-Harz-R\u00e4ucherwerk. Das R\u00e4uchergef\u00e4\u00df verf\u00fcgt \u00fcber einen abnehmbaren Holzgriff zum Transportieren, wenn Sie das R\u00e4ucherwerk von Raum zu Raum mitnehmen [&hellip;]<\/p>\n","protected":false},"featured_media":398883,"comment_status":"closed","ping_status":"open","template":"","meta":{"_angie_page":false},"product_brand":[],"product_cat":[15153,15152],"product_tag":[],"class_list":{"0":"post-223293","1":"product","2":"type-product","3":"status-publish","4":"has-post-thumbnail","6":"product_cat-rauchergefasse-und-raucherstabchenhalter","7":"product_cat-raucherwerk-und-rauchergefasse","8":"pa_collection-traditional-brass-incense-burners-de","9":"pa_made-in-indien","11":"first","12":"outofstock","13":"purchasable","14":"product-type-simple"},"supplier_id":null,"supplier_sku":"BIB-05","barcode":null,"atum_controlled":true,"out_stock_date":"2025-09-04 21:38:23","out_stock_threshold":null,"inheritable":false,"inbound_stock":null,"stock_on_hold":0,"sold_today":0,"sales_last_days":0,"reserved_stock":null,"customer_returns":null,"warehouse_damage":null,"lost_in_post":null,"other_logs":null,"out_stock_days":34,"lost_sales":0,"has_location":null,"update_date":"2026-04-27T06:54:02","atum_locations":[],"atum_stock_status":"outofstock","restock_status":false,"low_stock_amount":"","sales_update_date":"2025-10-09T03:25:42","calc_backorders":null,"_links":{"self":[{"href":"https:\/\/aromasentia.com\/de\/wp-json\/wp\/v2\/product\/223293","targetHints":{"allow":["GET"]}}],"collection":[{"href":"https:\/\/aromasentia.com\/de\/wp-json\/wp\/v2\/product"}],"about":[{"href":"https:\/\/aromasentia.com\/de\/wp-json\/wp\/v2\/types\/product"}],"replies":[{"embeddable":true,"href":"https:\/\/aromasentia.com\/de\/wp-json\/wp\/v2\/comments?post=223293"}],"version-history":[{"count":0,"href":"https:\/\/aromasentia.com\/de\/wp-json\/wp\/v2\/product\/223293\/revisions"}],"wp:featuredmedia":[{"embeddable":true,"href":"https:\/\/aromasentia.com\/de\/wp-json\/wp\/v2\/media\/398883"}],"wp:attachment":[{"href":"https:\/\/aromasentia.com\/de\/wp-json\/wp\/v2\/media?parent=223293"}],"wp:term":[{"taxonomy":"product_brand","embeddable":true,"href":"https:\/\/aromasentia.com\/de\/wp-json\/wp\/v2\/product_brand?post=223293"},{"taxonomy":"product_cat","embeddable":true,"href":"https:\/\/aromasentia.com\/de\/wp-json\/wp\/v2\/product_cat?post=223293"},{"taxonomy":"product_tag","embeddable":true,"href":"https:\/\/aromasentia.com\/de\/wp-json\/wp\/v2\/product_tag?post=223293"}],"curies":[{"name":"wp","href":"https:\/\/api.w.org\/{rel}","templated":true}]}}