{"id":223281,"date":"2025-03-23T10:29:53","date_gmt":"2025-03-23T10:29:53","guid":{"rendered":"https:\/\/aromasentia.com\/product\/med-incense-burner\/"},"modified":"2025-12-30T19:43:11","modified_gmt":"2025-12-30T19:43:11","slug":"raeucherstaebchenhalter-medium","status":"publish","type":"product","link":"https:\/\/aromasentia.com\/de\/raeucherstaebchenhalter-medium\/","title":{"rendered":"R\u00e4ucherst\u00e4bchenhalter -medium-"},"content":{"rendered":"<p>Ein Messing-R\u00e4uchergef\u00e4\u00df mit Siebdeckel ist ideal f\u00fcr die meisten R\u00e4ucherst\u00e4bchen. Dieses mittelgro\u00dfe R\u00e4uchergef\u00e4\u00df bietet eine kompakte Aufbewahrungsm\u00f6glichkeit f\u00fcr Ihre R\u00e4ucherst\u00e4bchen.<\/p>\n<p>WARNUNG: Stellen Sie das R\u00e4uchergef\u00e4\u00df auf eine ebene, stabile und hitzebest\u00e4ndige Oberfl\u00e4che und halten Sie es von Kindern fern.<\/p>\n","protected":false},"excerpt":{"rendered":"<p>Ein Messing-R\u00e4uchergef\u00e4\u00df mit Siebdeckel ist ideal f\u00fcr die meisten R\u00e4ucherst\u00e4bchen. Dieses mittelgro\u00dfe R\u00e4uchergef\u00e4\u00df bietet eine kompakte Aufbewahrungsm\u00f6glichkeit f\u00fcr Ihre R\u00e4ucherst\u00e4bchen. WARNUNG: Stellen Sie das R\u00e4uchergef\u00e4\u00df auf eine ebene, stabile und hitzebest\u00e4ndige Oberfl\u00e4che und halten Sie es von Kindern fern.<\/p>\n","protected":false},"featured_media":398736,"comment_status":"closed","ping_status":"open","template":"","meta":{"_angie_page":false},"product_brand":[],"product_cat":[15153,15152],"product_tag":[],"class_list":{"0":"post-223281","1":"product","2":"type-product","3":"status-publish","4":"has-post-thumbnail","6":"product_cat-rauchergefasse-und-raucherstabchenhalter","7":"product_cat-raucherwerk-und-rauchergefasse","8":"pa_collection-traditional-brass-incense-burners-de","9":"pa_made-in-indien","11":"first","12":"outofstock","13":"purchasable","14":"product-type-simple"},"supplier_id":null,"supplier_sku":"BIB-02","barcode":null,"atum_controlled":true,"out_stock_date":"2025-09-04 21:38:16","out_stock_threshold":null,"inheritable":false,"inbound_stock":null,"stock_on_hold":0,"sold_today":0,"sales_last_days":0,"reserved_stock":null,"customer_returns":null,"warehouse_damage":null,"lost_in_post":null,"other_logs":null,"out_stock_days":34,"lost_sales":0,"has_location":null,"update_date":"2026-04-29T06:53:35","atum_locations":[],"atum_stock_status":"outofstock","restock_status":false,"low_stock_amount":"","sales_update_date":"2025-10-09T03:25:41","calc_backorders":null,"_links":{"self":[{"href":"https:\/\/aromasentia.com\/de\/wp-json\/wp\/v2\/product\/223281","targetHints":{"allow":["GET"]}}],"collection":[{"href":"https:\/\/aromasentia.com\/de\/wp-json\/wp\/v2\/product"}],"about":[{"href":"https:\/\/aromasentia.com\/de\/wp-json\/wp\/v2\/types\/product"}],"replies":[{"embeddable":true,"href":"https:\/\/aromasentia.com\/de\/wp-json\/wp\/v2\/comments?post=223281"}],"version-history":[{"count":0,"href":"https:\/\/aromasentia.com\/de\/wp-json\/wp\/v2\/product\/223281\/revisions"}],"wp:featuredmedia":[{"embeddable":true,"href":"https:\/\/aromasentia.com\/de\/wp-json\/wp\/v2\/media\/398736"}],"wp:attachment":[{"href":"https:\/\/aromasentia.com\/de\/wp-json\/wp\/v2\/media?parent=223281"}],"wp:term":[{"taxonomy":"product_brand","embeddable":true,"href":"https:\/\/aromasentia.com\/de\/wp-json\/wp\/v2\/product_brand?post=223281"},{"taxonomy":"product_cat","embeddable":true,"href":"https:\/\/aromasentia.com\/de\/wp-json\/wp\/v2\/product_cat?post=223281"},{"taxonomy":"product_tag","embeddable":true,"href":"https:\/\/aromasentia.com\/de\/wp-json\/wp\/v2\/product_tag?post=223281"}],"curies":[{"name":"wp","href":"https:\/\/api.w.org\/{rel}","templated":true}]}}