{"id":223257,"date":"2025-03-23T10:29:53","date_gmt":"2025-03-23T10:29:53","guid":{"rendered":"https:\/\/aromasentia.com\/product\/chakra-tall-charcoal-incense-jar-throat\/"},"modified":"2025-12-30T19:43:03","modified_gmt":"2025-12-30T19:43:03","slug":"chakra-tall-charcoal-incense-jar-throat","status":"publish","type":"product","link":"https:\/\/aromasentia.com\/de\/chakra-tall-charcoal-incense-jar-throat\/","title":{"rendered":"Chakra Tall Charcoal Incense Jar &#8211; Throat"},"content":{"rendered":"<p>R\u00e4uchergef\u00e4\u00df aus Holzkohle in sch\u00f6ner dunkelblauer Farbe, mit einem etwas h\u00f6heren Boden. Verziert mit goldenen Mustern, handgefertigt in Indien. Dieses R\u00e4uchergef\u00e4\u00df kann bei Ritualen zur Reinigung oder Aktivierung des Kehlchakras verwendet werden.<\/p>\n<p>Das R\u00e4uchergef\u00e4\u00df ist f\u00fcr die Verwendung von Harz und Kohletabletten bestimmt. Legen Sie diese einfach auf den abnehmbaren Rost, so dass die Asche in den Beh\u00e4lter f\u00e4llt.<\/p>\n<p><em>ACHTUNG: R\u00e4uchergef\u00e4\u00dfe werden sehr hei\u00df, stellen Sie sie daher immer auf eine hitzebest\u00e4ndige Unterlage und ber\u00fchren Sie sie nicht, wenn sie in Gebrauch sind. Halten Sie sie von brennbaren Gegenst\u00e4nden fern. Nachdem die Holzkohle ausgebrannt ist, lassen Sie sie abk\u00fchlen, bevor Sie sie wegwerfen.<\/p>\n<p><em><\/p>\n","protected":false},"excerpt":{"rendered":"<p>R\u00e4uchergef\u00e4\u00df aus Holzkohle in sch\u00f6ner dunkelblauer Farbe, mit einem etwas h\u00f6heren Boden. Verziert mit goldenen Mustern, handgefertigt in Indien. Dieses R\u00e4uchergef\u00e4\u00df kann bei Ritualen zur Reinigung oder Aktivierung des Kehlchakras verwendet werden. Das R\u00e4uchergef\u00e4\u00df ist f\u00fcr die Verwendung von Harz und Kohletabletten bestimmt. Legen Sie diese einfach auf den abnehmbaren Rost, so dass die Asche [&hellip;]<\/p>\n","protected":false},"featured_media":398578,"comment_status":"closed","ping_status":"open","template":"","meta":[],"product_brand":[],"product_cat":[15153,15152],"product_tag":[],"class_list":{"0":"post-223257","1":"product","2":"type-product","3":"status-publish","4":"has-post-thumbnail","6":"product_cat-rauchergefasse-und-raucherstabchenhalter","7":"product_cat-raucherwerk-und-rauchergefasse","8":"pa_collection-chakra-charcoal-incense-jar-de","9":"pa_made-in-indien","11":"first","12":"instock","13":"purchasable","14":"product-type-simple"},"supplier_id":null,"supplier_sku":"BCI-10","barcode":null,"atum_controlled":true,"out_stock_date":null,"out_stock_threshold":null,"inheritable":false,"inbound_stock":null,"stock_on_hold":0,"sold_today":0,"sales_last_days":0,"reserved_stock":null,"customer_returns":null,"warehouse_damage":null,"lost_in_post":null,"other_logs":null,"out_stock_days":0,"lost_sales":0,"has_location":null,"update_date":"2026-02-06T00:02:40","atum_locations":[],"atum_stock_status":"instock","restock_status":false,"low_stock_amount":"","sales_update_date":"2026-02-06T00:02:40","calc_backorders":null,"_links":{"self":[{"href":"https:\/\/aromasentia.com\/de\/wp-json\/wp\/v2\/product\/223257","targetHints":{"allow":["GET"]}}],"collection":[{"href":"https:\/\/aromasentia.com\/de\/wp-json\/wp\/v2\/product"}],"about":[{"href":"https:\/\/aromasentia.com\/de\/wp-json\/wp\/v2\/types\/product"}],"replies":[{"embeddable":true,"href":"https:\/\/aromasentia.com\/de\/wp-json\/wp\/v2\/comments?post=223257"}],"version-history":[{"count":0,"href":"https:\/\/aromasentia.com\/de\/wp-json\/wp\/v2\/product\/223257\/revisions"}],"wp:featuredmedia":[{"embeddable":true,"href":"https:\/\/aromasentia.com\/de\/wp-json\/wp\/v2\/media\/398578"}],"wp:attachment":[{"href":"https:\/\/aromasentia.com\/de\/wp-json\/wp\/v2\/media?parent=223257"}],"wp:term":[{"taxonomy":"product_brand","embeddable":true,"href":"https:\/\/aromasentia.com\/de\/wp-json\/wp\/v2\/product_brand?post=223257"},{"taxonomy":"product_cat","embeddable":true,"href":"https:\/\/aromasentia.com\/de\/wp-json\/wp\/v2\/product_cat?post=223257"},{"taxonomy":"product_tag","embeddable":true,"href":"https:\/\/aromasentia.com\/de\/wp-json\/wp\/v2\/product_tag?post=223257"}],"curies":[{"name":"wp","href":"https:\/\/api.w.org\/{rel}","templated":true}]}}