{"id":223217,"date":"2025-03-23T10:30:00","date_gmt":"2025-03-23T10:30:00","guid":{"rendered":"https:\/\/aromasentia.com\/product\/wooden-carved-incense-burners-lrg-yoga-cat\/"},"modified":"2025-12-30T19:42:55","modified_gmt":"2025-12-30T19:42:55","slug":"wooden-carved-incense-burners-lrg-yoga-cat","status":"publish","type":"product","link":"https:\/\/aromasentia.com\/de\/wooden-carved-incense-burners-lrg-yoga-cat\/","title":{"rendered":"Wooden Carved Incense Burners &#8211; Lrg Yoga Cat"},"content":{"rendered":"<p><strong>Diese geschnitzten R\u00e4uchergef\u00e4\u00dfe aus Holz von Aroma Sentia-ping &#8211;<\/strong><\/p>\n<p><strong>Geschnitzte R\u00e4uchergef\u00e4\u00dfe aus Holz \u2013 Gro\u00dfe Yoga-Katze<\/strong> werden von indonesischen Handwerkern aus Suar-Holz handgeschnitzt. Da es sich um ein handgefertigtes Produkt handelt, ist jede Holzschnitzerei einzigartig und unterscheidet sich von anderen.<\/p>\n<p>Legen Sie einfach den Kegel auf die Holzscheibe, z\u00fcnden Sie die Spitze des Kegels an und platzieren Sie unsere Yoga-Katze aus Holz darauf. Der Rauch entweicht durch die Pfoten der Katze.<\/p>\n","protected":false},"excerpt":{"rendered":"<p>Diese geschnitzten R\u00e4uchergef\u00e4\u00dfe aus Holz von Aroma Sentia-ping &#8211; Geschnitzte R\u00e4uchergef\u00e4\u00dfe aus Holz \u2013 Gro\u00dfe Yoga-Katze werden von indonesischen Handwerkern aus Suar-Holz handgeschnitzt. Da es sich um ein handgefertigtes Produkt handelt, ist jede Holzschnitzerei einzigartig und unterscheidet sich von anderen. Legen Sie einfach den Kegel auf die Holzscheibe, z\u00fcnden Sie die Spitze des Kegels an [&hellip;]<\/p>\n","protected":false},"featured_media":400372,"comment_status":"closed","ping_status":"open","template":"","meta":{"_angie_page":false},"product_brand":[],"product_cat":[15153,15167,15152],"product_tag":[],"class_list":{"0":"post-223217","1":"product","2":"type-product","3":"status-publish","4":"has-post-thumbnail","6":"product_cat-rauchergefasse-und-raucherstabchenhalter","7":"product_cat-raucherkegelhalter","8":"product_cat-raucherwerk-und-rauchergefasse","9":"pa_collection-wooden-carved-incense-burners-de","10":"pa_made-in-indonesien","12":"first","13":"instock","14":"purchasable","15":"product-type-simple"},"supplier_id":null,"supplier_sku":"CWIB-04","barcode":null,"atum_controlled":true,"out_stock_date":null,"out_stock_threshold":null,"inheritable":false,"inbound_stock":null,"stock_on_hold":0,"sold_today":0,"sales_last_days":0,"reserved_stock":null,"customer_returns":null,"warehouse_damage":null,"lost_in_post":null,"other_logs":null,"out_stock_days":0,"lost_sales":0,"has_location":null,"update_date":"2026-05-08T05:07:18","atum_locations":[],"atum_stock_status":"instock","restock_status":false,"low_stock_amount":"","sales_update_date":"2026-02-06T00:02:01","calc_backorders":null,"_links":{"self":[{"href":"https:\/\/aromasentia.com\/de\/wp-json\/wp\/v2\/product\/223217","targetHints":{"allow":["GET"]}}],"collection":[{"href":"https:\/\/aromasentia.com\/de\/wp-json\/wp\/v2\/product"}],"about":[{"href":"https:\/\/aromasentia.com\/de\/wp-json\/wp\/v2\/types\/product"}],"replies":[{"embeddable":true,"href":"https:\/\/aromasentia.com\/de\/wp-json\/wp\/v2\/comments?post=223217"}],"version-history":[{"count":0,"href":"https:\/\/aromasentia.com\/de\/wp-json\/wp\/v2\/product\/223217\/revisions"}],"wp:featuredmedia":[{"embeddable":true,"href":"https:\/\/aromasentia.com\/de\/wp-json\/wp\/v2\/media\/400372"}],"wp:attachment":[{"href":"https:\/\/aromasentia.com\/de\/wp-json\/wp\/v2\/media?parent=223217"}],"wp:term":[{"taxonomy":"product_brand","embeddable":true,"href":"https:\/\/aromasentia.com\/de\/wp-json\/wp\/v2\/product_brand?post=223217"},{"taxonomy":"product_cat","embeddable":true,"href":"https:\/\/aromasentia.com\/de\/wp-json\/wp\/v2\/product_cat?post=223217"},{"taxonomy":"product_tag","embeddable":true,"href":"https:\/\/aromasentia.com\/de\/wp-json\/wp\/v2\/product_tag?post=223217"}],"curies":[{"name":"wp","href":"https:\/\/api.w.org\/{rel}","templated":true}]}}