{"id":223205,"date":"2025-03-23T10:30:00","date_gmt":"2025-03-23T10:30:00","guid":{"rendered":"https:\/\/aromasentia.com\/product\/huge-cast-iron-cauldron-with-pentagon-21x15cm\/"},"modified":"2025-12-30T19:42:55","modified_gmt":"2025-12-30T19:42:55","slug":"riesiger-gusseiserner-kessel-mit-pentagon-21x15cm","status":"publish","type":"product","link":"https:\/\/aromasentia.com\/de\/riesiger-gusseiserner-kessel-mit-pentagon-21x15cm\/","title":{"rendered":"Riesiger gusseiserner Kessel mit Pentagon 21x15cm"},"content":{"rendered":"<p><span style=\"color: rgb(75, 80, 88);\"><strong>Erg\u00e4nzen Sie Ihren Ritualraum um ein au\u00dfergew\u00f6hnliches Produkt mit diesem riesigen Kessel aus Gusseisen mit Pentagramm-Symbol<\/strong>. Mit den Ma\u00dfen 21 x 15 cm ist dieser Kessel perfekt f\u00fcr alle, die kraftvolle Werkzeuge f\u00fcr spirituelle Arbeit suchen. Das Pentagramm, ein Symbol f\u00fcr Schutz und Gleichgewicht, verst\u00e4rkt die Bedeutung dieses Kessels und macht ihn ideal f\u00fcr rituelle Verbrennungen, Zauberspr\u00fcche oder als heiliges Gef\u00e4\u00df in Ihrem Altaraufbau.<\/span><\/p>\n<p><span style=\"color: rgb(75, 80, 88);\">Dieser Kessel aus robustem Gusseisen ist auf Langlebigkeit ausgelegt und seine Gr\u00f6\u00dfe macht ihn perfekt f\u00fcr eine Vielzahl spiritueller Praktiken. Ein Muss f\u00fcr jeden ernsthaften Praktizierenden.<\/span><\/p>\n<p><span style=\"color: rgb(75, 80, 88);\"><strong>Bitte beachten:<\/strong>Sie k\u00f6nnen sehr hei\u00df werden, wenn Schmierer oder brennbare Substanzen darin verbrennen. Verwenden Sie immer eine hitzebest\u00e4ndige Oberfl\u00e4che und gehen Sie vorsichtig damit um.<\/span><\/p>\n<p><span style=\"color: rgb(75, 80, 88);\"><strong>Abmessungen:<\/strong><\/span><\/p>\n<p><span style=\"color: rgb(75, 80, 88);\">21 x 15<\/span><\/p>\n","protected":false},"excerpt":{"rendered":"<p>Erg\u00e4nzen Sie Ihren Ritualraum um ein au\u00dfergew\u00f6hnliches Produkt mit diesem riesigen Kessel aus Gusseisen mit Pentagramm-Symbol. Mit den Ma\u00dfen 21 x 15 cm ist dieser Kessel perfekt f\u00fcr alle, die kraftvolle Werkzeuge f\u00fcr spirituelle Arbeit suchen. Das Pentagramm, ein Symbol f\u00fcr Schutz und Gleichgewicht, verst\u00e4rkt die Bedeutung dieses Kessels und macht ihn ideal f\u00fcr rituelle [&hellip;]<\/p>\n","protected":false},"featured_media":400345,"comment_status":"closed","ping_status":"open","template":"","meta":[],"product_brand":[],"product_cat":[15153,15152],"product_tag":[],"class_list":{"0":"post-223205","1":"product","2":"type-product","3":"status-publish","4":"has-post-thumbnail","6":"product_cat-rauchergefasse-und-raucherstabchenhalter","7":"product_cat-raucherwerk-und-rauchergefasse","8":"pa_collection-ritual-bowls-and-cauldrons-de","9":"pa_made-in-indien","11":"first","12":"outofstock","13":"purchasable","14":"product-type-simple"},"supplier_id":null,"supplier_sku":"CIC-15","barcode":null,"atum_controlled":true,"out_stock_date":"2025-12-02 14:26:04","out_stock_threshold":null,"inheritable":false,"inbound_stock":null,"stock_on_hold":0,"sold_today":0,"sales_last_days":0,"reserved_stock":null,"customer_returns":null,"warehouse_damage":null,"lost_in_post":null,"other_logs":null,"out_stock_days":65,"lost_sales":0,"has_location":null,"update_date":"2026-02-06T00:01:11","atum_locations":[],"atum_stock_status":"outofstock","restock_status":false,"low_stock_amount":"","sales_update_date":"2026-02-06T00:01:11","calc_backorders":null,"_links":{"self":[{"href":"https:\/\/aromasentia.com\/de\/wp-json\/wp\/v2\/product\/223205","targetHints":{"allow":["GET"]}}],"collection":[{"href":"https:\/\/aromasentia.com\/de\/wp-json\/wp\/v2\/product"}],"about":[{"href":"https:\/\/aromasentia.com\/de\/wp-json\/wp\/v2\/types\/product"}],"replies":[{"embeddable":true,"href":"https:\/\/aromasentia.com\/de\/wp-json\/wp\/v2\/comments?post=223205"}],"version-history":[{"count":0,"href":"https:\/\/aromasentia.com\/de\/wp-json\/wp\/v2\/product\/223205\/revisions"}],"wp:featuredmedia":[{"embeddable":true,"href":"https:\/\/aromasentia.com\/de\/wp-json\/wp\/v2\/media\/400345"}],"wp:attachment":[{"href":"https:\/\/aromasentia.com\/de\/wp-json\/wp\/v2\/media?parent=223205"}],"wp:term":[{"taxonomy":"product_brand","embeddable":true,"href":"https:\/\/aromasentia.com\/de\/wp-json\/wp\/v2\/product_brand?post=223205"},{"taxonomy":"product_cat","embeddable":true,"href":"https:\/\/aromasentia.com\/de\/wp-json\/wp\/v2\/product_cat?post=223205"},{"taxonomy":"product_tag","embeddable":true,"href":"https:\/\/aromasentia.com\/de\/wp-json\/wp\/v2\/product_tag?post=223205"}],"curies":[{"name":"wp","href":"https:\/\/api.w.org\/{rel}","templated":true}]}}