{"id":223197,"date":"2025-03-23T10:30:00","date_gmt":"2025-03-23T10:30:00","guid":{"rendered":"https:\/\/aromasentia.com\/product\/lrg-cast-iron-cauldron-with-triple-moon-12x15cm\/"},"modified":"2025-12-30T19:42:55","modified_gmt":"2025-12-30T19:42:55","slug":"grosser-kessel-aus-gusseisen-mit-dreifachmond-12-x-15-cm","status":"publish","type":"product","link":"https:\/\/aromasentia.com\/de\/grosser-kessel-aus-gusseisen-mit-dreifachmond-12-x-15-cm\/","title":{"rendered":"Gro\u00dfer Kessel aus Gusseisen mit Dreifachmond, 12 x 15 cm"},"content":{"rendered":"<p><span style=\"color: rgb(75, 80, 88);\"><strong>Rufe die Kraft des Dreifachmondes mit diesem gro\u00dfen gusseisernen Kessel (12 x 15 cm) an<\/strong>. Dieser Kessel repr\u00e4sentiert die Jungfrau, die Mutter und die Alte und ist ein Symbol der G\u00f6ttin und der Mondzyklen, was ihn zu einem zutiefst bedeutungsvollen Werkzeug f\u00fcr Hexen und spirituell Praktizierende macht.<\/span><\/p>\n<p><span style=\"color: rgb(75, 80, 88);\"><strong>Perfekt zum R\u00e4uchern, Wahrsagen oder f\u00fcr rituelle Opfergaben<\/strong>. Das robuste Design dieses gusseisernen Kessels stellt sicher, dass er \u00fcber Jahre hinweg ein gesch\u00e4tzter Teil Ihres Altars sein wird. Ein unverzichtbares Werkzeug zur Verbindung mit Mond- und weiblichen Energien.<\/span><\/p>\n<p><span style=\"color: rgb(75, 80, 88);\"><strong>Bitte beachten:<\/strong> Sie k\u00f6nnen sehr hei\u00df werden, wenn Schmierer oder brennbare Substanzen darin verbrannt werden. Verwenden Sie immer eine hitzebest\u00e4ndige Oberfl\u00e4che und gehen Sie vorsichtig damit um.<\/span><\/p>\n<p><span style=\"color: rgb(75, 80, 88);\"><strong>Ma\u00dfe:<\/strong><\/span><\/p>\n<p><span style=\"color: rgb(75, 80, 88);\">12 x 15 cm<\/span><\/p>\n","protected":false},"excerpt":{"rendered":"<p>Rufe die Kraft des Dreifachmondes mit diesem gro\u00dfen gusseisernen Kessel (12 x 15 cm) an. Dieser Kessel repr\u00e4sentiert die Jungfrau, die Mutter und die Alte und ist ein Symbol der G\u00f6ttin und der Mondzyklen, was ihn zu einem zutiefst bedeutungsvollen Werkzeug f\u00fcr Hexen und spirituell Praktizierende macht. Perfekt zum R\u00e4uchern, Wahrsagen oder f\u00fcr rituelle Opfergaben. [&hellip;]<\/p>\n","protected":false},"featured_media":400327,"comment_status":"closed","ping_status":"open","template":"","meta":[],"product_brand":[],"product_cat":[15153,15152],"product_tag":[],"class_list":{"0":"post-223197","1":"product","2":"type-product","3":"status-publish","4":"has-post-thumbnail","6":"product_cat-rauchergefasse-und-raucherstabchenhalter","7":"product_cat-raucherwerk-und-rauchergefasse","8":"pa_collection-ritual-bowls-and-cauldrons-de","9":"pa_made-in-indien","11":"first","12":"outofstock","13":"purchasable","14":"product-type-simple"},"supplier_id":null,"supplier_sku":"CIC-13","barcode":null,"atum_controlled":true,"out_stock_date":"2026-01-25 15:06:41","out_stock_threshold":null,"inheritable":false,"inbound_stock":null,"stock_on_hold":0,"sold_today":0,"sales_last_days":0,"reserved_stock":null,"customer_returns":null,"warehouse_damage":null,"lost_in_post":null,"other_logs":null,"out_stock_days":11,"lost_sales":0,"has_location":null,"update_date":"2026-02-06T00:02:15","atum_locations":[],"atum_stock_status":"outofstock","restock_status":false,"low_stock_amount":"","sales_update_date":"2026-02-06T00:02:15","calc_backorders":null,"_links":{"self":[{"href":"https:\/\/aromasentia.com\/de\/wp-json\/wp\/v2\/product\/223197","targetHints":{"allow":["GET"]}}],"collection":[{"href":"https:\/\/aromasentia.com\/de\/wp-json\/wp\/v2\/product"}],"about":[{"href":"https:\/\/aromasentia.com\/de\/wp-json\/wp\/v2\/types\/product"}],"replies":[{"embeddable":true,"href":"https:\/\/aromasentia.com\/de\/wp-json\/wp\/v2\/comments?post=223197"}],"version-history":[{"count":0,"href":"https:\/\/aromasentia.com\/de\/wp-json\/wp\/v2\/product\/223197\/revisions"}],"wp:featuredmedia":[{"embeddable":true,"href":"https:\/\/aromasentia.com\/de\/wp-json\/wp\/v2\/media\/400327"}],"wp:attachment":[{"href":"https:\/\/aromasentia.com\/de\/wp-json\/wp\/v2\/media?parent=223197"}],"wp:term":[{"taxonomy":"product_brand","embeddable":true,"href":"https:\/\/aromasentia.com\/de\/wp-json\/wp\/v2\/product_brand?post=223197"},{"taxonomy":"product_cat","embeddable":true,"href":"https:\/\/aromasentia.com\/de\/wp-json\/wp\/v2\/product_cat?post=223197"},{"taxonomy":"product_tag","embeddable":true,"href":"https:\/\/aromasentia.com\/de\/wp-json\/wp\/v2\/product_tag?post=223197"}],"curies":[{"name":"wp","href":"https:\/\/api.w.org\/{rel}","templated":true}]}}