{"id":223141,"date":"2025-03-23T10:30:00","date_gmt":"2025-03-23T10:30:00","guid":{"rendered":"https:\/\/aromasentia.com\/product\/brass-resin-incense-warmer-fixed\/"},"modified":"2025-12-30T19:42:39","modified_gmt":"2025-12-30T19:42:39","slug":"raeucherstaebchenwaermer-aus-messing-und-harz-fest","status":"publish","type":"product","link":"https:\/\/aromasentia.com\/de\/raeucherstaebchenwaermer-aus-messing-und-harz-fest\/","title":{"rendered":"R\u00e4ucherst\u00e4bchenw\u00e4rmer aus Messing und Harz &#8211; Fest"},"content":{"rendered":"<p><span style=\"color: rgb(75, 80, 88);\"><strong>Einfach, zeitlos und elegant \u2013 dieser R\u00e4ucherst\u00f6vchen aus Messingharz ist die perfekte Wahl f\u00fcr alle, die schlichte Sch\u00f6nheit zu sch\u00e4tzen wissen.<\/strong><\/span><\/p>\n<p><span style=\"color: rgb(75, 80, 88);\">Das nicht verstellbare Design sorgt f\u00fcr gleichm\u00e4\u00dfige W\u00e4rme und setzt die nat\u00fcrlichen Aromen von Harzen und Kr\u00e4utern sanft frei, ohne rauchige Intensit\u00e4t. Das Messing-Finish verleiht einen Hauch von traditionellem Luxus, w\u00e4hrend die detailreiche Verarbeitung daf\u00fcr sorgt, dass er in jeder Umgebung hervorsticht.<\/span><\/p>\n<p><span style=\"color: rgb(75, 80, 88);\">Das leicht zu reinigende, abnehmbare Netz macht ihn au\u00dferdem zu einer praktischen, funktionalen Erg\u00e4nzung f\u00fcr die Sammlung jedes Kunden. Es ist eine perfekte Mischung aus Stil und Einfachheit.<\/span><\/p>\n<p><span style=\"color: rgb(75, 80, 88);\"><strong>Ma\u00dfe:<\/strong><\/span><\/p>\n<p><span style=\"color: rgb(75, 80, 88);\"><strong>11 x 6,8 cm<\/strong><\/span><\/p>\n<p><span style=\"color: rgb(75, 80, 88);\"><strong><em>Bitte beachten:<\/em><\/strong><em>Dieses Produkt wird bei Gebrauch hei\u00df. Bitte stellen Sie sicher, dass es auf einer hitzebest\u00e4ndigen Oberfl\u00e4che steht und gehen Sie vorsichtig damit um. Bewahren Sie das Produkt au\u00dferhalb der Reichweite von Kindern und Haustieren auf und vermeiden Sie es, die Metallteile zu ber\u00fchren, w\u00e4hrend das R\u00e4ucherwerk brennt oder unmittelbar nach dem Gebrauch.<\/em><\/span><\/p>\n","protected":false},"excerpt":{"rendered":"<p>Einfach, zeitlos und elegant \u2013 dieser R\u00e4ucherst\u00f6vchen aus Messingharz ist die perfekte Wahl f\u00fcr alle, die schlichte Sch\u00f6nheit zu sch\u00e4tzen wissen. Das nicht verstellbare Design sorgt f\u00fcr gleichm\u00e4\u00dfige W\u00e4rme und setzt die nat\u00fcrlichen Aromen von Harzen und Kr\u00e4utern sanft frei, ohne rauchige Intensit\u00e4t. Das Messing-Finish verleiht einen Hauch von traditionellem Luxus, w\u00e4hrend die detailreiche Verarbeitung [&hellip;]<\/p>\n","protected":false},"featured_media":399881,"comment_status":"closed","ping_status":"open","template":"","meta":{"_angie_page":false},"product_brand":[],"product_cat":[15153,15231,15152],"product_tag":[],"class_list":{"0":"post-223141","1":"product","2":"type-product","3":"status-publish","4":"has-post-thumbnail","6":"product_cat-rauchergefasse-und-raucherstabchenhalter","7":"product_cat-raucherharze","8":"product_cat-raucherwerk-und-rauchergefasse","9":"pa_collection-brass-resin-incense-warmers-de","10":"pa_made-in-indien","12":"first","13":"instock","14":"purchasable","15":"product-type-simple"},"supplier_id":null,"supplier_sku":"BRIW-03","barcode":null,"atum_controlled":true,"out_stock_date":null,"out_stock_threshold":null,"inheritable":false,"inbound_stock":null,"stock_on_hold":0,"sold_today":0,"sales_last_days":0,"reserved_stock":null,"customer_returns":null,"warehouse_damage":null,"lost_in_post":null,"other_logs":null,"out_stock_days":0,"lost_sales":0,"has_location":null,"update_date":"2026-04-27T06:55:47","atum_locations":[],"atum_stock_status":"instock","restock_status":false,"low_stock_amount":"","sales_update_date":"2025-10-09T03:26:57","calc_backorders":null,"_links":{"self":[{"href":"https:\/\/aromasentia.com\/de\/wp-json\/wp\/v2\/product\/223141","targetHints":{"allow":["GET"]}}],"collection":[{"href":"https:\/\/aromasentia.com\/de\/wp-json\/wp\/v2\/product"}],"about":[{"href":"https:\/\/aromasentia.com\/de\/wp-json\/wp\/v2\/types\/product"}],"replies":[{"embeddable":true,"href":"https:\/\/aromasentia.com\/de\/wp-json\/wp\/v2\/comments?post=223141"}],"version-history":[{"count":0,"href":"https:\/\/aromasentia.com\/de\/wp-json\/wp\/v2\/product\/223141\/revisions"}],"wp:featuredmedia":[{"embeddable":true,"href":"https:\/\/aromasentia.com\/de\/wp-json\/wp\/v2\/media\/399881"}],"wp:attachment":[{"href":"https:\/\/aromasentia.com\/de\/wp-json\/wp\/v2\/media?parent=223141"}],"wp:term":[{"taxonomy":"product_brand","embeddable":true,"href":"https:\/\/aromasentia.com\/de\/wp-json\/wp\/v2\/product_brand?post=223141"},{"taxonomy":"product_cat","embeddable":true,"href":"https:\/\/aromasentia.com\/de\/wp-json\/wp\/v2\/product_cat?post=223141"},{"taxonomy":"product_tag","embeddable":true,"href":"https:\/\/aromasentia.com\/de\/wp-json\/wp\/v2\/product_tag?post=223141"}],"curies":[{"name":"wp","href":"https:\/\/api.w.org\/{rel}","templated":true}]}}