{"id":223113,"date":"2025-03-23T10:30:00","date_gmt":"2025-03-23T10:30:00","guid":{"rendered":"https:\/\/aromasentia.com\/product\/bulk-incense-orange-cinnamon\/"},"modified":"2025-12-30T19:42:39","modified_gmt":"2025-12-30T19:42:39","slug":"lose-raeucherstaebchen-aus-indien-ca-450-st-orange-zimt","status":"publish","type":"product","link":"https:\/\/aromasentia.com\/de\/lose-raeucherstaebchen-aus-indien-ca-450-st-orange-zimt\/","title":{"rendered":"Lose R\u00e4ucherst\u00e4bchen aus Indien (ca. 450 St.) Orange-Zimt"},"content":{"rendered":"<p>Der s\u00fc\u00df-holzige Duft von Zimt in Kombination mit dem fruchtigen Duft von Orange bringt Frische und neue Energie in Ihren Raum. Orangen- und Zimt-R\u00e4ucherst\u00e4bchen heben die Stimmung, machen Manifestationspraktiken oder Zauberspr\u00fcche effizienter und geben K\u00f6rper und Seele neue Vitalit\u00e4t. Wenn Sie dieses R\u00e4ucherst\u00e4bchen anz\u00fcnden, erf\u00fcllen Sie Ihr Zuhause mit der Energie des Erfolgs. Jede Packung Orangen- und Zimt-R\u00e4ucherst\u00e4bchen enth\u00e4lt 500 g, ca. 450 St\u00e4bchen, 25 cm lang.<\/p>\n","protected":false},"excerpt":{"rendered":"<p>Der s\u00fc\u00df-holzige Duft von Zimt in Kombination mit dem fruchtigen Duft von Orange bringt Frische und neue Energie in Ihren Raum. Orangen- und Zimt-R\u00e4ucherst\u00e4bchen heben die Stimmung, machen Manifestationspraktiken oder Zauberspr\u00fcche effizienter und geben K\u00f6rper und Seele neue Vitalit\u00e4t. Wenn Sie dieses R\u00e4ucherst\u00e4bchen anz\u00fcnden, erf\u00fcllen Sie Ihr Zuhause mit der Energie des Erfolgs. Jede Packung [&hellip;]<\/p>\n","protected":false},"featured_media":399770,"comment_status":"closed","ping_status":"open","template":"","meta":[],"product_brand":[],"product_cat":[25841,26308,15197,15152,26889,26131,26819],"product_tag":[],"class_list":{"0":"post-223113","1":"product","2":"type-product","3":"status-publish","4":"has-post-thumbnail","6":"product_cat-dufte-aromen","7":"product_cat-orange","8":"product_cat-raucherstabchen","9":"product_cat-raucherwerk-und-rauchergefasse","10":"product_cat-wurzig","11":"product_cat-zimt","12":"product_cat-zitrus","13":"pa_collection-indian-bulk-incense-approx-450-sticks-de","14":"pa_made-in-indien","16":"first","17":"instock","18":"purchasable","19":"product-type-simple"},"supplier_id":null,"supplier_sku":"BincS-20","barcode":null,"atum_controlled":true,"out_stock_date":null,"out_stock_threshold":null,"inheritable":false,"inbound_stock":null,"stock_on_hold":0,"sold_today":0,"sales_last_days":0,"reserved_stock":null,"customer_returns":null,"warehouse_damage":null,"lost_in_post":null,"other_logs":null,"out_stock_days":0,"lost_sales":0,"has_location":null,"update_date":"2026-02-05T22:30:13","atum_locations":[],"atum_stock_status":"instock","restock_status":false,"low_stock_amount":"","sales_update_date":"2025-10-09T03:26:30","calc_backorders":null,"_links":{"self":[{"href":"https:\/\/aromasentia.com\/de\/wp-json\/wp\/v2\/product\/223113","targetHints":{"allow":["GET"]}}],"collection":[{"href":"https:\/\/aromasentia.com\/de\/wp-json\/wp\/v2\/product"}],"about":[{"href":"https:\/\/aromasentia.com\/de\/wp-json\/wp\/v2\/types\/product"}],"replies":[{"embeddable":true,"href":"https:\/\/aromasentia.com\/de\/wp-json\/wp\/v2\/comments?post=223113"}],"version-history":[{"count":0,"href":"https:\/\/aromasentia.com\/de\/wp-json\/wp\/v2\/product\/223113\/revisions"}],"wp:featuredmedia":[{"embeddable":true,"href":"https:\/\/aromasentia.com\/de\/wp-json\/wp\/v2\/media\/399770"}],"wp:attachment":[{"href":"https:\/\/aromasentia.com\/de\/wp-json\/wp\/v2\/media?parent=223113"}],"wp:term":[{"taxonomy":"product_brand","embeddable":true,"href":"https:\/\/aromasentia.com\/de\/wp-json\/wp\/v2\/product_brand?post=223113"},{"taxonomy":"product_cat","embeddable":true,"href":"https:\/\/aromasentia.com\/de\/wp-json\/wp\/v2\/product_cat?post=223113"},{"taxonomy":"product_tag","embeddable":true,"href":"https:\/\/aromasentia.com\/de\/wp-json\/wp\/v2\/product_tag?post=223113"}],"curies":[{"name":"wp","href":"https:\/\/api.w.org\/{rel}","templated":true}]}}