{"id":223105,"date":"2025-03-23T10:30:00","date_gmt":"2025-03-23T10:30:00","guid":{"rendered":"https:\/\/aromasentia.com\/product\/bulk-incense-sandalwood\/"},"modified":"2025-12-30T19:42:31","modified_gmt":"2025-12-30T19:42:31","slug":"lose-raeucherstaebchen-aus-indien-ca-450-st-sandelholz","status":"publish","type":"product","link":"https:\/\/aromasentia.com\/de\/lose-raeucherstaebchen-aus-indien-ca-450-st-sandelholz\/","title":{"rendered":"Lose R\u00e4ucherst\u00e4bchen aus Indien (ca. 450 St.) Sandelholz"},"content":{"rendered":"<p>Der erdige und reinigende Duft von Sandelholz ist einer der \u00e4ltesten D\u00fcfte, der schon in der Antike in Ritualen verwendet wurde und auch heute noch sehr beliebt ist. Beim Verbrennen eines Sandelholz-R\u00e4ucherst\u00e4bchens reinigt sein antiseptischer Duft alles, was es ber\u00fchrt. Jede Packung Sandelholz-R\u00e4ucherst\u00e4bchen enth\u00e4lt 500 g, ca. 450 St\u00e4bchen, 25 cm lang.<\/p>\n","protected":false},"excerpt":{"rendered":"<p>Der erdige und reinigende Duft von Sandelholz ist einer der \u00e4ltesten D\u00fcfte, der schon in der Antike in Ritualen verwendet wurde und auch heute noch sehr beliebt ist. Beim Verbrennen eines Sandelholz-R\u00e4ucherst\u00e4bchens reinigt sein antiseptischer Duft alles, was es ber\u00fchrt. Jede Packung Sandelholz-R\u00e4ucherst\u00e4bchen enth\u00e4lt 500 g, ca. 450 St\u00e4bchen, 25 cm lang.<\/p>\n","protected":false},"featured_media":399752,"comment_status":"closed","ping_status":"open","template":"","meta":{"_angie_page":false},"product_brand":[],"product_cat":[25841,26896,15197,15152,26387],"product_tag":[],"class_list":{"0":"post-223105","1":"product","2":"type-product","3":"status-publish","4":"has-post-thumbnail","6":"product_cat-dufte-aromen","7":"product_cat-holzig","8":"product_cat-raucherstabchen","9":"product_cat-raucherwerk-und-rauchergefasse","10":"product_cat-sandelholz","11":"pa_collection-indian-bulk-incense-approx-450-sticks-de","12":"pa_made-in-indien","14":"first","15":"outofstock","16":"purchasable","17":"product-type-simple"},"supplier_id":null,"supplier_sku":"BincS-18","barcode":null,"atum_controlled":true,"out_stock_date":"2025-09-04 21:47:18","out_stock_threshold":null,"inheritable":false,"inbound_stock":null,"stock_on_hold":0,"sold_today":0,"sales_last_days":0,"reserved_stock":null,"customer_returns":null,"warehouse_damage":null,"lost_in_post":null,"other_logs":null,"out_stock_days":34,"lost_sales":0,"has_location":null,"update_date":"2026-04-29T06:53:35","atum_locations":[],"atum_stock_status":"outofstock","restock_status":false,"low_stock_amount":"","sales_update_date":"2025-10-09T03:26:28","calc_backorders":null,"_links":{"self":[{"href":"https:\/\/aromasentia.com\/de\/wp-json\/wp\/v2\/product\/223105","targetHints":{"allow":["GET"]}}],"collection":[{"href":"https:\/\/aromasentia.com\/de\/wp-json\/wp\/v2\/product"}],"about":[{"href":"https:\/\/aromasentia.com\/de\/wp-json\/wp\/v2\/types\/product"}],"replies":[{"embeddable":true,"href":"https:\/\/aromasentia.com\/de\/wp-json\/wp\/v2\/comments?post=223105"}],"version-history":[{"count":0,"href":"https:\/\/aromasentia.com\/de\/wp-json\/wp\/v2\/product\/223105\/revisions"}],"wp:featuredmedia":[{"embeddable":true,"href":"https:\/\/aromasentia.com\/de\/wp-json\/wp\/v2\/media\/399752"}],"wp:attachment":[{"href":"https:\/\/aromasentia.com\/de\/wp-json\/wp\/v2\/media?parent=223105"}],"wp:term":[{"taxonomy":"product_brand","embeddable":true,"href":"https:\/\/aromasentia.com\/de\/wp-json\/wp\/v2\/product_brand?post=223105"},{"taxonomy":"product_cat","embeddable":true,"href":"https:\/\/aromasentia.com\/de\/wp-json\/wp\/v2\/product_cat?post=223105"},{"taxonomy":"product_tag","embeddable":true,"href":"https:\/\/aromasentia.com\/de\/wp-json\/wp\/v2\/product_tag?post=223105"}],"curies":[{"name":"wp","href":"https:\/\/api.w.org\/{rel}","templated":true}]}}