{"id":223073,"date":"2025-03-23T10:30:00","date_gmt":"2025-03-23T10:30:00","guid":{"rendered":"https:\/\/aromasentia.com\/product\/bulk-incense-vertiver-gold\/"},"modified":"2025-12-30T19:42:31","modified_gmt":"2025-12-30T19:42:31","slug":"lose-raeucherstaebchen-aus-indien-ca-450-st-goldenes-vetivergras","status":"publish","type":"product","link":"https:\/\/aromasentia.com\/de\/lose-raeucherstaebchen-aus-indien-ca-450-st-goldenes-vetivergras\/","title":{"rendered":"Lose R\u00e4ucherst\u00e4bchen aus Indien (ca. 450 St.) Goldenes Vetivergras"},"content":{"rendered":"<p>Der Duft von Vetiver-R\u00e4ucherst\u00e4bchen ist ein nat\u00fcrlicher Stresskiller. Seine holzigen und s\u00fc\u00dfen Noten erfrischen Sie nach einem langen, anstrengenden Tag auf nat\u00fcrliche Weise. Der Duft von Vetiver kann Stress abbauen, Angstzust\u00e4nde bek\u00e4mpfen und Schlaflosigkeit behandeln. Er wirkt antibakteriell, k\u00fchlt und beruhigt die Atmosph\u00e4re. Jede Packung Vetiver Gold R\u00e4ucherst\u00e4bchen enth\u00e4lt 500 g, ca. 450 St\u00e4bchen mit einer L\u00e4nge von 25 cm.<\/p>\n","protected":false},"excerpt":{"rendered":"<p>Der Duft von Vetiver-R\u00e4ucherst\u00e4bchen ist ein nat\u00fcrlicher Stresskiller. Seine holzigen und s\u00fc\u00dfen Noten erfrischen Sie nach einem langen, anstrengenden Tag auf nat\u00fcrliche Weise. Der Duft von Vetiver kann Stress abbauen, Angstzust\u00e4nde bek\u00e4mpfen und Schlaflosigkeit behandeln. Er wirkt antibakteriell, k\u00fchlt und beruhigt die Atmosph\u00e4re. Jede Packung Vetiver Gold R\u00e4ucherst\u00e4bchen enth\u00e4lt 500 g, ca. 450 St\u00e4bchen mit [&hellip;]<\/p>\n","protected":false},"featured_media":399680,"comment_status":"closed","ping_status":"open","template":"","meta":{"_angie_page":false},"product_brand":[],"product_cat":[15197,15152],"product_tag":[],"class_list":{"0":"post-223073","1":"product","2":"type-product","3":"status-publish","4":"has-post-thumbnail","6":"product_cat-raucherstabchen","7":"product_cat-raucherwerk-und-rauchergefasse","8":"pa_collection-indian-bulk-incense-approx-450-sticks-de","9":"pa_made-in-indien","11":"first","12":"instock","13":"purchasable","14":"product-type-simple"},"supplier_id":null,"supplier_sku":"BincS-10","barcode":null,"atum_controlled":true,"out_stock_date":null,"out_stock_threshold":null,"inheritable":false,"inbound_stock":null,"stock_on_hold":0,"sold_today":0,"sales_last_days":0,"reserved_stock":null,"customer_returns":null,"warehouse_damage":null,"lost_in_post":null,"other_logs":null,"out_stock_days":0,"lost_sales":0,"has_location":null,"update_date":"2026-04-29T13:02:36","atum_locations":[],"atum_stock_status":"instock","restock_status":false,"low_stock_amount":"","sales_update_date":"2026-02-06T00:00:45","calc_backorders":null,"_links":{"self":[{"href":"https:\/\/aromasentia.com\/de\/wp-json\/wp\/v2\/product\/223073","targetHints":{"allow":["GET"]}}],"collection":[{"href":"https:\/\/aromasentia.com\/de\/wp-json\/wp\/v2\/product"}],"about":[{"href":"https:\/\/aromasentia.com\/de\/wp-json\/wp\/v2\/types\/product"}],"replies":[{"embeddable":true,"href":"https:\/\/aromasentia.com\/de\/wp-json\/wp\/v2\/comments?post=223073"}],"version-history":[{"count":0,"href":"https:\/\/aromasentia.com\/de\/wp-json\/wp\/v2\/product\/223073\/revisions"}],"wp:featuredmedia":[{"embeddable":true,"href":"https:\/\/aromasentia.com\/de\/wp-json\/wp\/v2\/media\/399680"}],"wp:attachment":[{"href":"https:\/\/aromasentia.com\/de\/wp-json\/wp\/v2\/media?parent=223073"}],"wp:term":[{"taxonomy":"product_brand","embeddable":true,"href":"https:\/\/aromasentia.com\/de\/wp-json\/wp\/v2\/product_brand?post=223073"},{"taxonomy":"product_cat","embeddable":true,"href":"https:\/\/aromasentia.com\/de\/wp-json\/wp\/v2\/product_cat?post=223073"},{"taxonomy":"product_tag","embeddable":true,"href":"https:\/\/aromasentia.com\/de\/wp-json\/wp\/v2\/product_tag?post=223073"}],"curies":[{"name":"wp","href":"https:\/\/api.w.org\/{rel}","templated":true}]}}