{"id":223053,"date":"2025-03-23T10:30:00","date_gmt":"2025-03-23T10:30:00","guid":{"rendered":"https:\/\/aromasentia.com\/product\/bulk-incense-frank-myrrh\/"},"modified":"2025-12-30T19:42:23","modified_gmt":"2025-12-30T19:42:23","slug":"bulk-incense-frank-myrrh","status":"publish","type":"product","link":"https:\/\/aromasentia.com\/de\/bulk-incense-frank-myrrh\/","title":{"rendered":"Bulk  Incense &#8211; Frank &#038; Myrrh"},"content":{"rendered":"<p>Frank &#038; Myrrhe sind mit ihrem intensiven und beruhigenden Duft eine wunderbare Erg\u00e4nzung f\u00fcr jeden Raum. Beide haben heilende Eigenschaften, die Menschen emotional, schwingungsm\u00e4\u00dfig und spirituell unterst\u00fctzen k\u00f6nnen. Deshalb werden sie oft in Ritualen verwendet.<\/p>\n<p>Jede Packung Frank &#038; Myrrhe Weihrauch enth\u00e4lt 500 g, ca. 450 St\u00e4bchen, 25 cm lang.<\/p>\n","protected":false},"excerpt":{"rendered":"<p>Frank &#038; Myrrhe sind mit ihrem intensiven und beruhigenden Duft eine wunderbare Erg\u00e4nzung f\u00fcr jeden Raum. Beide haben heilende Eigenschaften, die Menschen emotional, schwingungsm\u00e4\u00dfig und spirituell unterst\u00fctzen k\u00f6nnen. Deshalb werden sie oft in Ritualen verwendet. Jede Packung Frank &#038; Myrrhe Weihrauch enth\u00e4lt 500 g, ca. 450 St\u00e4bchen, 25 cm lang.<\/p>\n","protected":false},"featured_media":399635,"comment_status":"closed","ping_status":"open","template":"","meta":{"_angie_page":false},"product_brand":[],"product_cat":[25841,26882,26284,15197,15152],"product_tag":[],"class_list":{"0":"post-223053","1":"product","2":"type-product","3":"status-publish","4":"has-post-thumbnail","6":"product_cat-dufte-aromen","7":"product_cat-harzig-balsamisch","8":"product_cat-myrrh","9":"product_cat-raucherstabchen","10":"product_cat-raucherwerk-und-rauchergefasse","11":"pa_collection-indian-bulk-incense-approx-450-sticks-de","12":"pa_made-in-indien","14":"first","15":"instock","16":"purchasable","17":"product-type-simple"},"supplier_id":null,"supplier_sku":"BincS-05","barcode":null,"atum_controlled":true,"out_stock_date":null,"out_stock_threshold":null,"inheritable":false,"inbound_stock":null,"stock_on_hold":0,"sold_today":0,"sales_last_days":0,"reserved_stock":null,"customer_returns":null,"warehouse_damage":null,"lost_in_post":null,"other_logs":null,"out_stock_days":0,"lost_sales":0,"has_location":null,"update_date":"2026-04-29T13:02:36","atum_locations":[],"atum_stock_status":"instock","restock_status":false,"low_stock_amount":"","sales_update_date":"2025-10-09T03:26:27","calc_backorders":null,"_links":{"self":[{"href":"https:\/\/aromasentia.com\/de\/wp-json\/wp\/v2\/product\/223053","targetHints":{"allow":["GET"]}}],"collection":[{"href":"https:\/\/aromasentia.com\/de\/wp-json\/wp\/v2\/product"}],"about":[{"href":"https:\/\/aromasentia.com\/de\/wp-json\/wp\/v2\/types\/product"}],"replies":[{"embeddable":true,"href":"https:\/\/aromasentia.com\/de\/wp-json\/wp\/v2\/comments?post=223053"}],"version-history":[{"count":0,"href":"https:\/\/aromasentia.com\/de\/wp-json\/wp\/v2\/product\/223053\/revisions"}],"wp:featuredmedia":[{"embeddable":true,"href":"https:\/\/aromasentia.com\/de\/wp-json\/wp\/v2\/media\/399635"}],"wp:attachment":[{"href":"https:\/\/aromasentia.com\/de\/wp-json\/wp\/v2\/media?parent=223053"}],"wp:term":[{"taxonomy":"product_brand","embeddable":true,"href":"https:\/\/aromasentia.com\/de\/wp-json\/wp\/v2\/product_brand?post=223053"},{"taxonomy":"product_cat","embeddable":true,"href":"https:\/\/aromasentia.com\/de\/wp-json\/wp\/v2\/product_cat?post=223053"},{"taxonomy":"product_tag","embeddable":true,"href":"https:\/\/aromasentia.com\/de\/wp-json\/wp\/v2\/product_tag?post=223053"}],"curies":[{"name":"wp","href":"https:\/\/api.w.org\/{rel}","templated":true}]}}