{"id":223045,"date":"2025-03-23T10:30:00","date_gmt":"2025-03-23T10:30:00","guid":{"rendered":"https:\/\/aromasentia.com\/product\/bulk-incense-citronella\/"},"modified":"2025-12-30T19:42:23","modified_gmt":"2025-12-30T19:42:23","slug":"lose-raeucherstaebchen-aus-indien-ca-450-st-citronella","status":"publish","type":"product","link":"https:\/\/aromasentia.com\/de\/lose-raeucherstaebchen-aus-indien-ca-450-st-citronella\/","title":{"rendered":"Lose R\u00e4ucherst\u00e4bchen aus Indien (ca. 450 St.) Citronella"},"content":{"rendered":"<p>Citronella ist die Antwort auf Ihre Suche nach einem chemiefreien und 100 % nat\u00fcrlichen M\u00fcckenschutzmittel. Sein reines und intensives Aroma macht Citronella auch zu einem idealen, beruhigenden Raumduft und ist bekannt f\u00fcr seine F\u00e4higkeit, negative Gef\u00fchle und Traurigkeit zu lindern.<\/p>\n<p>Jede Packung Citronella-R\u00e4ucherst\u00e4bchen enth\u00e4lt 500 g, etwa 450 St\u00e4bchen mit einer L\u00e4nge von 25 cm.<\/p>\n","protected":false},"excerpt":{"rendered":"<p>Citronella ist die Antwort auf Ihre Suche nach einem chemiefreien und 100 % nat\u00fcrlichen M\u00fcckenschutzmittel. Sein reines und intensives Aroma macht Citronella auch zu einem idealen, beruhigenden Raumduft und ist bekannt f\u00fcr seine F\u00e4higkeit, negative Gef\u00fchle und Traurigkeit zu lindern. Jede Packung Citronella-R\u00e4ucherst\u00e4bchen enth\u00e4lt 500 g, etwa 450 St\u00e4bchen mit einer L\u00e4nge von 25 cm.<\/p>\n","protected":false},"featured_media":399617,"comment_status":"closed","ping_status":"open","template":"","meta":{"_angie_page":false},"product_brand":[],"product_cat":[26138,25841,15197,15152,26819],"product_tag":[],"class_list":{"0":"post-223045","1":"product","2":"type-product","3":"status-publish","4":"has-post-thumbnail","6":"product_cat-citronella","7":"product_cat-dufte-aromen","8":"product_cat-raucherstabchen","9":"product_cat-raucherwerk-und-rauchergefasse","10":"product_cat-zitrus","11":"pa_collection-indian-bulk-incense-approx-450-sticks-de","12":"pa_made-in-indien","14":"first","15":"instock","16":"purchasable","17":"product-type-simple"},"supplier_id":null,"supplier_sku":"BincS-03","barcode":null,"atum_controlled":true,"out_stock_date":null,"out_stock_threshold":null,"inheritable":false,"inbound_stock":null,"stock_on_hold":0,"sold_today":0,"sales_last_days":0,"reserved_stock":null,"customer_returns":null,"warehouse_damage":null,"lost_in_post":null,"other_logs":null,"out_stock_days":0,"lost_sales":0,"has_location":null,"update_date":"2026-04-27T06:55:00","atum_locations":[],"atum_stock_status":"instock","restock_status":false,"low_stock_amount":"","sales_update_date":"2026-02-06T00:02:12","calc_backorders":null,"_links":{"self":[{"href":"https:\/\/aromasentia.com\/de\/wp-json\/wp\/v2\/product\/223045","targetHints":{"allow":["GET"]}}],"collection":[{"href":"https:\/\/aromasentia.com\/de\/wp-json\/wp\/v2\/product"}],"about":[{"href":"https:\/\/aromasentia.com\/de\/wp-json\/wp\/v2\/types\/product"}],"replies":[{"embeddable":true,"href":"https:\/\/aromasentia.com\/de\/wp-json\/wp\/v2\/comments?post=223045"}],"version-history":[{"count":0,"href":"https:\/\/aromasentia.com\/de\/wp-json\/wp\/v2\/product\/223045\/revisions"}],"wp:featuredmedia":[{"embeddable":true,"href":"https:\/\/aromasentia.com\/de\/wp-json\/wp\/v2\/media\/399617"}],"wp:attachment":[{"href":"https:\/\/aromasentia.com\/de\/wp-json\/wp\/v2\/media?parent=223045"}],"wp:term":[{"taxonomy":"product_brand","embeddable":true,"href":"https:\/\/aromasentia.com\/de\/wp-json\/wp\/v2\/product_brand?post=223045"},{"taxonomy":"product_cat","embeddable":true,"href":"https:\/\/aromasentia.com\/de\/wp-json\/wp\/v2\/product_cat?post=223045"},{"taxonomy":"product_tag","embeddable":true,"href":"https:\/\/aromasentia.com\/de\/wp-json\/wp\/v2\/product_tag?post=223045"}],"curies":[{"name":"wp","href":"https:\/\/api.w.org\/{rel}","templated":true}]}}