{"id":223041,"date":"2025-03-23T10:30:00","date_gmt":"2025-03-23T10:30:00","guid":{"rendered":"https:\/\/aromasentia.com\/product\/bulk-incense-apple-cinnamon\/"},"modified":"2025-12-30T19:42:23","modified_gmt":"2025-12-30T19:42:23","slug":"bulk-incense-apple-cinnamon","status":"publish","type":"product","link":"https:\/\/aromasentia.com\/de\/bulk-incense-apple-cinnamon\/","title":{"rendered":"Bulk  Incense &#8211; Apple Cinnamon"},"content":{"rendered":"<p>Apfel-R\u00e4ucherst\u00e4bchen stehen f\u00fcr Gl\u00fcck, Liebe und Freundschaft. Zimt steht f\u00fcr Stimulation, Reichtum, Wohlstand, Erfolg, Kraft und stimuliert und st\u00e4rkt die psychischen Kr\u00e4fte. Kann verwendet werden, um Leidenschaft zu entfachen oder Liebeszauber zu mildern. Jede Packung Apfel-Zimt-R\u00e4ucherst\u00e4bchen enth\u00e4lt 500 g, ca. 450 St\u00e4bchen mit einer L\u00e4nge von 25 cm.<\/p>\n","protected":false},"excerpt":{"rendered":"<p>Apfel-R\u00e4ucherst\u00e4bchen stehen f\u00fcr Gl\u00fcck, Liebe und Freundschaft. Zimt steht f\u00fcr Stimulation, Reichtum, Wohlstand, Erfolg, Kraft und stimuliert und st\u00e4rkt die psychischen Kr\u00e4fte. Kann verwendet werden, um Leidenschaft zu entfachen oder Liebeszauber zu mildern. Jede Packung Apfel-Zimt-R\u00e4ucherst\u00e4bchen enth\u00e4lt 500 g, ca. 450 St\u00e4bchen mit einer L\u00e4nge von 25 cm.<\/p>\n","protected":false},"featured_media":399608,"comment_status":"closed","ping_status":"open","template":"","meta":{"_angie_page":false},"product_brand":[],"product_cat":[26525,25841,26847,15197,15152,26889,26131],"product_tag":[],"class_list":{"0":"post-223041","1":"product","2":"type-product","3":"status-publish","4":"has-post-thumbnail","6":"product_cat-apfel","7":"product_cat-dufte-aromen","8":"product_cat-fruchtig","9":"product_cat-raucherstabchen","10":"product_cat-raucherwerk-und-rauchergefasse","11":"product_cat-wurzig","12":"product_cat-zimt","13":"pa_collection-indian-bulk-incense-approx-450-sticks-de","14":"pa_made-in-indien","16":"first","17":"instock","18":"purchasable","19":"product-type-simple"},"supplier_id":null,"supplier_sku":"BincS-02","barcode":null,"atum_controlled":true,"out_stock_date":null,"out_stock_threshold":null,"inheritable":false,"inbound_stock":null,"stock_on_hold":0,"sold_today":0,"sales_last_days":0,"reserved_stock":null,"customer_returns":null,"warehouse_damage":null,"lost_in_post":null,"other_logs":null,"out_stock_days":0,"lost_sales":0,"has_location":null,"update_date":"2026-04-27T06:55:00","atum_locations":[],"atum_stock_status":"instock","restock_status":false,"low_stock_amount":"","sales_update_date":"2026-02-06T00:02:12","calc_backorders":null,"_links":{"self":[{"href":"https:\/\/aromasentia.com\/de\/wp-json\/wp\/v2\/product\/223041","targetHints":{"allow":["GET"]}}],"collection":[{"href":"https:\/\/aromasentia.com\/de\/wp-json\/wp\/v2\/product"}],"about":[{"href":"https:\/\/aromasentia.com\/de\/wp-json\/wp\/v2\/types\/product"}],"replies":[{"embeddable":true,"href":"https:\/\/aromasentia.com\/de\/wp-json\/wp\/v2\/comments?post=223041"}],"version-history":[{"count":0,"href":"https:\/\/aromasentia.com\/de\/wp-json\/wp\/v2\/product\/223041\/revisions"}],"wp:featuredmedia":[{"embeddable":true,"href":"https:\/\/aromasentia.com\/de\/wp-json\/wp\/v2\/media\/399608"}],"wp:attachment":[{"href":"https:\/\/aromasentia.com\/de\/wp-json\/wp\/v2\/media?parent=223041"}],"wp:term":[{"taxonomy":"product_brand","embeddable":true,"href":"https:\/\/aromasentia.com\/de\/wp-json\/wp\/v2\/product_brand?post=223041"},{"taxonomy":"product_cat","embeddable":true,"href":"https:\/\/aromasentia.com\/de\/wp-json\/wp\/v2\/product_cat?post=223041"},{"taxonomy":"product_tag","embeddable":true,"href":"https:\/\/aromasentia.com\/de\/wp-json\/wp\/v2\/product_tag?post=223041"}],"curies":[{"name":"wp","href":"https:\/\/api.w.org\/{rel}","templated":true}]}}