{"id":223005,"date":"2025-03-23T10:30:09","date_gmt":"2025-03-23T10:30:09","guid":{"rendered":"https:\/\/aromasentia.com\/product\/15g-golden-nag-cinnamon\/"},"modified":"2025-12-30T19:42:15","modified_gmt":"2025-12-30T19:42:15","slug":"15g-golden-nag-cinnamon","status":"publish","type":"product","link":"https:\/\/aromasentia.com\/de\/15g-golden-nag-cinnamon\/","title":{"rendered":"15g Golden Nag &#8211; Cinnamon"},"content":{"rendered":"<p>Bringen Sie ein warmes und w\u00fcrziges Aroma in Ihren Raum mit Golden Nag Cinnamon Incense in dieser 15-Gramm-Packung. Dieser beruhigende Duft ist perfekt, um eine gem\u00fctliche und einladende Atmosph\u00e4re zu schaffen, besonders in den k\u00fchleren Monaten.<\/p>\n","protected":false},"excerpt":{"rendered":"<p>Bringen Sie ein warmes und w\u00fcrziges Aroma in Ihren Raum mit Golden Nag Cinnamon Incense in dieser 15-Gramm-Packung. Dieser beruhigende Duft ist perfekt, um eine gem\u00fctliche und einladende Atmosph\u00e4re zu schaffen, besonders in den k\u00fchleren Monaten.<\/p>\n","protected":false},"featured_media":401212,"comment_status":"closed","ping_status":"open","template":"","meta":{"_angie_page":false},"product_brand":[27153],"product_cat":[25841,15152,26889,26131],"product_tag":[],"class_list":{"0":"post-223005","1":"product","2":"type-product","3":"status-publish","4":"has-post-thumbnail","6":"product_brand-vijayshree","7":"product_cat-dufte-aromen","8":"product_cat-raucherwerk-und-rauchergefasse","9":"product_cat-wurzig","10":"product_cat-zimt","11":"pa_collection-golden-nag-de","12":"pa_made-in-indien","14":"first","15":"instock","16":"purchasable","17":"product-type-simple"},"supplier_id":null,"supplier_sku":"GoldNCi-20","barcode":null,"atum_controlled":true,"out_stock_date":null,"out_stock_threshold":null,"inheritable":false,"inbound_stock":null,"stock_on_hold":0,"sold_today":0,"sales_last_days":0,"reserved_stock":null,"customer_returns":null,"warehouse_damage":null,"lost_in_post":null,"other_logs":null,"out_stock_days":0,"lost_sales":0,"has_location":null,"update_date":"2026-04-27T07:05:57","atum_locations":[],"atum_stock_status":"instock","restock_status":false,"low_stock_amount":"","sales_update_date":"2026-01-30T01:24:30","calc_backorders":null,"_links":{"self":[{"href":"https:\/\/aromasentia.com\/de\/wp-json\/wp\/v2\/product\/223005","targetHints":{"allow":["GET"]}}],"collection":[{"href":"https:\/\/aromasentia.com\/de\/wp-json\/wp\/v2\/product"}],"about":[{"href":"https:\/\/aromasentia.com\/de\/wp-json\/wp\/v2\/types\/product"}],"replies":[{"embeddable":true,"href":"https:\/\/aromasentia.com\/de\/wp-json\/wp\/v2\/comments?post=223005"}],"version-history":[{"count":0,"href":"https:\/\/aromasentia.com\/de\/wp-json\/wp\/v2\/product\/223005\/revisions"}],"wp:featuredmedia":[{"embeddable":true,"href":"https:\/\/aromasentia.com\/de\/wp-json\/wp\/v2\/media\/401212"}],"wp:attachment":[{"href":"https:\/\/aromasentia.com\/de\/wp-json\/wp\/v2\/media?parent=223005"}],"wp:term":[{"taxonomy":"product_brand","embeddable":true,"href":"https:\/\/aromasentia.com\/de\/wp-json\/wp\/v2\/product_brand?post=223005"},{"taxonomy":"product_cat","embeddable":true,"href":"https:\/\/aromasentia.com\/de\/wp-json\/wp\/v2\/product_cat?post=223005"},{"taxonomy":"product_tag","embeddable":true,"href":"https:\/\/aromasentia.com\/de\/wp-json\/wp\/v2\/product_tag?post=223005"}],"curies":[{"name":"wp","href":"https:\/\/api.w.org\/{rel}","templated":true}]}}