{"id":223001,"date":"2025-03-23T10:30:09","date_gmt":"2025-03-23T10:30:09","guid":{"rendered":"https:\/\/aromasentia.com\/product\/15g-golden-nag-lavender\/"},"modified":"2025-12-30T19:42:15","modified_gmt":"2025-12-30T19:42:15","slug":"15g-golden-nag-lavendel","status":"publish","type":"product","link":"https:\/\/aromasentia.com\/de\/15g-golden-nag-lavendel\/","title":{"rendered":"15g Golden Nag &#8211; Lavendel"},"content":{"rendered":"<p>Entspannen Sie sich mit dem beruhigenden und blumigen Aroma von Golden Nag Lavendel Weihrauch in dieser 15-Gramm-Packung. Dieses R\u00e4ucherst\u00e4bchen ist f\u00fcr seine beruhigenden Eigenschaften bekannt und eignet sich perfekt zum Stressabbau und zur Schaffung einer friedlichen Atmosph\u00e4re.<\/p>\n","protected":false},"excerpt":{"rendered":"<p>Entspannen Sie sich mit dem beruhigenden und blumigen Aroma von Golden Nag Lavendel Weihrauch in dieser 15-Gramm-Packung. Dieses R\u00e4ucherst\u00e4bchen ist f\u00fcr seine beruhigenden Eigenschaften bekannt und eignet sich perfekt zum Stressabbau und zur Schaffung einer friedlichen Atmosph\u00e4re.<\/p>\n","protected":false},"featured_media":401203,"comment_status":"closed","ping_status":"open","template":"","meta":{"_angie_page":false},"product_brand":[27153],"product_cat":[26833,25841,26234,15152],"product_tag":[],"class_list":{"0":"post-223001","1":"product","2":"type-product","3":"status-publish","4":"has-post-thumbnail","6":"product_brand-vijayshree","7":"product_cat-blumig","8":"product_cat-dufte-aromen","9":"product_cat-lavendel","10":"product_cat-raucherwerk-und-rauchergefasse","11":"pa_collection-golden-nag-de","12":"pa_made-in-indien","14":"first","15":"instock","16":"purchasable","17":"product-type-simple"},"supplier_id":null,"supplier_sku":"GoldNCi-19","barcode":null,"atum_controlled":true,"out_stock_date":null,"out_stock_threshold":null,"inheritable":false,"inbound_stock":null,"stock_on_hold":0,"sold_today":0,"sales_last_days":0,"reserved_stock":null,"customer_returns":null,"warehouse_damage":null,"lost_in_post":null,"other_logs":null,"out_stock_days":0,"lost_sales":0,"has_location":null,"update_date":"2026-04-27T07:05:57","atum_locations":[],"atum_stock_status":"instock","restock_status":false,"low_stock_amount":"","sales_update_date":"2025-09-03T00:20:00","calc_backorders":null,"_links":{"self":[{"href":"https:\/\/aromasentia.com\/de\/wp-json\/wp\/v2\/product\/223001","targetHints":{"allow":["GET"]}}],"collection":[{"href":"https:\/\/aromasentia.com\/de\/wp-json\/wp\/v2\/product"}],"about":[{"href":"https:\/\/aromasentia.com\/de\/wp-json\/wp\/v2\/types\/product"}],"replies":[{"embeddable":true,"href":"https:\/\/aromasentia.com\/de\/wp-json\/wp\/v2\/comments?post=223001"}],"version-history":[{"count":0,"href":"https:\/\/aromasentia.com\/de\/wp-json\/wp\/v2\/product\/223001\/revisions"}],"wp:featuredmedia":[{"embeddable":true,"href":"https:\/\/aromasentia.com\/de\/wp-json\/wp\/v2\/media\/401203"}],"wp:attachment":[{"href":"https:\/\/aromasentia.com\/de\/wp-json\/wp\/v2\/media?parent=223001"}],"wp:term":[{"taxonomy":"product_brand","embeddable":true,"href":"https:\/\/aromasentia.com\/de\/wp-json\/wp\/v2\/product_brand?post=223001"},{"taxonomy":"product_cat","embeddable":true,"href":"https:\/\/aromasentia.com\/de\/wp-json\/wp\/v2\/product_cat?post=223001"},{"taxonomy":"product_tag","embeddable":true,"href":"https:\/\/aromasentia.com\/de\/wp-json\/wp\/v2\/product_tag?post=223001"}],"curies":[{"name":"wp","href":"https:\/\/api.w.org\/{rel}","templated":true}]}}