{"id":222985,"date":"2025-03-23T10:30:09","date_gmt":"2025-03-23T10:30:09","guid":{"rendered":"https:\/\/aromasentia.com\/product\/72-x-15g-golden-colletion-box-6-assorted-fragrances\/"},"modified":"2025-12-30T19:42:07","modified_gmt":"2025-12-30T19:42:07","slug":"15g-packung-golden-nag-6-versch-duefte","status":"publish","type":"product","link":"https:\/\/aromasentia.com\/de\/15g-packung-golden-nag-6-versch-duefte\/","title":{"rendered":"15g Packung Golden Nag &#8211; 6 versch. D\u00fcfte"},"content":{"rendered":"<p>Dieser Weihrauch ist der beliebteste Weihrauch der Welt mit seinem fesselnden und einnehmenden Aroma. Die feinsten Gew\u00fcrze, Kr\u00e4uter, Blumenextrakte, exotische \u00d6le und andere nat\u00fcrliche Inhaltsstoffe werden sorgf\u00e4ltig ausgew\u00e4hlt und gekonnt f\u00fcr ihre positive Wirkung gemischt.&nbsp;<\/p>\n<ul style=\"list-style-type: circle;\">\n<li><strong>Handgerollt in Indien<\/strong><\/li>\n<li><strong>Umweltfreundlich<\/strong><\/li>\n<li><strong>Keine Kinderarbeit verwendet &nbsp;<\/strong><\/li>\n<li><strong>Keine tierischen Nebenstoffe&nbsp;<\/strong><\/li>\n<li><strong>Recycelbares Papier verwendet <\/strong><\/li>\n<\/ul>\n<div style=\"border: 1px dashed transparent; margin-top: 25px; margin-bottom: 10px; padding: 0px; cursor: text; overflow-wrap: break-word;\">\n<p style=\"margin: 0px 0px 0.5em; line-height: 22.4px; font-size: 16px;\"><strong>Dieser Weihrauch ist das perfekte Geschenk f\u00fcr alle, die einen sch\u00f6nen Duft lieben oder sich selbst eine Freude machen wollen.&nbsp;<\/strong><\/p>\n<p style=\"margin: 0px 0px 0.5em; line-height: 22.4px; font-size: 16px;\"><strong>Gro\u00dfer Wert, sch\u00f6ne Verpackung, viele zur Auswahl. Bestellen Sie noch heute<\/strong>.&nbsp;<\/p>\n<\/div>\n","protected":false},"excerpt":{"rendered":"<p>Dieser Weihrauch ist der beliebteste Weihrauch der Welt mit seinem fesselnden und einnehmenden Aroma. Die feinsten Gew\u00fcrze, Kr\u00e4uter, Blumenextrakte, exotische \u00d6le und andere nat\u00fcrliche Inhaltsstoffe werden sorgf\u00e4ltig ausgew\u00e4hlt und gekonnt f\u00fcr ihre positive Wirkung gemischt.&nbsp; Handgerollt in Indien Umweltfreundlich Keine Kinderarbeit verwendet &nbsp; Keine tierischen Nebenstoffe&nbsp; Recycelbares Papier verwendet Dieser Weihrauch ist das perfekte Geschenk [&hellip;]<\/p>\n","protected":false},"featured_media":401159,"comment_status":"closed","ping_status":"open","template":"","meta":[],"product_brand":[27153],"product_cat":[15152],"product_tag":[],"class_list":{"0":"post-222985","1":"product","2":"type-product","3":"status-publish","4":"has-post-thumbnail","6":"product_brand-vijayshree","7":"product_cat-raucherwerk-und-rauchergefasse","8":"pa_collection-golden-nag-de","9":"pa_made-in-indien","11":"first","12":"instock","13":"purchasable","14":"product-type-simple"},"supplier_id":null,"supplier_sku":"GoldNCi-14","barcode":null,"atum_controlled":true,"out_stock_date":null,"out_stock_threshold":null,"inheritable":false,"inbound_stock":null,"stock_on_hold":0,"sold_today":0,"sales_last_days":0,"reserved_stock":null,"customer_returns":null,"warehouse_damage":null,"lost_in_post":null,"other_logs":null,"out_stock_days":0,"lost_sales":0,"has_location":null,"update_date":"2026-02-10T20:29:45","atum_locations":[],"atum_stock_status":"instock","restock_status":false,"low_stock_amount":"","sales_update_date":"2025-09-03T00:19:59","calc_backorders":null,"_links":{"self":[{"href":"https:\/\/aromasentia.com\/de\/wp-json\/wp\/v2\/product\/222985","targetHints":{"allow":["GET"]}}],"collection":[{"href":"https:\/\/aromasentia.com\/de\/wp-json\/wp\/v2\/product"}],"about":[{"href":"https:\/\/aromasentia.com\/de\/wp-json\/wp\/v2\/types\/product"}],"replies":[{"embeddable":true,"href":"https:\/\/aromasentia.com\/de\/wp-json\/wp\/v2\/comments?post=222985"}],"version-history":[{"count":0,"href":"https:\/\/aromasentia.com\/de\/wp-json\/wp\/v2\/product\/222985\/revisions"}],"wp:featuredmedia":[{"embeddable":true,"href":"https:\/\/aromasentia.com\/de\/wp-json\/wp\/v2\/media\/401159"}],"wp:attachment":[{"href":"https:\/\/aromasentia.com\/de\/wp-json\/wp\/v2\/media?parent=222985"}],"wp:term":[{"taxonomy":"product_brand","embeddable":true,"href":"https:\/\/aromasentia.com\/de\/wp-json\/wp\/v2\/product_brand?post=222985"},{"taxonomy":"product_cat","embeddable":true,"href":"https:\/\/aromasentia.com\/de\/wp-json\/wp\/v2\/product_cat?post=222985"},{"taxonomy":"product_tag","embeddable":true,"href":"https:\/\/aromasentia.com\/de\/wp-json\/wp\/v2\/product_tag?post=222985"}],"curies":[{"name":"wp","href":"https:\/\/api.w.org\/{rel}","templated":true}]}}