{"id":222925,"date":"2025-03-23T10:30:09","date_gmt":"2025-03-23T10:30:09","guid":{"rendered":"https:\/\/aromasentia.com\/product\/red-dragon-incense-jasmine\/"},"modified":"2025-12-30T19:41:59","modified_gmt":"2025-12-30T19:41:59","slug":"red-dragon-incense-jasmine","status":"publish","type":"product","link":"https:\/\/aromasentia.com\/de\/red-dragon-incense-jasmine\/","title":{"rendered":"Red Dragon Incense &#8211; Jasmine"},"content":{"rendered":"<p>Das s\u00fc\u00df duftende Jasmin-R\u00e4ucherst\u00e4bchen \u201eRed Dragon\u201c verbessert die Stimmung und bew\u00e4ltigt Stress. Es bek\u00e4mpft auch Depressionen, Angstzust\u00e4nde und Schlaflosigkeit.<\/p>\n<ul>\n<li>Brenndauer: ca. 1,5 Stunden.<\/li>\n<li>18 St\u00e4bchen\/Packung<\/li>\n<li>Gr\u00f6\u00dfe: ca. 32 cm lang und 0,5 cm dick.<\/li>\n<\/ul>\n","protected":false},"excerpt":{"rendered":"<p>Das s\u00fc\u00df duftende Jasmin-R\u00e4ucherst\u00e4bchen \u201eRed Dragon\u201c verbessert die Stimmung und bew\u00e4ltigt Stress. Es bek\u00e4mpft auch Depressionen, Angstzust\u00e4nde und Schlaflosigkeit. Brenndauer: ca. 1,5 Stunden. 18 St\u00e4bchen\/Packung Gr\u00f6\u00dfe: ca. 32 cm lang und 0,5 cm dick.<\/p>\n","protected":false},"featured_media":401008,"comment_status":"closed","ping_status":"open","template":"","meta":[],"product_brand":[],"product_cat":[26833,25841,26224,15152],"product_tag":[],"class_list":{"0":"post-222925","1":"product","2":"type-product","3":"status-publish","4":"has-post-thumbnail","6":"product_cat-blumig","7":"product_cat-dufte-aromen","8":"product_cat-jasmin","9":"product_cat-raucherwerk-und-rauchergefasse","10":"pa_made-in-indien","12":"first","13":"instock","14":"purchasable","15":"product-type-simple"},"supplier_id":null,"supplier_sku":"GDI-08","barcode":null,"atum_controlled":true,"out_stock_date":null,"out_stock_threshold":null,"inheritable":false,"inbound_stock":null,"stock_on_hold":0,"sold_today":0,"sales_last_days":0,"reserved_stock":null,"customer_returns":null,"warehouse_damage":null,"lost_in_post":null,"other_logs":null,"out_stock_days":0,"lost_sales":0,"has_location":null,"update_date":"2026-02-12T05:44:40","atum_locations":[],"atum_stock_status":"instock","restock_status":false,"low_stock_amount":"","sales_update_date":"2025-09-03T00:19:56","calc_backorders":null,"_links":{"self":[{"href":"https:\/\/aromasentia.com\/de\/wp-json\/wp\/v2\/product\/222925","targetHints":{"allow":["GET"]}}],"collection":[{"href":"https:\/\/aromasentia.com\/de\/wp-json\/wp\/v2\/product"}],"about":[{"href":"https:\/\/aromasentia.com\/de\/wp-json\/wp\/v2\/types\/product"}],"replies":[{"embeddable":true,"href":"https:\/\/aromasentia.com\/de\/wp-json\/wp\/v2\/comments?post=222925"}],"version-history":[{"count":0,"href":"https:\/\/aromasentia.com\/de\/wp-json\/wp\/v2\/product\/222925\/revisions"}],"wp:featuredmedia":[{"embeddable":true,"href":"https:\/\/aromasentia.com\/de\/wp-json\/wp\/v2\/media\/401008"}],"wp:attachment":[{"href":"https:\/\/aromasentia.com\/de\/wp-json\/wp\/v2\/media?parent=222925"}],"wp:term":[{"taxonomy":"product_brand","embeddable":true,"href":"https:\/\/aromasentia.com\/de\/wp-json\/wp\/v2\/product_brand?post=222925"},{"taxonomy":"product_cat","embeddable":true,"href":"https:\/\/aromasentia.com\/de\/wp-json\/wp\/v2\/product_cat?post=222925"},{"taxonomy":"product_tag","embeddable":true,"href":"https:\/\/aromasentia.com\/de\/wp-json\/wp\/v2\/product_tag?post=222925"}],"curies":[{"name":"wp","href":"https:\/\/api.w.org\/{rel}","templated":true}]}}