{"id":222897,"date":"2025-03-23T10:30:09","date_gmt":"2025-03-23T10:30:09","guid":{"rendered":"https:\/\/aromasentia.com\/product\/citronella-dhoop-cones\/"},"modified":"2025-12-30T19:41:51","modified_gmt":"2025-12-30T19:41:51","slug":"citronella-rueckfluss-raeucherkegel","status":"publish","type":"product","link":"https:\/\/aromasentia.com\/de\/citronella-rueckfluss-raeucherkegel\/","title":{"rendered":"Citronella R\u00fcckfluss R\u00e4ucherkegel"},"content":{"rendered":"<p>Erfrischen Sie Ihren Raum auf nat\u00fcrliche Weise und schrecken Sie Insekten mit dem belebenden Duft der Citronella-Duftzapfen ab. Perfekt f\u00fcr den Einsatz im Freien oder in gut bel\u00fcfteten Bereichen, verstr\u00f6men diese Zapfen einen zitronigen Duft, der unerw\u00fcnschte Insekten fernh\u00e4lt.<\/p>\n","protected":false},"excerpt":{"rendered":"<p>Erfrischen Sie Ihren Raum auf nat\u00fcrliche Weise und schrecken Sie Insekten mit dem belebenden Duft der Citronella-Duftzapfen ab. Perfekt f\u00fcr den Einsatz im Freien oder in gut bel\u00fcfteten Bereichen, verstr\u00f6men diese Zapfen einen zitronigen Duft, der unerw\u00fcnschte Insekten fernh\u00e4lt.<\/p>\n","protected":false},"featured_media":400905,"comment_status":"closed","ping_status":"open","template":"","meta":{"_angie_page":false},"product_brand":[],"product_cat":[26138,25841,15197,15152,26819],"product_tag":[],"class_list":{"0":"post-222897","1":"product","2":"type-product","3":"status-publish","4":"has-post-thumbnail","6":"product_cat-citronella","7":"product_cat-dufte-aromen","8":"product_cat-raucherstabchen","9":"product_cat-raucherwerk-und-rauchergefasse","10":"product_cat-zitrus","11":"pa_collection-nag-champa-incense-de","12":"pa_made-in-indien","14":"first","15":"instock","16":"purchasable","17":"product-type-simple"},"supplier_id":null,"supplier_sku":"EID-64","barcode":null,"atum_controlled":true,"out_stock_date":null,"out_stock_threshold":null,"inheritable":false,"inbound_stock":null,"stock_on_hold":0,"sold_today":0,"sales_last_days":0,"reserved_stock":null,"customer_returns":null,"warehouse_damage":null,"lost_in_post":null,"other_logs":null,"out_stock_days":0,"lost_sales":0,"has_location":null,"update_date":"2026-04-27T07:00:22","atum_locations":[],"atum_stock_status":"instock","restock_status":false,"low_stock_amount":"","sales_update_date":"2026-01-20T05:13:34","calc_backorders":null,"_links":{"self":[{"href":"https:\/\/aromasentia.com\/de\/wp-json\/wp\/v2\/product\/222897","targetHints":{"allow":["GET"]}}],"collection":[{"href":"https:\/\/aromasentia.com\/de\/wp-json\/wp\/v2\/product"}],"about":[{"href":"https:\/\/aromasentia.com\/de\/wp-json\/wp\/v2\/types\/product"}],"replies":[{"embeddable":true,"href":"https:\/\/aromasentia.com\/de\/wp-json\/wp\/v2\/comments?post=222897"}],"version-history":[{"count":0,"href":"https:\/\/aromasentia.com\/de\/wp-json\/wp\/v2\/product\/222897\/revisions"}],"wp:featuredmedia":[{"embeddable":true,"href":"https:\/\/aromasentia.com\/de\/wp-json\/wp\/v2\/media\/400905"}],"wp:attachment":[{"href":"https:\/\/aromasentia.com\/de\/wp-json\/wp\/v2\/media?parent=222897"}],"wp:term":[{"taxonomy":"product_brand","embeddable":true,"href":"https:\/\/aromasentia.com\/de\/wp-json\/wp\/v2\/product_brand?post=222897"},{"taxonomy":"product_cat","embeddable":true,"href":"https:\/\/aromasentia.com\/de\/wp-json\/wp\/v2\/product_cat?post=222897"},{"taxonomy":"product_tag","embeddable":true,"href":"https:\/\/aromasentia.com\/de\/wp-json\/wp\/v2\/product_tag?post=222897"}],"curies":[{"name":"wp","href":"https:\/\/api.w.org\/{rel}","templated":true}]}}