{"id":222889,"date":"2025-03-23T10:30:09","date_gmt":"2025-03-23T10:30:09","guid":{"rendered":"https:\/\/aromasentia.com\/product\/white-sage-dhoop-cones\/"},"modified":"2025-12-30T19:41:51","modified_gmt":"2025-12-30T19:41:51","slug":"weisser-salbei-rueckfluss-raeucherkegel","status":"publish","type":"product","link":"https:\/\/aromasentia.com\/de\/weisser-salbei-rueckfluss-raeucherkegel\/","title":{"rendered":"Wei\u00dfer Salbei R\u00fcckfluss R\u00e4ucherkegel"},"content":{"rendered":"<p>Reinigen und entschlacken Sie Ihren Raum mit dem heiligen Aroma der Wei\u00dfen Salbei Dhoop Kegel. Diese Kegel verstr\u00f6men einen starken und krautigen Duft, der traditionell zum Wischen verwendet wird und hilft, negative Energie zu beseitigen und ein Gef\u00fchl von Frieden und Wohlbefinden zu f\u00f6rdern.<\/p>\n","protected":false},"excerpt":{"rendered":"<p>Reinigen und entschlacken Sie Ihren Raum mit dem heiligen Aroma der Wei\u00dfen Salbei Dhoop Kegel. Diese Kegel verstr\u00f6men einen starken und krautigen Duft, der traditionell zum Wischen verwendet wird und hilft, negative Energie zu beseitigen und ein Gef\u00fchl von Frieden und Wohlbefinden zu f\u00f6rdern.<\/p>\n","protected":false},"featured_media":400871,"comment_status":"closed","ping_status":"open","template":"","meta":{"_angie_page":false},"product_brand":[],"product_cat":[25841,26861,15197,15152,26477],"product_tag":[],"class_list":{"0":"post-222889","1":"product","2":"type-product","3":"status-publish","4":"has-post-thumbnail","6":"product_cat-dufte-aromen","7":"product_cat-krauter-aromatisch","8":"product_cat-raucherstabchen","9":"product_cat-raucherwerk-und-rauchergefasse","10":"product_cat-weiser-salbei","11":"pa_collection-nag-champa-incense-de","12":"pa_made-in-indien","14":"first","15":"instock","16":"purchasable","17":"product-type-simple"},"supplier_id":null,"supplier_sku":"EID-62","barcode":null,"atum_controlled":true,"out_stock_date":null,"out_stock_threshold":null,"inheritable":false,"inbound_stock":null,"stock_on_hold":0,"sold_today":0,"sales_last_days":0,"reserved_stock":null,"customer_returns":null,"warehouse_damage":null,"lost_in_post":null,"other_logs":null,"out_stock_days":0,"lost_sales":0,"has_location":null,"update_date":"2026-05-08T05:07:21","atum_locations":[],"atum_stock_status":"instock","restock_status":false,"low_stock_amount":"","sales_update_date":"2025-10-09T03:29:36","calc_backorders":null,"_links":{"self":[{"href":"https:\/\/aromasentia.com\/de\/wp-json\/wp\/v2\/product\/222889","targetHints":{"allow":["GET"]}}],"collection":[{"href":"https:\/\/aromasentia.com\/de\/wp-json\/wp\/v2\/product"}],"about":[{"href":"https:\/\/aromasentia.com\/de\/wp-json\/wp\/v2\/types\/product"}],"replies":[{"embeddable":true,"href":"https:\/\/aromasentia.com\/de\/wp-json\/wp\/v2\/comments?post=222889"}],"version-history":[{"count":0,"href":"https:\/\/aromasentia.com\/de\/wp-json\/wp\/v2\/product\/222889\/revisions"}],"wp:featuredmedia":[{"embeddable":true,"href":"https:\/\/aromasentia.com\/de\/wp-json\/wp\/v2\/media\/400871"}],"wp:attachment":[{"href":"https:\/\/aromasentia.com\/de\/wp-json\/wp\/v2\/media?parent=222889"}],"wp:term":[{"taxonomy":"product_brand","embeddable":true,"href":"https:\/\/aromasentia.com\/de\/wp-json\/wp\/v2\/product_brand?post=222889"},{"taxonomy":"product_cat","embeddable":true,"href":"https:\/\/aromasentia.com\/de\/wp-json\/wp\/v2\/product_cat?post=222889"},{"taxonomy":"product_tag","embeddable":true,"href":"https:\/\/aromasentia.com\/de\/wp-json\/wp\/v2\/product_tag?post=222889"}],"curies":[{"name":"wp","href":"https:\/\/api.w.org\/{rel}","templated":true}]}}