{"id":222745,"date":"2025-03-23T10:30:18","date_gmt":"2025-03-23T10:30:18","guid":{"rendered":"https:\/\/aromasentia.com\/product\/incense-powder-mould-set-black\/"},"modified":"2025-12-30T19:41:27","modified_gmt":"2025-12-30T19:41:27","slug":"raeucherpulver-formen-set-schwarz","status":"publish","type":"product","link":"https:\/\/aromasentia.com\/de\/raeucherpulver-formen-set-schwarz\/","title":{"rendered":"R\u00e4ucherpulver-Formen-Set \u2013 Schwarz"},"content":{"rendered":"<h1><strong>Gro\u00dfhandel Weihrauchpulver Formen Set Schwarz.<\/strong><\/h1>\n<p>Mit Pr\u00e4zision von Kunsthandwerkern in Bali gefertigt, bietet dieses Set von drei Pyramiden eine unvergleichliche Vielseitigkeit in der Weihrauch Gr\u00f6\u00dfe.<\/p>\n<p>Ob Sie einen Ausbruch von Duft oder ein lang anhaltendes Aroma suchen, unser Formen Set liefert. F\u00fcllen Sie die Pyramidenform einfach mit Ihrer bevorzugten R\u00e4ucherpulvermischung, dr\u00fccken Sie sie fest zusammen und werden Sie Zeuge, wie eine wundersch\u00f6n zusammenh\u00e4ngende Pyramide entsteht, die sofort verbrannt werden kann.<\/p>\n<p>Jede Box enth\u00e4lt 12 S\u00e4tze von R\u00e4ucherpulverformen, die sich perfekt mit unseren <a href=\"https:\/\/aromasentia.com\/hip\"><strong>Healing Incense Powders<\/strong><\/a> und <a href=\"https:\/\/aromasentia.com\/hipp\"><strong>Healing Incense plate<\/strong><\/a><strong>&nbsp;<\/strong>(siehe unten). Verbessern Sie Ihre rituelle Erfahrung und entdecken Sie auch unsere Heilungs-R\u00e4ucherteller.<\/p>\n<p><strong>Vielseitig, sch\u00f6n gestaltet und einfach zu verwenden: Jede Box enth\u00e4lt 12 Sets R\u00e4ucherst\u00e4bchen-Formen<\/strong><\/p>\n<p><strong>Bestellen Sie jetzt und entfalten Sie die Kraft der duftenden Kreativit\u00e4t.<\/strong><\/p>\n<p><strong>Gr\u00f6\u00dfen:<\/strong><\/p>\n<p>Gro\u00dfe Form: H\u00f6he 7,2 cm x Breite 6 cm<\/p>\n<p>Medium Mould: H\u00f6he 6,5 cm x Breite 5,4 cm<\/p>\n<p>Kleine Form: H\u00f6he 4,8 cm x Breite 4 cm<\/p>\n","protected":false},"excerpt":{"rendered":"<p>Gro\u00dfhandel Weihrauchpulver Formen Set Schwarz. Mit Pr\u00e4zision von Kunsthandwerkern in Bali gefertigt, bietet dieses Set von drei Pyramiden eine unvergleichliche Vielseitigkeit in der Weihrauch Gr\u00f6\u00dfe. Ob Sie einen Ausbruch von Duft oder ein lang anhaltendes Aroma suchen, unser Formen Set liefert. F\u00fcllen Sie die Pyramidenform einfach mit Ihrer bevorzugten R\u00e4ucherpulvermischung, dr\u00fccken Sie sie fest zusammen [&hellip;]<\/p>\n","protected":false},"featured_media":401961,"comment_status":"closed","ping_status":"open","template":"","meta":{"_angie_page":false},"product_brand":[],"product_cat":[16024,15152],"product_tag":[],"class_list":{"0":"post-222745","1":"product","2":"type-product","3":"status-publish","4":"has-post-thumbnail","6":"product_cat-raucherpulver","7":"product_cat-raucherwerk-und-rauchergefasse","8":"pa_collection-incense-powder-mould-set-de","9":"pa_made-in-indonesien","11":"first","12":"instock","13":"purchasable","14":"product-type-simple"},"supplier_id":null,"supplier_sku":"IPM-03","barcode":null,"atum_controlled":true,"out_stock_date":null,"out_stock_threshold":null,"inheritable":false,"inbound_stock":null,"stock_on_hold":0,"sold_today":0,"sales_last_days":0,"reserved_stock":null,"customer_returns":null,"warehouse_damage":null,"lost_in_post":null,"other_logs":null,"out_stock_days":0,"lost_sales":0,"has_location":null,"update_date":"2026-04-27T07:09:00","atum_locations":[],"atum_stock_status":"instock","restock_status":false,"low_stock_amount":"","sales_update_date":"2026-01-30T01:26:03","calc_backorders":null,"_links":{"self":[{"href":"https:\/\/aromasentia.com\/de\/wp-json\/wp\/v2\/product\/222745","targetHints":{"allow":["GET"]}}],"collection":[{"href":"https:\/\/aromasentia.com\/de\/wp-json\/wp\/v2\/product"}],"about":[{"href":"https:\/\/aromasentia.com\/de\/wp-json\/wp\/v2\/types\/product"}],"replies":[{"embeddable":true,"href":"https:\/\/aromasentia.com\/de\/wp-json\/wp\/v2\/comments?post=222745"}],"version-history":[{"count":0,"href":"https:\/\/aromasentia.com\/de\/wp-json\/wp\/v2\/product\/222745\/revisions"}],"wp:featuredmedia":[{"embeddable":true,"href":"https:\/\/aromasentia.com\/de\/wp-json\/wp\/v2\/media\/401961"}],"wp:attachment":[{"href":"https:\/\/aromasentia.com\/de\/wp-json\/wp\/v2\/media?parent=222745"}],"wp:term":[{"taxonomy":"product_brand","embeddable":true,"href":"https:\/\/aromasentia.com\/de\/wp-json\/wp\/v2\/product_brand?post=222745"},{"taxonomy":"product_cat","embeddable":true,"href":"https:\/\/aromasentia.com\/de\/wp-json\/wp\/v2\/product_cat?post=222745"},{"taxonomy":"product_tag","embeddable":true,"href":"https:\/\/aromasentia.com\/de\/wp-json\/wp\/v2\/product_tag?post=222745"}],"curies":[{"name":"wp","href":"https:\/\/api.w.org\/{rel}","templated":true}]}}