{"id":222725,"date":"2025-03-23T10:30:18","date_gmt":"2025-03-23T10:30:18","guid":{"rendered":"https:\/\/aromasentia.com\/product\/himalayan-sughandit-dhoop-incesne-gift-set-holy-basil\/"},"modified":"2025-12-30T19:41:19","modified_gmt":"2025-12-30T19:41:19","slug":"himalaya-sugandhit-dhoop-raeucherstaebchen-geschenkset-heiliges-basilikum","status":"publish","type":"product","link":"https:\/\/aromasentia.com\/de\/himalaya-sugandhit-dhoop-raeucherstaebchen-geschenkset-heiliges-basilikum\/","title":{"rendered":"Himalaya-Sugandhit-Dhoop-R\u00e4ucherst\u00e4bchen-Geschenkset \u2013 Heiliges Basilikum"},"content":{"rendered":"<p><span style=\"color: rgb(75, 80, 88);\">Erh\u00f6hen Sie die Atmosph\u00e4re Ihres Raumes mit bezaubernden <strong>Sughandit Dhoop R\u00e4ucherst\u00e4bchen-Geschenksets<\/strong>. Wir sind stolz darauf, diese R\u00e4ucherst\u00e4bchenkollektionen direkt aus Nepal zu importieren, wo sie sorgf\u00e4ltig handgefertigt und sorgf\u00e4ltig verpackt werden.<\/span><\/p>\n<p><span style=\"color: rgb(75, 80, 88);\">Diese R\u00e4ucherst\u00e4bchen sind eine Mischung aus <strong>den besten Zutaten der Natur<\/strong>. Jedes unserer Himalayan Sughandit Dhoop R\u00e4ucherst\u00e4bchen-Sets wird in einer bezaubernden Schachtel geliefert. <strong>In jeder Schachtel finden Sie einen h\u00f6lzernen R\u00e4ucherst\u00e4bchenhalter, 30 duftende R\u00e4ucherst\u00e4bchen und einen erkl\u00e4renden Text.<\/strong><\/span><\/p>\n<p style=\"text-align: left;\"><span style=\"color: rgb(75, 80, 88);\"><strong>Tulsi (Basilikum)<\/strong> wird in den meisten hinduistischen Gottesh\u00e4usern zur Anbetung verwendet und gilt daher als das heiligste Kraut. <strong>Das Aroma von Basilikum soll eine beruhigende und wohltuende Wirkung auf K\u00f6rper und Geist haben und wird oft zur Meditation und Entspannung verwendet.<\/strong><\/span><\/p>\n<p><span style=\"color: rgb(75, 80, 88);\">Neben seiner spirituellen und aromatischen Verwendung ist Basilikum auch f\u00fcr seine medizinischen Eigenschaften bekannt und wird zur Behandlung einer Vielzahl von Gesundheitsbeschwerden wie Erk\u00e4ltungen, Grippe und Verdauungsproblemen eingesetzt.<\/span><\/p>\n","protected":false},"excerpt":{"rendered":"<p>Erh\u00f6hen Sie die Atmosph\u00e4re Ihres Raumes mit bezaubernden Sughandit Dhoop R\u00e4ucherst\u00e4bchen-Geschenksets. Wir sind stolz darauf, diese R\u00e4ucherst\u00e4bchenkollektionen direkt aus Nepal zu importieren, wo sie sorgf\u00e4ltig handgefertigt und sorgf\u00e4ltig verpackt werden. Diese R\u00e4ucherst\u00e4bchen sind eine Mischung aus den besten Zutaten der Natur. Jedes unserer Himalayan Sughandit Dhoop R\u00e4ucherst\u00e4bchen-Sets wird in einer bezaubernden Schachtel geliefert. In jeder [&hellip;]<\/p>\n","protected":false},"featured_media":401788,"comment_status":"closed","ping_status":"open","template":"","meta":[],"product_brand":[],"product_cat":[26092,25841,26861,15197,15152],"product_tag":[],"class_list":{"0":"post-222725","1":"product","2":"type-product","3":"status-publish","4":"has-post-thumbnail","6":"product_cat-basilikum","7":"product_cat-dufte-aromen","8":"product_cat-krauter-aromatisch","9":"product_cat-raucherstabchen","10":"product_cat-raucherwerk-und-rauchergefasse","11":"pa_collection-sughandit-dhoop-incense-gift-set-de","12":"pa_made-in-nepal","14":"first","15":"instock","16":"purchasable","17":"product-type-simple"},"supplier_id":null,"supplier_sku":"HSDI-05","barcode":null,"atum_controlled":true,"out_stock_date":null,"out_stock_threshold":null,"inheritable":false,"inbound_stock":null,"stock_on_hold":0,"sold_today":0,"sales_last_days":0,"reserved_stock":null,"customer_returns":null,"warehouse_damage":null,"lost_in_post":null,"other_logs":null,"out_stock_days":0,"lost_sales":0,"has_location":null,"update_date":"2026-01-28T13:05:37","atum_locations":[],"atum_stock_status":"instock","restock_status":false,"low_stock_amount":"","sales_update_date":"2025-09-03T00:19:46","calc_backorders":null,"_links":{"self":[{"href":"https:\/\/aromasentia.com\/de\/wp-json\/wp\/v2\/product\/222725","targetHints":{"allow":["GET"]}}],"collection":[{"href":"https:\/\/aromasentia.com\/de\/wp-json\/wp\/v2\/product"}],"about":[{"href":"https:\/\/aromasentia.com\/de\/wp-json\/wp\/v2\/types\/product"}],"replies":[{"embeddable":true,"href":"https:\/\/aromasentia.com\/de\/wp-json\/wp\/v2\/comments?post=222725"}],"version-history":[{"count":0,"href":"https:\/\/aromasentia.com\/de\/wp-json\/wp\/v2\/product\/222725\/revisions"}],"wp:featuredmedia":[{"embeddable":true,"href":"https:\/\/aromasentia.com\/de\/wp-json\/wp\/v2\/media\/401788"}],"wp:attachment":[{"href":"https:\/\/aromasentia.com\/de\/wp-json\/wp\/v2\/media?parent=222725"}],"wp:term":[{"taxonomy":"product_brand","embeddable":true,"href":"https:\/\/aromasentia.com\/de\/wp-json\/wp\/v2\/product_brand?post=222725"},{"taxonomy":"product_cat","embeddable":true,"href":"https:\/\/aromasentia.com\/de\/wp-json\/wp\/v2\/product_cat?post=222725"},{"taxonomy":"product_tag","embeddable":true,"href":"https:\/\/aromasentia.com\/de\/wp-json\/wp\/v2\/product_tag?post=222725"}],"curies":[{"name":"wp","href":"https:\/\/api.w.org\/{rel}","templated":true}]}}