{"id":222705,"date":"2025-03-23T10:30:18","date_gmt":"2025-03-23T10:30:18","guid":{"rendered":"https:\/\/aromasentia.com\/product\/healling-incense-plate-black-gold-lava-stone\/"},"modified":"2025-12-30T19:41:19","modified_gmt":"2025-12-30T19:41:19","slug":"heilender-raeucherstaebchenteller-schwarzer-und-goldener-lavastein","status":"publish","type":"product","link":"https:\/\/aromasentia.com\/de\/heilender-raeucherstaebchenteller-schwarzer-und-goldener-lavastein\/","title":{"rendered":"Heilender R\u00e4ucherst\u00e4bchenteller \u2013 schwarzer und goldener Lavastein"},"content":{"rendered":"<p>Transformieren Sie Ihre spirituellen Praktiken mit unseren<strong>&nbsp;Wholesale Healing Incense Plates<\/strong>. F\u00fcr Harmonie und Elevation gefertigt, strahlt die White Stone Healing Incense Plate Gelassenheit und Reinheit aus. Ideal f\u00fcr Meditation, Entspannung und spirituelle Rituale, inspiriert sie Klarheit und inneren Frieden. Kombinieren Sie sie mit unseren <strong>&nbsp;<\/strong><a href=\"https:\/\/aromasentia.com\/hip\"><strong>Heilungs-R\u00e4ucherst\u00e4bchen&nbsp;<\/strong><\/a>und <a href=\"https:\/\/aromasentia.com\/ipm\"><strong>R\u00e4ucherst\u00e4bchenformen-Set<\/strong><\/a> f\u00fcr ein komplettes sensorisches Erlebnis. Erh\u00f6hen Sie Ihre Rituale, Meditation und schaffen Sie eine ruhige Atmosph\u00e4re.<\/p>\n<p><strong>Bestellen Sie jetzt und n\u00e4hren Sie Ihre spirituelle Reise.<\/strong><\/p>\n","protected":false},"excerpt":{"rendered":"<p>Transformieren Sie Ihre spirituellen Praktiken mit unseren&nbsp;Wholesale Healing Incense Plates. F\u00fcr Harmonie und Elevation gefertigt, strahlt die White Stone Healing Incense Plate Gelassenheit und Reinheit aus. Ideal f\u00fcr Meditation, Entspannung und spirituelle Rituale, inspiriert sie Klarheit und inneren Frieden. Kombinieren Sie sie mit unseren &nbsp;Heilungs-R\u00e4ucherst\u00e4bchen&nbsp;und R\u00e4ucherst\u00e4bchenformen-Set f\u00fcr ein komplettes sensorisches Erlebnis. Erh\u00f6hen Sie Ihre Rituale, [&hellip;]<\/p>\n","protected":false},"featured_media":401567,"comment_status":"closed","ping_status":"open","template":"","meta":{"_angie_page":false},"product_brand":[],"product_cat":[25223,25667,15153,15152],"product_tag":[],"class_list":{"0":"post-222705","1":"product","2":"type-product","3":"status-publish","4":"has-post-thumbnail","6":"product_cat-edelsteine-mineralien","7":"product_cat-lavagestein-basalt","8":"product_cat-rauchergefasse-und-raucherstabchenhalter","9":"product_cat-raucherwerk-und-rauchergefasse","10":"pa_collection-healing-incense-plate-de","11":"pa_made-in-indonesien","13":"first","14":"instock","15":"purchasable","16":"product-type-simple"},"supplier_id":null,"supplier_sku":"HIPP-03","barcode":null,"atum_controlled":true,"out_stock_date":null,"out_stock_threshold":null,"inheritable":false,"inbound_stock":null,"stock_on_hold":0,"sold_today":0,"sales_last_days":0,"reserved_stock":null,"customer_returns":null,"warehouse_damage":null,"lost_in_post":null,"other_logs":null,"out_stock_days":0,"lost_sales":0,"has_location":null,"update_date":"2026-04-27T07:07:33","atum_locations":[],"atum_stock_status":"instock","restock_status":false,"low_stock_amount":"","sales_update_date":"2026-01-30T01:26:04","calc_backorders":null,"_links":{"self":[{"href":"https:\/\/aromasentia.com\/de\/wp-json\/wp\/v2\/product\/222705","targetHints":{"allow":["GET"]}}],"collection":[{"href":"https:\/\/aromasentia.com\/de\/wp-json\/wp\/v2\/product"}],"about":[{"href":"https:\/\/aromasentia.com\/de\/wp-json\/wp\/v2\/types\/product"}],"replies":[{"embeddable":true,"href":"https:\/\/aromasentia.com\/de\/wp-json\/wp\/v2\/comments?post=222705"}],"version-history":[{"count":0,"href":"https:\/\/aromasentia.com\/de\/wp-json\/wp\/v2\/product\/222705\/revisions"}],"wp:featuredmedia":[{"embeddable":true,"href":"https:\/\/aromasentia.com\/de\/wp-json\/wp\/v2\/media\/401567"}],"wp:attachment":[{"href":"https:\/\/aromasentia.com\/de\/wp-json\/wp\/v2\/media?parent=222705"}],"wp:term":[{"taxonomy":"product_brand","embeddable":true,"href":"https:\/\/aromasentia.com\/de\/wp-json\/wp\/v2\/product_brand?post=222705"},{"taxonomy":"product_cat","embeddable":true,"href":"https:\/\/aromasentia.com\/de\/wp-json\/wp\/v2\/product_cat?post=222705"},{"taxonomy":"product_tag","embeddable":true,"href":"https:\/\/aromasentia.com\/de\/wp-json\/wp\/v2\/product_tag?post=222705"}],"curies":[{"name":"wp","href":"https:\/\/api.w.org\/{rel}","templated":true}]}}