{"id":222677,"date":"2025-03-23T10:30:18","date_gmt":"2025-03-23T10:30:18","guid":{"rendered":"https:\/\/aromasentia.com\/product\/healing-incense-powder-nutmeg-100gm\/"},"modified":"2025-12-30T19:41:11","modified_gmt":"2025-12-30T19:41:11","slug":"heilendes-weihrauchpulver-muskatnuss-100-g","status":"publish","type":"product","link":"https:\/\/aromasentia.com\/de\/heilendes-weihrauchpulver-muskatnuss-100-g\/","title":{"rendered":"Heilendes Weihrauchpulver \u2013 Muskatnuss, 100 g"},"content":{"rendered":"<h1><strong>Gro\u00dfhandel f\u00fcr heilende R\u00e4ucherst\u00e4bchen<\/strong><\/h1>\n<p><strong>Das exquisite Aroma der Muskatnuss in einem duftenden R\u00e4ucherst\u00e4bchenpulver<\/strong>Perfekt, um die Sinne zu beruhigen und eine ruhige Atmosph\u00e4re zu schaffen. Sorgf\u00e4ltig zusammengestellte Mischungen aromatischer Inhaltsstoffe f\u00f6rdern das Wohlbefinden und das Gleichgewicht.&nbsp;<\/p>\n<p>Bereiten Sie ein hitzebest\u00e4ndiges R\u00e4uchergef\u00e4\u00df oder einen daf\u00fcr vorgesehenen Halter vor, f\u00fcllen Sie die Form mit R\u00e4ucherpulver und nehmen Sie es vorsichtig heraus, um es auf den Teller zu legen. Z\u00fcnden Sie das Pulver an, lassen Sie es kurz Feuer fangen und blasen Sie es dann aus, damit der aromatische Rauch Ihren Raum erf\u00fcllt. Vielleicht gef\u00e4llt Ihnen auch&nbsp;&nbsp;<\/p>\n<p><a class=\"fr-green\" href=\"https:\/\/aromasentia.com\/ipm\"><strong>R\u00e4ucherst\u00e4bchenform Set<\/strong><\/a><strong>&nbsp;<\/strong>und <a class=\"fr-green\" href=\"https:\/\/aromasentia.com\/hipp\"><strong>Healing Incense Plate.<\/strong><\/a><\/p>\n<p>Hergestellt mit einer Mischung aus Kayu-Pulver und \u00fcber drei\u00dfig nat\u00fcrlichen Kr\u00e4utern und lokalen Aromastoffen nach einem seit Generationen \u00fcberlieferten und verfeinerten Rezept. Jede Charge Weihrauch wird erst nach einer zeremoniellen Opfergabe an die G\u00f6tter gemischt.<\/p>\n<p><strong>Geben Sie sich der Ruhe hin und steigern Sie Ihr ganzheitliches Wohlbefinden mit unseren &nbsp;Heilenden Weihrauchpulvern. Jetzt bestellen<\/strong><\/p>\n","protected":false},"excerpt":{"rendered":"<p>Gro\u00dfhandel f\u00fcr heilende R\u00e4ucherst\u00e4bchen Das exquisite Aroma der Muskatnuss in einem duftenden R\u00e4ucherst\u00e4bchenpulverPerfekt, um die Sinne zu beruhigen und eine ruhige Atmosph\u00e4re zu schaffen. Sorgf\u00e4ltig zusammengestellte Mischungen aromatischer Inhaltsstoffe f\u00f6rdern das Wohlbefinden und das Gleichgewicht.&nbsp; Bereiten Sie ein hitzebest\u00e4ndiges R\u00e4uchergef\u00e4\u00df oder einen daf\u00fcr vorgesehenen Halter vor, f\u00fcllen Sie die Form mit R\u00e4ucherpulver und nehmen Sie [&hellip;]<\/p>\n","protected":false},"featured_media":401400,"comment_status":"closed","ping_status":"open","template":"","meta":{"_angie_page":false},"product_brand":[],"product_cat":[25841,26302,16024,15152,26889],"product_tag":[],"class_list":{"0":"post-222677","1":"product","2":"type-product","3":"status-publish","4":"has-post-thumbnail","6":"product_cat-dufte-aromen","7":"product_cat-muskatnuss","8":"product_cat-raucherpulver","9":"product_cat-raucherwerk-und-rauchergefasse","10":"product_cat-wurzig","11":"pa_collection-healing-incense-powder-de","12":"pa_made-in-indonesien","13":"pa_size-100g","15":"first","16":"instock","17":"purchasable","18":"product-type-simple"},"supplier_id":null,"supplier_sku":"HIP-07","barcode":null,"atum_controlled":true,"out_stock_date":null,"out_stock_threshold":null,"inheritable":false,"inbound_stock":null,"stock_on_hold":0,"sold_today":0,"sales_last_days":0,"reserved_stock":null,"customer_returns":null,"warehouse_damage":null,"lost_in_post":null,"other_logs":null,"out_stock_days":0,"lost_sales":0,"has_location":null,"update_date":"2026-04-29T13:02:36","atum_locations":[],"atum_stock_status":"instock","restock_status":false,"low_stock_amount":"","sales_update_date":"2025-09-03T00:19:43","calc_backorders":null,"_links":{"self":[{"href":"https:\/\/aromasentia.com\/de\/wp-json\/wp\/v2\/product\/222677","targetHints":{"allow":["GET"]}}],"collection":[{"href":"https:\/\/aromasentia.com\/de\/wp-json\/wp\/v2\/product"}],"about":[{"href":"https:\/\/aromasentia.com\/de\/wp-json\/wp\/v2\/types\/product"}],"replies":[{"embeddable":true,"href":"https:\/\/aromasentia.com\/de\/wp-json\/wp\/v2\/comments?post=222677"}],"version-history":[{"count":0,"href":"https:\/\/aromasentia.com\/de\/wp-json\/wp\/v2\/product\/222677\/revisions"}],"wp:featuredmedia":[{"embeddable":true,"href":"https:\/\/aromasentia.com\/de\/wp-json\/wp\/v2\/media\/401400"}],"wp:attachment":[{"href":"https:\/\/aromasentia.com\/de\/wp-json\/wp\/v2\/media?parent=222677"}],"wp:term":[{"taxonomy":"product_brand","embeddable":true,"href":"https:\/\/aromasentia.com\/de\/wp-json\/wp\/v2\/product_brand?post=222677"},{"taxonomy":"product_cat","embeddable":true,"href":"https:\/\/aromasentia.com\/de\/wp-json\/wp\/v2\/product_cat?post=222677"},{"taxonomy":"product_tag","embeddable":true,"href":"https:\/\/aromasentia.com\/de\/wp-json\/wp\/v2\/product_tag?post=222677"}],"curies":[{"name":"wp","href":"https:\/\/api.w.org\/{rel}","templated":true}]}}