{"id":222569,"date":"2025-03-23T10:30:27","date_gmt":"2025-03-23T10:30:27","guid":{"rendered":"https:\/\/aromasentia.com\/product\/box-of-satya-citronella-backflow-dhoop-cone\/"},"modified":"2025-12-30T19:40:47","modified_gmt":"2025-12-30T19:40:47","slug":"box-of-satya-citronella-backflow-dhoop-cone","status":"publish","type":"product","link":"https:\/\/aromasentia.com\/de\/box-of-satya-citronella-backflow-dhoop-cone\/","title":{"rendered":"Box of  &#8211; Satya Citronella Backflow Dhoop Cone"},"content":{"rendered":"<p><span style=\"color: rgb(75, 80, 88);\"><strong>Aroma Sentia <\/strong> Satya Backflow Dhoop Cones verleihen Ihrem Zuhause diese frischen und belebenden Aromen. Diese Kegel werden in Indien aus reinen Extrakten und feinsten Duft\u00f6len handgefertigt.&nbsp;<\/span><\/p>\n<p><span style=\"color: rgb(75, 80, 88);\">Lassen Sie dieses Aroma Ihr Zuhause oder Gesch\u00e4ft erf\u00fcllen und eine wundervolle Atmosph\u00e4re schaffen. Legen Sie es einfach in einen R\u00e4ucherst\u00e4bchenhalter und genie\u00dfen Sie den wunderbaren Duft, der entsteht.<\/span><\/p>\n<p><span style=\"color: rgb(75, 80, 88);\">Verwenden Sie diese Dhoop-Kegel mit einem&nbsp;<\/span><a href=\"https:\/\/aromasentia.com\/backf\"><span style=\"color: rgb(149, 122, 101);\">Backflow-R\u00e4ucherst\u00e4bchenhalter<\/span><\/a><span style=\"color: rgb(75, 80, 88);\">f\u00fcr beste Ergebnisse.<\/span><\/p>\n<p><strong>Jede Packung enth\u00e4lt 24 Kegel.<\/strong><\/p>\n<p><span style=\"color: rgb(141, 186, 216);\"><strong>Sehr beliebte Marke, die regelm\u00e4\u00dfig neue D\u00fcfte einf\u00fchrt.<\/strong><\/span><\/p>\n","protected":false},"excerpt":{"rendered":"<p>Aroma Sentia Satya Backflow Dhoop Cones verleihen Ihrem Zuhause diese frischen und belebenden Aromen. Diese Kegel werden in Indien aus reinen Extrakten und feinsten Duft\u00f6len handgefertigt.&nbsp; Lassen Sie dieses Aroma Ihr Zuhause oder Gesch\u00e4ft erf\u00fcllen und eine wundervolle Atmosph\u00e4re schaffen. Legen Sie es einfach in einen R\u00e4ucherst\u00e4bchenhalter und genie\u00dfen Sie den wunderbaren Duft, der entsteht. [&hellip;]<\/p>\n","protected":false},"featured_media":403193,"comment_status":"closed","ping_status":"open","template":"","meta":{"_angie_page":false},"product_brand":[27135],"product_cat":[26138,25841,15331,15152,26819],"product_tag":[],"class_list":{"0":"post-222569","1":"product","2":"type-product","3":"status-publish","4":"has-post-thumbnail","6":"product_brand-satya","7":"product_cat-citronella","8":"product_cat-dufte-aromen","9":"product_cat-raucherkegel","10":"product_cat-raucherwerk-und-rauchergefasse","11":"product_cat-zitrus","12":"pa_collection-satya-backflow-dhoop-cones-de","13":"pa_made-in-indien","15":"first","16":"instock","17":"purchasable","18":"product-type-simple"},"supplier_id":null,"supplier_sku":"iSatyaBF-09DS","barcode":null,"atum_controlled":true,"out_stock_date":null,"out_stock_threshold":null,"inheritable":false,"inbound_stock":null,"stock_on_hold":0,"sold_today":0,"sales_last_days":0,"reserved_stock":null,"customer_returns":null,"warehouse_damage":null,"lost_in_post":null,"other_logs":null,"out_stock_days":0,"lost_sales":0,"has_location":null,"update_date":"2026-04-27T07:09:24","atum_locations":[],"atum_stock_status":"instock","restock_status":false,"low_stock_amount":"","sales_update_date":"2026-01-30T01:24:56","calc_backorders":null,"_links":{"self":[{"href":"https:\/\/aromasentia.com\/de\/wp-json\/wp\/v2\/product\/222569","targetHints":{"allow":["GET"]}}],"collection":[{"href":"https:\/\/aromasentia.com\/de\/wp-json\/wp\/v2\/product"}],"about":[{"href":"https:\/\/aromasentia.com\/de\/wp-json\/wp\/v2\/types\/product"}],"replies":[{"embeddable":true,"href":"https:\/\/aromasentia.com\/de\/wp-json\/wp\/v2\/comments?post=222569"}],"version-history":[{"count":0,"href":"https:\/\/aromasentia.com\/de\/wp-json\/wp\/v2\/product\/222569\/revisions"}],"wp:featuredmedia":[{"embeddable":true,"href":"https:\/\/aromasentia.com\/de\/wp-json\/wp\/v2\/media\/403193"}],"wp:attachment":[{"href":"https:\/\/aromasentia.com\/de\/wp-json\/wp\/v2\/media?parent=222569"}],"wp:term":[{"taxonomy":"product_brand","embeddable":true,"href":"https:\/\/aromasentia.com\/de\/wp-json\/wp\/v2\/product_brand?post=222569"},{"taxonomy":"product_cat","embeddable":true,"href":"https:\/\/aromasentia.com\/de\/wp-json\/wp\/v2\/product_cat?post=222569"},{"taxonomy":"product_tag","embeddable":true,"href":"https:\/\/aromasentia.com\/de\/wp-json\/wp\/v2\/product_tag?post=222569"}],"curies":[{"name":"wp","href":"https:\/\/api.w.org\/{rel}","templated":true}]}}