{"id":222493,"date":"2025-03-23T10:30:27","date_gmt":"2025-03-23T10:30:27","guid":{"rendered":"https:\/\/aromasentia.com\/product\/satya-incense-sticks-15g-himalayan-jasmine\/"},"modified":"2025-12-30T19:40:31","modified_gmt":"2025-12-30T19:40:31","slug":"15g-packung-himalaya-jasmin","status":"publish","type":"product","link":"https:\/\/aromasentia.com\/de\/15g-packung-himalaya-jasmin\/","title":{"rendered":"15g Packung &#8211; Himalaya-Jasmin"},"content":{"rendered":"<p><span style=\"color: rgb(75, 80, 88);\">Z\u00fcnden Sie einfach ein Satya-R\u00e4ucherst\u00e4bchen an und freuen Sie sich darauf, wie sich Ihr Zuhause mit diesen frischen und belebenden Aromen verwandelt. Diese <strong>Satya-R\u00e4ucherst\u00e4bchen<\/strong> werden in Indien aus reinen Extrakten und feinsten Duft\u00f6len handgerollt. Lassen Sie diesen Duft Ihr Zuhause oder Gesch\u00e4ft erf\u00fcllen und eine wundervolle Atmosph\u00e4re schaffen.<\/span><\/p>\n<p><span style=\"color: rgb(75, 80, 88);\">Die Verwendung von R\u00e4ucherst\u00e4bchen ist ganz einfach: Z\u00fcnden Sie einfach das Ende an und warten Sie, bis es gl\u00fcht und die Flamme erlischt. Legen Sie es dann in einen R\u00e4ucherst\u00e4bchenhalter und genie\u00dfen Sie den wunderbaren Duft, der entsteht.<\/span><\/p>\n<p><span style=\"color: rgb(75, 80, 88);\">Satya R\u00e4ucherst\u00e4bchen&nbsp;<\/span><\/p>\n<p><span style=\"color: rgb(75, 80, 88);\">&#8211; Enth\u00e4lt 15 g R\u00e4ucherst\u00e4bchen (ca. 15 St\u00e4bchen)&nbsp;<\/span><\/p>\n<p><span style=\"color: rgb(75, 80, 88);\">&#8211; Recycelbare Verpackung&nbsp;<\/span><\/p>\n<p><span style=\"color: rgb(75, 80, 88);\">&#8211; F\u00fcr beste Ergebnisse mit einem R\u00e4ucherst\u00e4bchenhalter verwenden&nbsp;<\/span><\/p>\n<p><span style=\"color: rgb(75, 80, 88);\">&#8211; Brenndauer der St\u00e4bchen: Ca. 30 min&nbsp;<\/span><\/p>\n<p><span style=\"color: rgb(75, 80, 88);\">Passt am besten zu unseren beliebten&nbsp;<\/span><a href=\"https:\/\/aromasentia.com\/ish\"><span style=\"color: rgb(149, 122, 101);\">R\u00e4ucherst\u00e4bchenhaltern aus Holz<\/span><\/a> <span style=\"color: rgb(75, 80, 88);\">und<\/span> <a href=\"https:\/\/aromasentia.com\/wwih\"><span style=\"color: rgb(149, 122, 101);\">R\u00e4ucherst\u00e4bchenhaltern in Wei\u00df<\/span><\/a><span style=\"color: rgb(149, 122, 101);\">.&nbsp;<\/span><\/p>\n<p><span style=\"color: rgb(141, 186, 216);\"><strong>\u00c4u\u00dferst beliebte Marke &#8230; es werden regelm\u00e4\u00dfig neue D\u00fcfte eingef\u00fchrt. Erweitern Sie Ihr Produktportfolio und steigern Sie Ihren Umsatz.<\/strong><\/span><\/p>\n","protected":false},"excerpt":{"rendered":"<p>Z\u00fcnden Sie einfach ein Satya-R\u00e4ucherst\u00e4bchen an und freuen Sie sich darauf, wie sich Ihr Zuhause mit diesen frischen und belebenden Aromen verwandelt. Diese Satya-R\u00e4ucherst\u00e4bchen werden in Indien aus reinen Extrakten und feinsten Duft\u00f6len handgerollt. Lassen Sie diesen Duft Ihr Zuhause oder Gesch\u00e4ft erf\u00fcllen und eine wundervolle Atmosph\u00e4re schaffen. Die Verwendung von R\u00e4ucherst\u00e4bchen ist ganz einfach: [&hellip;]<\/p>\n","protected":false},"featured_media":402902,"comment_status":"closed","ping_status":"open","template":"","meta":{"_angie_page":false},"product_brand":[27135],"product_cat":[26833,25841,26224,15197,15152],"product_tag":[],"class_list":{"0":"post-222493","1":"product","2":"type-product","3":"status-publish","4":"has-post-thumbnail","6":"product_brand-satya","7":"product_cat-blumig","8":"product_cat-dufte-aromen","9":"product_cat-jasmin","10":"product_cat-raucherstabchen","11":"product_cat-raucherwerk-und-rauchergefasse","12":"pa_collection-satya-incense-sticks-de","13":"pa_made-in-indien","15":"first","16":"instock","17":"purchasable","18":"product-type-simple"},"supplier_id":null,"supplier_sku":"iSatya-37","barcode":null,"atum_controlled":true,"out_stock_date":null,"out_stock_threshold":null,"inheritable":false,"inbound_stock":null,"stock_on_hold":0,"sold_today":0,"sales_last_days":0,"reserved_stock":null,"customer_returns":null,"warehouse_damage":null,"lost_in_post":null,"other_logs":null,"out_stock_days":0,"lost_sales":0,"has_location":null,"update_date":"2026-05-08T05:11:56","atum_locations":[],"atum_stock_status":"instock","restock_status":false,"low_stock_amount":"","sales_update_date":"2025-09-03T00:19:33","calc_backorders":null,"_links":{"self":[{"href":"https:\/\/aromasentia.com\/de\/wp-json\/wp\/v2\/product\/222493","targetHints":{"allow":["GET"]}}],"collection":[{"href":"https:\/\/aromasentia.com\/de\/wp-json\/wp\/v2\/product"}],"about":[{"href":"https:\/\/aromasentia.com\/de\/wp-json\/wp\/v2\/types\/product"}],"replies":[{"embeddable":true,"href":"https:\/\/aromasentia.com\/de\/wp-json\/wp\/v2\/comments?post=222493"}],"version-history":[{"count":0,"href":"https:\/\/aromasentia.com\/de\/wp-json\/wp\/v2\/product\/222493\/revisions"}],"wp:featuredmedia":[{"embeddable":true,"href":"https:\/\/aromasentia.com\/de\/wp-json\/wp\/v2\/media\/402902"}],"wp:attachment":[{"href":"https:\/\/aromasentia.com\/de\/wp-json\/wp\/v2\/media?parent=222493"}],"wp:term":[{"taxonomy":"product_brand","embeddable":true,"href":"https:\/\/aromasentia.com\/de\/wp-json\/wp\/v2\/product_brand?post=222493"},{"taxonomy":"product_cat","embeddable":true,"href":"https:\/\/aromasentia.com\/de\/wp-json\/wp\/v2\/product_cat?post=222493"},{"taxonomy":"product_tag","embeddable":true,"href":"https:\/\/aromasentia.com\/de\/wp-json\/wp\/v2\/product_tag?post=222493"}],"curies":[{"name":"wp","href":"https:\/\/api.w.org\/{rel}","templated":true}]}}