{"id":222457,"date":"2025-03-23T10:30:27","date_gmt":"2025-03-23T10:30:27","guid":{"rendered":"https:\/\/aromasentia.com\/product\/satya-incense-15gm-lemongrass\/"},"modified":"2025-12-30T19:40:22","modified_gmt":"2025-12-30T19:40:22","slug":"15g-packung-zitronengras","status":"publish","type":"product","link":"https:\/\/aromasentia.com\/de\/15g-packung-zitronengras\/","title":{"rendered":"15g Packung &#8211; \u00a0Zitronengras"},"content":{"rendered":"<p><span style=\"color: rgb(75, 80, 88);\">Das Satya-Zitronengras-R\u00e4ucherst\u00e4bchen kann Stress abbauen und Ihnen zu mehr Ruhe und Entspannung verhelfen. &nbsp;Wenn Sie es vor dem Schlafengehen verbrennen, kann es Ihnen beim Einschlafen helfen. Seine zitronenartige Basis revitalisiert K\u00f6rper und Geist, hilft bei der Heilung und bringt Freude. Zitronengras-R\u00e4ucherst\u00e4bchen haben stark verj\u00fcngende und erhebende Eigenschaften.<\/span><\/p>\n<p><span style=\"color: rgb(75, 80, 88);\">Z\u00fcnden Sie einfach ein Satya-R\u00e4ucherst\u00e4bchen an und warten Sie, bis Ihr Zuhause von diesen hellen und belebenden Aromen verwandelt wird. Diese <strong>Satya-R\u00e4ucherst\u00e4bchen<\/strong> werden in Indien aus reinen Extrakten und feinsten Duft\u00f6len von Hand gerollt. Lassen Sie dieses Aroma Ihr Zuhause oder Gesch\u00e4ft erf\u00fcllen und eine wundervolle Atmosph\u00e4re schaffen.<\/span><\/p>\n<p><span style=\"color: rgb(75, 80, 88);\">Die Verwendung von R\u00e4ucherst\u00e4bchen ist einfach: Z\u00fcnden Sie einfach das Ende an und warten Sie, bis es gl\u00fcht und die Flamme erlischt. Legen Sie es dann in einen R\u00e4ucherst\u00e4bchenhalter und genie\u00dfen Sie den wunderbaren Duft, der entsteht.<\/span><\/p>\n<p><span style=\"color: rgb(75, 80, 88);\">Satya R\u00e4ucherst\u00e4bchen&nbsp;<\/span><\/p>\n<p><span style=\"color: rgb(75, 80, 88);\">&#8211; Enth\u00e4lt 15 g R\u00e4ucherst\u00e4bchen (ca. 15 St\u00e4bchen)&nbsp;<\/span><\/p>\n<p><span style=\"color: rgb(75, 80, 88);\">&#8211; Recycelbare Verpackung&nbsp;<\/span><\/p>\n<p><span style=\"color: rgb(75, 80, 88);\">&#8211; F\u00fcr beste Ergebnisse mit einem R\u00e4ucherst\u00e4bchenhalter verwenden&nbsp;<\/span><\/p>\n<p><span style=\"color: rgb(75, 80, 88);\">&#8211; Brenndauer der St\u00e4bchen: Ca. 30 min&nbsp;<\/span><\/p>\n<p><span style=\"color: rgb(75, 80, 88);\">Passt am besten zu unseren beliebten&nbsp;<\/span><a href=\"https:\/\/aromasentia.com\/ish\"><span style=\"color: rgb(149, 122, 101);\">R\u00e4ucherst\u00e4bchenhaltern aus Holz<\/span><\/a> <span style=\"color: rgb(75, 80, 88);\">und<\/span> <a href=\"https:\/\/aromasentia.com\/wwih\"><span style=\"color: rgb(149, 122, 101);\">R\u00e4ucherst\u00e4bchenhaltern in Wei\u00df<\/span><\/a><span style=\"color: rgb(149, 122, 101);\">.&nbsp;<\/span><\/p>\n<p><span style=\"color: rgb(141, 186, 216);\"><strong>\u00c4u\u00dferst beliebte Marke &#8230; es werden regelm\u00e4\u00dfig neue D\u00fcfte eingef\u00fchrt. Erweitern Sie Ihr Produktportfolio und steigern Sie Ihren Umsatz.<\/strong><\/span><\/p>\n","protected":false},"excerpt":{"rendered":"<p>Das Satya-Zitronengras-R\u00e4ucherst\u00e4bchen kann Stress abbauen und Ihnen zu mehr Ruhe und Entspannung verhelfen. &nbsp;Wenn Sie es vor dem Schlafengehen verbrennen, kann es Ihnen beim Einschlafen helfen. Seine zitronenartige Basis revitalisiert K\u00f6rper und Geist, hilft bei der Heilung und bringt Freude. Zitronengras-R\u00e4ucherst\u00e4bchen haben stark verj\u00fcngende und erhebende Eigenschaften. Z\u00fcnden Sie einfach ein Satya-R\u00e4ucherst\u00e4bchen an und warten [&hellip;]<\/p>\n","protected":false},"featured_media":402653,"comment_status":"closed","ping_status":"open","template":"","meta":{"_angie_page":false},"product_brand":[27135],"product_cat":[25841,15197,15152,26253,26819],"product_tag":[],"class_list":{"0":"post-222457","1":"product","2":"type-product","3":"status-publish","4":"has-post-thumbnail","6":"product_brand-satya","7":"product_cat-dufte-aromen","8":"product_cat-raucherstabchen","9":"product_cat-raucherwerk-und-rauchergefasse","10":"product_cat-zitronengras","11":"product_cat-zitrus","12":"pa_collection-satya-incense-sticks-de","13":"pa_made-in-indien","15":"first","16":"instock","17":"purchasable","18":"product-type-simple"},"supplier_id":null,"supplier_sku":"iSatya-28","barcode":null,"atum_controlled":true,"out_stock_date":null,"out_stock_threshold":null,"inheritable":false,"inbound_stock":null,"stock_on_hold":0,"sold_today":0,"sales_last_days":0,"reserved_stock":null,"customer_returns":null,"warehouse_damage":null,"lost_in_post":null,"other_logs":null,"out_stock_days":0,"lost_sales":0,"has_location":null,"update_date":"2026-04-27T07:09:07","atum_locations":[],"atum_stock_status":"instock","restock_status":false,"low_stock_amount":"","sales_update_date":"2025-09-03T00:19:31","calc_backorders":null,"_links":{"self":[{"href":"https:\/\/aromasentia.com\/de\/wp-json\/wp\/v2\/product\/222457","targetHints":{"allow":["GET"]}}],"collection":[{"href":"https:\/\/aromasentia.com\/de\/wp-json\/wp\/v2\/product"}],"about":[{"href":"https:\/\/aromasentia.com\/de\/wp-json\/wp\/v2\/types\/product"}],"replies":[{"embeddable":true,"href":"https:\/\/aromasentia.com\/de\/wp-json\/wp\/v2\/comments?post=222457"}],"version-history":[{"count":0,"href":"https:\/\/aromasentia.com\/de\/wp-json\/wp\/v2\/product\/222457\/revisions"}],"wp:featuredmedia":[{"embeddable":true,"href":"https:\/\/aromasentia.com\/de\/wp-json\/wp\/v2\/media\/402653"}],"wp:attachment":[{"href":"https:\/\/aromasentia.com\/de\/wp-json\/wp\/v2\/media?parent=222457"}],"wp:term":[{"taxonomy":"product_brand","embeddable":true,"href":"https:\/\/aromasentia.com\/de\/wp-json\/wp\/v2\/product_brand?post=222457"},{"taxonomy":"product_cat","embeddable":true,"href":"https:\/\/aromasentia.com\/de\/wp-json\/wp\/v2\/product_cat?post=222457"},{"taxonomy":"product_tag","embeddable":true,"href":"https:\/\/aromasentia.com\/de\/wp-json\/wp\/v2\/product_tag?post=222457"}],"curies":[{"name":"wp","href":"https:\/\/api.w.org\/{rel}","templated":true}]}}