{"id":222429,"date":"2025-03-23T10:30:36","date_gmt":"2025-03-23T10:30:36","guid":{"rendered":"https:\/\/aromasentia.com\/product\/smudge-stick-white-sage-copal-resin-10cm\/"},"modified":"2025-12-30T19:40:22","modified_gmt":"2025-12-30T19:40:22","slug":"raeucherbuendel-kopal-10cm","status":"publish","type":"product","link":"https:\/\/aromasentia.com\/de\/raeucherbuendel-kopal-10cm\/","title":{"rendered":"R\u00e4ucherb\u00fcndel  &#8211; Kopal  10cm"},"content":{"rendered":"<p><strong><span style=\"color: rgb(75, 80, 88);\">Aroma Sentia R\u00e4ucherst\u00e4bchen R\u00e4ucherst\u00e4bchen &#8211;&nbsp;<\/span><\/strong><strong>Copal 10<\/strong><strong>cm&nbsp;<\/strong><span style=\"color: rgb(75, 80, 88);\">k\u00f6nnen zur Reinigung der Aura verwendet werden, zum Beispiel vor Meditation oder Gebet. Sie werden auch h\u00e4ufig von K\u00f6rpertherapeuten und Therapeuten vor Behandlungen verwendet.<\/span><\/p>\n<p><span style=\"color: rgb(75, 80, 88);\">R\u00e4uchern wird seit langem verwendet, um sich mit der spirituellen Welt zu verbinden oder die Intuition zu st\u00e4rken. Das Verbrennen von Salbei oder R\u00e4ucherwerk kann die Stimmung heben und ist auch ein gro\u00dfartiges Mittel gegen Stress.<\/span><\/p>\n","protected":false},"excerpt":{"rendered":"<p>Aroma Sentia R\u00e4ucherst\u00e4bchen R\u00e4ucherst\u00e4bchen &#8211;&nbsp;Copal 10cm&nbsp;k\u00f6nnen zur Reinigung der Aura verwendet werden, zum Beispiel vor Meditation oder Gebet. Sie werden auch h\u00e4ufig von K\u00f6rpertherapeuten und Therapeuten vor Behandlungen verwendet. R\u00e4uchern wird seit langem verwendet, um sich mit der spirituellen Welt zu verbinden oder die Intuition zu st\u00e4rken. Das Verbrennen von Salbei oder R\u00e4ucherwerk kann die [&hellip;]<\/p>\n","protected":false},"featured_media":405618,"comment_status":"closed","ping_status":"open","template":"","meta":[],"product_brand":[],"product_cat":[25841,26861,15152,25816,26477],"product_tag":[],"class_list":{"0":"post-222429","1":"product","2":"type-product","3":"status-publish","4":"has-post-thumbnail","6":"product_cat-dufte-aromen","7":"product_cat-krauter-aromatisch","8":"product_cat-raucherwerk-und-rauchergefasse","9":"product_cat-smudge-sticks","10":"product_cat-weiser-salbei","11":"pa_collection-wrapped-smudge-sticks-de","12":"pa_made-in-mexiko","14":"first","15":"instock","16":"purchasable","17":"product-type-simple"},"supplier_id":null,"supplier_sku":"MSage-06","barcode":null,"atum_controlled":true,"out_stock_date":null,"out_stock_threshold":null,"inheritable":false,"inbound_stock":null,"stock_on_hold":0,"sold_today":0,"sales_last_days":0,"reserved_stock":null,"customer_returns":null,"warehouse_damage":null,"lost_in_post":null,"other_logs":null,"out_stock_days":0,"lost_sales":0,"has_location":null,"update_date":"2026-02-11T03:23:37","atum_locations":[],"atum_stock_status":"instock","restock_status":false,"low_stock_amount":"","sales_update_date":"2025-09-03T00:19:29","calc_backorders":null,"_links":{"self":[{"href":"https:\/\/aromasentia.com\/de\/wp-json\/wp\/v2\/product\/222429","targetHints":{"allow":["GET"]}}],"collection":[{"href":"https:\/\/aromasentia.com\/de\/wp-json\/wp\/v2\/product"}],"about":[{"href":"https:\/\/aromasentia.com\/de\/wp-json\/wp\/v2\/types\/product"}],"replies":[{"embeddable":true,"href":"https:\/\/aromasentia.com\/de\/wp-json\/wp\/v2\/comments?post=222429"}],"version-history":[{"count":0,"href":"https:\/\/aromasentia.com\/de\/wp-json\/wp\/v2\/product\/222429\/revisions"}],"wp:featuredmedia":[{"embeddable":true,"href":"https:\/\/aromasentia.com\/de\/wp-json\/wp\/v2\/media\/405618"}],"wp:attachment":[{"href":"https:\/\/aromasentia.com\/de\/wp-json\/wp\/v2\/media?parent=222429"}],"wp:term":[{"taxonomy":"product_brand","embeddable":true,"href":"https:\/\/aromasentia.com\/de\/wp-json\/wp\/v2\/product_brand?post=222429"},{"taxonomy":"product_cat","embeddable":true,"href":"https:\/\/aromasentia.com\/de\/wp-json\/wp\/v2\/product_cat?post=222429"},{"taxonomy":"product_tag","embeddable":true,"href":"https:\/\/aromasentia.com\/de\/wp-json\/wp\/v2\/product_tag?post=222429"}],"curies":[{"name":"wp","href":"https:\/\/api.w.org\/{rel}","templated":true}]}}