{"id":222397,"date":"2025-03-23T10:30:36","date_gmt":"2025-03-23T10:30:36","guid":{"rendered":"https:\/\/aromasentia.com\/product\/42g-jumbo-golden-nag-reiki-energy-back-flow-incense-cones\/"},"modified":"2025-12-30T19:40:14","modified_gmt":"2025-12-30T19:40:14","slug":"42-g-jumbo-golden-nag-reiki-energie-rueckfluss-raeucherkegel","status":"publish","type":"product","link":"https:\/\/aromasentia.com\/de\/42-g-jumbo-golden-nag-reiki-energie-rueckfluss-raeucherkegel\/","title":{"rendered":"42 g Jumbo Golden Nag \u2013 Reiki-Energie-R\u00fcckfluss-R\u00e4ucherkegel"},"content":{"rendered":"<p><span style=\"color: rgb(75, 80, 88);\">Entdecken Sie <strong>J<\/strong><strong>umbo Golden Nag Back Flow R\u00e4ucherkegel<\/strong> f\u00fcr ein beruhigendes Sinneserlebnis.&nbsp;<\/span><\/p>\n<p><span style=\"color: rgb(75, 80, 88);\"><strong>Bereichern Sie Ihre Umgebung mit dem belebenden Duft von Reiki-Energie, w\u00e4hrend jeder Kegel seine aromatische Symphonie in die Luft entfaltet.<\/strong> Die erhebenden und spirituell n\u00e4hrenden Noten schaffen eine Atmosph\u00e4re der Ausgeglichenheit und Vitalit\u00e4t und machen diese R\u00e4ucherkegel zum perfekten Begleiter f\u00fcr Meditation, Energiearbeit oder um Ihren Raum mit einem Gef\u00fchl der Positivit\u00e4t zu bereichern.<\/span> <\/p>\n<p><span style=\"color: rgb(75, 80, 88);\">Diese Kegel haben ein cleveres Design, das <strong>den Rauch wie einen Wasserfall flie\u00dfen l\u00e4sst<\/strong> und jedem Raum eine k\u00fcnstlerische und beruhigende Note verleiht. Diese Kegel sind ideal f\u00fcr Meditationsr\u00e4ume und Entspannungsbereiche und werten die Atmosph\u00e4re mit ihrer einzigartigen Optik auf.<\/span><\/p>\n<p><span style=\"color: rgb(75, 80, 88);\"><strong>Jede Packung pyramidenf\u00f6rmiger Masala Backflow-Kegel enth\u00e4lt 10 Kegel.<\/strong> Das dreieckige Boxdesign wird Ihren Kunden garantiert ins Auge fallen.&nbsp;<\/span><\/p>\n<p><span style=\"color: rgb(75, 80, 88);\">Tauchen Sie ein in eine Welt der Entspannung und des optischen Genusses mit den Jumbo Golden Nag Back Flow-R\u00e4ucherkegeln.<\/span><\/p>\n","protected":false},"excerpt":{"rendered":"<p>Entdecken Sie Jumbo Golden Nag Back Flow R\u00e4ucherkegel f\u00fcr ein beruhigendes Sinneserlebnis.&nbsp; Bereichern Sie Ihre Umgebung mit dem belebenden Duft von Reiki-Energie, w\u00e4hrend jeder Kegel seine aromatische Symphonie in die Luft entfaltet. Die erhebenden und spirituell n\u00e4hrenden Noten schaffen eine Atmosph\u00e4re der Ausgeglichenheit und Vitalit\u00e4t und machen diese R\u00e4ucherkegel zum perfekten Begleiter f\u00fcr Meditation, Energiearbeit [&hellip;]<\/p>\n","protected":false},"featured_media":405466,"comment_status":"closed","ping_status":"open","template":"","meta":{"_angie_page":false},"product_brand":[],"product_cat":[15331,15152],"product_tag":[],"class_list":{"0":"post-222397","1":"product","2":"type-product","3":"status-publish","4":"has-post-thumbnail","6":"product_cat-raucherkegel","7":"product_cat-raucherwerk-und-rauchergefasse","8":"pa_collection-jumbo-golden-nag-backflow-incense-cones-de","9":"pa_made-in-indien","11":"first","12":"instock","13":"purchasable","14":"product-type-simple"},"supplier_id":null,"supplier_sku":"JBackF-10","barcode":null,"atum_controlled":true,"out_stock_date":null,"out_stock_threshold":null,"inheritable":false,"inbound_stock":null,"stock_on_hold":0,"sold_today":0,"sales_last_days":0,"reserved_stock":null,"customer_returns":null,"warehouse_damage":null,"lost_in_post":null,"other_logs":null,"out_stock_days":0,"lost_sales":0,"has_location":null,"update_date":"2026-04-27T07:09:49","atum_locations":[],"atum_stock_status":"instock","restock_status":false,"low_stock_amount":"","sales_update_date":"2026-02-06T00:02:50","calc_backorders":null,"_links":{"self":[{"href":"https:\/\/aromasentia.com\/de\/wp-json\/wp\/v2\/product\/222397","targetHints":{"allow":["GET"]}}],"collection":[{"href":"https:\/\/aromasentia.com\/de\/wp-json\/wp\/v2\/product"}],"about":[{"href":"https:\/\/aromasentia.com\/de\/wp-json\/wp\/v2\/types\/product"}],"replies":[{"embeddable":true,"href":"https:\/\/aromasentia.com\/de\/wp-json\/wp\/v2\/comments?post=222397"}],"version-history":[{"count":0,"href":"https:\/\/aromasentia.com\/de\/wp-json\/wp\/v2\/product\/222397\/revisions"}],"wp:featuredmedia":[{"embeddable":true,"href":"https:\/\/aromasentia.com\/de\/wp-json\/wp\/v2\/media\/405466"}],"wp:attachment":[{"href":"https:\/\/aromasentia.com\/de\/wp-json\/wp\/v2\/media?parent=222397"}],"wp:term":[{"taxonomy":"product_brand","embeddable":true,"href":"https:\/\/aromasentia.com\/de\/wp-json\/wp\/v2\/product_brand?post=222397"},{"taxonomy":"product_cat","embeddable":true,"href":"https:\/\/aromasentia.com\/de\/wp-json\/wp\/v2\/product_cat?post=222397"},{"taxonomy":"product_tag","embeddable":true,"href":"https:\/\/aromasentia.com\/de\/wp-json\/wp\/v2\/product_tag?post=222397"}],"curies":[{"name":"wp","href":"https:\/\/api.w.org\/{rel}","templated":true}]}}