{"id":222361,"date":"2025-03-23T10:30:36","date_gmt":"2025-03-23T10:30:36","guid":{"rendered":"https:\/\/aromasentia.com\/product\/42g-jumbo-golden-nag-champa-back-flow-incense-cones\/"},"modified":"2025-12-30T19:40:06","modified_gmt":"2025-12-30T19:40:06","slug":"42-g-jumbo-golden-nag-champa-backflow-raeucherkegel","status":"publish","type":"product","link":"https:\/\/aromasentia.com\/de\/42-g-jumbo-golden-nag-champa-backflow-raeucherkegel\/","title":{"rendered":"42 g Jumbo Golden Nag \u2013 Champa Backflow R\u00e4ucherkegel"},"content":{"rendered":"<p><span style=\"color: rgb(75, 80, 88);\">Entdecken Sie die <strong>J<\/strong><strong>umbo Golden Nag Back Flow R\u00e4ucherkegel<\/strong> f\u00fcr ein beruhigendes Sinneserlebnis.&nbsp;<\/span><\/p>\n<p><span style=\"color: rgb(75, 80, 88);\"><strong>Umh\u00fcllen Sie sich mit dem zeitlosen Aroma von Champa<\/strong>, einem Duft, der seit Generationen verzaubert und bezaubert. Mit jedem Kegel wird die Luft mit den s\u00fc\u00dfen und blumigen Noten erf\u00fcllt, f\u00fcr die Champa bekannt ist. Lassen Sie sich beim Anz\u00fcnden des Kegels nicht nur vom Duft, sondern auch vom fesselnden visuellen Erlebnis verzaubern.<\/span><\/p>\n<p><span style=\"color: rgb(75, 80, 88);\">Diese Kegel haben ein cleveres Design, das <strong>den Rauch wie einen Wasserfall flie\u00dfen l\u00e4sst<\/strong> und jedem Raum eine k\u00fcnstlerische und beruhigende Note verleiht. Diese Kegel sind ideal f\u00fcr Meditationsr\u00e4ume und Entspannungsbereiche und werten die Atmosph\u00e4re mit ihrer einzigartigen Optik auf.<\/span><\/p>\n<p><span style=\"color: rgb(75, 80, 88);\"><strong>Jede Packung pyramidenf\u00f6rmiger Masala Backflow-Kegel enth\u00e4lt 10 Kegel.<\/strong> Das dreieckige Boxdesign wird Ihren Kunden garantiert ins Auge fallen.&nbsp;<\/span><\/p>\n<p><span style=\"color: rgb(75, 80, 88);\">Tauchen Sie ein in eine Welt der Entspannung und des optischen Genusses mit den Jumbo Golden Nag Back Flow-R\u00e4ucherkegeln.<\/span><\/p>\n","protected":false},"excerpt":{"rendered":"<p>Entdecken Sie die Jumbo Golden Nag Back Flow R\u00e4ucherkegel f\u00fcr ein beruhigendes Sinneserlebnis.&nbsp; Umh\u00fcllen Sie sich mit dem zeitlosen Aroma von Champa, einem Duft, der seit Generationen verzaubert und bezaubert. Mit jedem Kegel wird die Luft mit den s\u00fc\u00dfen und blumigen Noten erf\u00fcllt, f\u00fcr die Champa bekannt ist. Lassen Sie sich beim Anz\u00fcnden des Kegels [&hellip;]<\/p>\n","protected":false},"featured_media":405121,"comment_status":"closed","ping_status":"open","template":"","meta":{"_angie_page":false},"product_brand":[],"product_cat":[15331,15152],"product_tag":[],"class_list":{"0":"post-222361","1":"product","2":"type-product","3":"status-publish","4":"has-post-thumbnail","6":"product_cat-raucherkegel","7":"product_cat-raucherwerk-und-rauchergefasse","8":"pa_collection-jumbo-golden-nag-backflow-incense-cones-de","9":"pa_made-in-indien","11":"first","12":"instock","13":"purchasable","14":"product-type-simple"},"supplier_id":null,"supplier_sku":"JBackF-01","barcode":null,"atum_controlled":true,"out_stock_date":null,"out_stock_threshold":null,"inheritable":false,"inbound_stock":null,"stock_on_hold":0,"sold_today":0,"sales_last_days":0,"reserved_stock":null,"customer_returns":null,"warehouse_damage":null,"lost_in_post":null,"other_logs":null,"out_stock_days":0,"lost_sales":0,"has_location":null,"update_date":"2026-04-30T17:59:10","atum_locations":[],"atum_stock_status":"instock","restock_status":false,"low_stock_amount":"","sales_update_date":"2026-02-06T00:02:02","calc_backorders":null,"_links":{"self":[{"href":"https:\/\/aromasentia.com\/de\/wp-json\/wp\/v2\/product\/222361","targetHints":{"allow":["GET"]}}],"collection":[{"href":"https:\/\/aromasentia.com\/de\/wp-json\/wp\/v2\/product"}],"about":[{"href":"https:\/\/aromasentia.com\/de\/wp-json\/wp\/v2\/types\/product"}],"replies":[{"embeddable":true,"href":"https:\/\/aromasentia.com\/de\/wp-json\/wp\/v2\/comments?post=222361"}],"version-history":[{"count":0,"href":"https:\/\/aromasentia.com\/de\/wp-json\/wp\/v2\/product\/222361\/revisions"}],"wp:featuredmedia":[{"embeddable":true,"href":"https:\/\/aromasentia.com\/de\/wp-json\/wp\/v2\/media\/405121"}],"wp:attachment":[{"href":"https:\/\/aromasentia.com\/de\/wp-json\/wp\/v2\/media?parent=222361"}],"wp:term":[{"taxonomy":"product_brand","embeddable":true,"href":"https:\/\/aromasentia.com\/de\/wp-json\/wp\/v2\/product_brand?post=222361"},{"taxonomy":"product_cat","embeddable":true,"href":"https:\/\/aromasentia.com\/de\/wp-json\/wp\/v2\/product_cat?post=222361"},{"taxonomy":"product_tag","embeddable":true,"href":"https:\/\/aromasentia.com\/de\/wp-json\/wp\/v2\/product_tag?post=222361"}],"curies":[{"name":"wp","href":"https:\/\/api.w.org\/{rel}","templated":true}]}}