{"id":222357,"date":"2025-03-23T10:30:36","date_gmt":"2025-03-23T10:30:36","guid":{"rendered":"https:\/\/aromasentia.com\/product\/incense-stick-cone-burner-disc-plain-2\/"},"modified":"2025-12-30T19:40:06","modified_gmt":"2025-12-30T19:40:06","slug":"incense-stick-cone-burner-disc-plain","status":"publish","type":"product","link":"https:\/\/aromasentia.com\/de\/incense-stick-cone-burner-disc-plain\/","title":{"rendered":"Incense Stick &#038; Cone Burner Disc &#8211; Plain"},"content":{"rendered":"<p><span style=\"color: rgb(75, 80, 88);\">Wir stellen unsere ruhigen <strong>R\u00e4ucherst\u00e4bchen &amp; Kegelf\u00f6rmige Brennerscheibe \u2013 schlicht<\/strong>, mit Pr\u00e4zision aus hochwertigem Holz in Indien gefertigt.&nbsp;<\/span><\/p>\n<p><span style=\"color: rgb(75, 80, 88);\">Diese Brennerscheibe wurde entwickelt, um jedem Raum Ruhe und einen Hauch von Eleganz zu verleihen. Mit ihrer schlichten und klaren Oberfl\u00e4che ohne Design ist sie eine funktionale und dezente Erg\u00e4nzung f\u00fcr Meditationsr\u00e4ume, Yogastudios oder H\u00e4user, die eine friedliche Atmosph\u00e4re schaffen m\u00f6chten.<\/span><\/p>\n<p><span style=\"color: rgb(75, 80, 88);\">Das sorgf\u00e4ltig ausgew\u00e4hlte Holz sorgt f\u00fcr Langlebigkeit und verleiht der Umgebung bei Gebrauch einen subtilen, erdigen Duft.<\/span><\/p>\n<p><span style=\"color: rgb(75, 80, 88);\"><strong>Ideal f\u00fcr alle, die einen minimalistischen Touch sch\u00e4tzen<\/strong>. Diese Brennerscheibe ist eine durchdachte und \u00e4sthetisch ansprechende Wahl, die in jeder Umgebung eine beruhigende Atmosph\u00e4re schafft.<\/span><\/p>\n","protected":false},"excerpt":{"rendered":"<p>Wir stellen unsere ruhigen R\u00e4ucherst\u00e4bchen &amp; Kegelf\u00f6rmige Brennerscheibe \u2013 schlicht, mit Pr\u00e4zision aus hochwertigem Holz in Indien gefertigt.&nbsp; Diese Brennerscheibe wurde entwickelt, um jedem Raum Ruhe und einen Hauch von Eleganz zu verleihen. Mit ihrer schlichten und klaren Oberfl\u00e4che ohne Design ist sie eine funktionale und dezente Erg\u00e4nzung f\u00fcr Meditationsr\u00e4ume, Yogastudios oder H\u00e4user, die eine [&hellip;]<\/p>\n","protected":false},"featured_media":405096,"comment_status":"closed","ping_status":"open","template":"","meta":{"_angie_page":false},"product_brand":[],"product_cat":[15153,15167,15152],"product_tag":[],"class_list":{"0":"post-222357","1":"product","2":"type-product","3":"status-publish","4":"has-post-thumbnail","6":"product_cat-rauchergefasse-und-raucherstabchenhalter","7":"product_cat-raucherkegelhalter","8":"product_cat-raucherwerk-und-rauchergefasse","9":"pa_collection-wooden-incense-holders-de","10":"pa_made-in-indien","12":"first","13":"outofstock","14":"purchasable","15":"product-type-simple"},"supplier_id":null,"supplier_sku":"ISH-229MD","barcode":null,"atum_controlled":true,"out_stock_date":"2025-09-05 00:36:09","out_stock_threshold":null,"inheritable":false,"inbound_stock":null,"stock_on_hold":0,"sold_today":0,"sales_last_days":0,"reserved_stock":null,"customer_returns":null,"warehouse_damage":null,"lost_in_post":null,"other_logs":null,"out_stock_days":0,"lost_sales":0,"has_location":null,"update_date":"2026-04-27T07:09:33","atum_locations":[],"atum_stock_status":"outofstock","restock_status":false,"low_stock_amount":"","sales_update_date":"2025-09-03T00:19:26","calc_backorders":null,"_links":{"self":[{"href":"https:\/\/aromasentia.com\/de\/wp-json\/wp\/v2\/product\/222357","targetHints":{"allow":["GET"]}}],"collection":[{"href":"https:\/\/aromasentia.com\/de\/wp-json\/wp\/v2\/product"}],"about":[{"href":"https:\/\/aromasentia.com\/de\/wp-json\/wp\/v2\/types\/product"}],"replies":[{"embeddable":true,"href":"https:\/\/aromasentia.com\/de\/wp-json\/wp\/v2\/comments?post=222357"}],"version-history":[{"count":0,"href":"https:\/\/aromasentia.com\/de\/wp-json\/wp\/v2\/product\/222357\/revisions"}],"wp:featuredmedia":[{"embeddable":true,"href":"https:\/\/aromasentia.com\/de\/wp-json\/wp\/v2\/media\/405096"}],"wp:attachment":[{"href":"https:\/\/aromasentia.com\/de\/wp-json\/wp\/v2\/media?parent=222357"}],"wp:term":[{"taxonomy":"product_brand","embeddable":true,"href":"https:\/\/aromasentia.com\/de\/wp-json\/wp\/v2\/product_brand?post=222357"},{"taxonomy":"product_cat","embeddable":true,"href":"https:\/\/aromasentia.com\/de\/wp-json\/wp\/v2\/product_cat?post=222357"},{"taxonomy":"product_tag","embeddable":true,"href":"https:\/\/aromasentia.com\/de\/wp-json\/wp\/v2\/product_tag?post=222357"}],"curies":[{"name":"wp","href":"https:\/\/api.w.org\/{rel}","templated":true}]}}