{"id":222333,"date":"2025-03-23T10:30:36","date_gmt":"2025-03-23T10:30:36","guid":{"rendered":"https:\/\/aromasentia.com\/product\/lrg-ritual-bowl-incense-cone-holder-11x10-cm-om\/"},"modified":"2025-12-30T19:39:58","modified_gmt":"2025-12-30T19:39:58","slug":"grosse-ritualschale-raeucherkegelhalter-11x6cm-om","status":"publish","type":"product","link":"https:\/\/aromasentia.com\/de\/grosse-ritualschale-raeucherkegelhalter-11x6cm-om\/","title":{"rendered":"Gro\u00dfe Ritualschale R\u00e4ucherkegelhalter 11x6cm &#8211; Om"},"content":{"rendered":"<p>Umarme den heiligen Klang und die Energie des Om mit diesem gro\u00dfen Ritualschalen-R\u00e4ucherkegelhalter. Mit einer Gr\u00f6\u00dfe von ca. 11x10cm bietet diese Schale eine symbolische und achtsame M\u00f6glichkeit, deine R\u00e4ucherkegel zu verbrennen.<\/p>\n","protected":false},"excerpt":{"rendered":"<p>Umarme den heiligen Klang und die Energie des Om mit diesem gro\u00dfen Ritualschalen-R\u00e4ucherkegelhalter. Mit einer Gr\u00f6\u00dfe von ca. 11x10cm bietet diese Schale eine symbolische und achtsame M\u00f6glichkeit, deine R\u00e4ucherkegel zu verbrennen.<\/p>\n","protected":false},"featured_media":404898,"comment_status":"closed","ping_status":"open","template":"","meta":[],"product_brand":[],"product_cat":[15153,15167,15152],"product_tag":[],"class_list":{"0":"post-222333","1":"product","2":"type-product","3":"status-publish","4":"has-post-thumbnail","6":"product_cat-rauchergefasse-und-raucherstabchenhalter","7":"product_cat-raucherkegelhalter","8":"product_cat-raucherwerk-und-rauchergefasse","9":"pa_collection-wooden-incense-holders-de","10":"pa_made-in-indien","12":"first","13":"instock","14":"purchasable","15":"product-type-simple"},"supplier_id":null,"supplier_sku":"ISH-246","barcode":null,"atum_controlled":true,"out_stock_date":null,"out_stock_threshold":null,"inheritable":false,"inbound_stock":null,"stock_on_hold":0,"sold_today":0,"sales_last_days":0,"reserved_stock":null,"customer_returns":null,"warehouse_damage":null,"lost_in_post":null,"other_logs":null,"out_stock_days":0,"lost_sales":0,"has_location":null,"update_date":"2026-02-10T02:20:35","atum_locations":[],"atum_stock_status":"instock","restock_status":false,"low_stock_amount":"","sales_update_date":"2026-02-06T00:02:33","calc_backorders":null,"_links":{"self":[{"href":"https:\/\/aromasentia.com\/de\/wp-json\/wp\/v2\/product\/222333","targetHints":{"allow":["GET"]}}],"collection":[{"href":"https:\/\/aromasentia.com\/de\/wp-json\/wp\/v2\/product"}],"about":[{"href":"https:\/\/aromasentia.com\/de\/wp-json\/wp\/v2\/types\/product"}],"replies":[{"embeddable":true,"href":"https:\/\/aromasentia.com\/de\/wp-json\/wp\/v2\/comments?post=222333"}],"version-history":[{"count":0,"href":"https:\/\/aromasentia.com\/de\/wp-json\/wp\/v2\/product\/222333\/revisions"}],"wp:featuredmedia":[{"embeddable":true,"href":"https:\/\/aromasentia.com\/de\/wp-json\/wp\/v2\/media\/404898"}],"wp:attachment":[{"href":"https:\/\/aromasentia.com\/de\/wp-json\/wp\/v2\/media?parent=222333"}],"wp:term":[{"taxonomy":"product_brand","embeddable":true,"href":"https:\/\/aromasentia.com\/de\/wp-json\/wp\/v2\/product_brand?post=222333"},{"taxonomy":"product_cat","embeddable":true,"href":"https:\/\/aromasentia.com\/de\/wp-json\/wp\/v2\/product_cat?post=222333"},{"taxonomy":"product_tag","embeddable":true,"href":"https:\/\/aromasentia.com\/de\/wp-json\/wp\/v2\/product_tag?post=222333"}],"curies":[{"name":"wp","href":"https:\/\/api.w.org\/{rel}","templated":true}]}}