{"id":222317,"date":"2025-03-23T10:30:36","date_gmt":"2025-03-23T10:30:36","guid":{"rendered":"https:\/\/aromasentia.com\/product\/small-ritual-bowl-incense-cone-holder-11x6-cm-asst-esoteric\/"},"modified":"2025-12-30T19:39:58","modified_gmt":"2025-12-30T19:39:58","slug":"kleine-ritualschale-raeucherkegelhalter-11x6cm-esoterisch-sortiert","status":"publish","type":"product","link":"https:\/\/aromasentia.com\/de\/kleine-ritualschale-raeucherkegelhalter-11x6cm-esoterisch-sortiert\/","title":{"rendered":"Kleine Ritualschale R\u00e4ucherkegelhalter 11x6cm &#8211; (esoterisch sortiert)"},"content":{"rendered":"<p>Verbessern Sie Ihre Rituale mit diesem kleinen Ritualschalen-R\u00e4ucherkegelhalter. Mit einer Gr\u00f6\u00dfe von ca. 11x6cm ist jede Schale mit verschiedenen esoterischen Motiven versehen, die einen Hauch von spiritueller Symbolik in Ihre R\u00e4ucherung bringen.<\/p>\n","protected":false},"excerpt":{"rendered":"<p>Verbessern Sie Ihre Rituale mit diesem kleinen Ritualschalen-R\u00e4ucherkegelhalter. Mit einer Gr\u00f6\u00dfe von ca. 11x6cm ist jede Schale mit verschiedenen esoterischen Motiven versehen, die einen Hauch von spiritueller Symbolik in Ihre R\u00e4ucherung bringen.<\/p>\n","protected":false},"featured_media":404694,"comment_status":"closed","ping_status":"open","template":"","meta":[],"product_brand":[],"product_cat":[15153,15167,15152],"product_tag":[],"class_list":{"0":"post-222317","1":"product","2":"type-product","3":"status-publish","4":"has-post-thumbnail","6":"product_cat-rauchergefasse-und-raucherstabchenhalter","7":"product_cat-raucherkegelhalter","8":"product_cat-raucherwerk-und-rauchergefasse","9":"pa_collection-wooden-incense-holders-de","10":"pa_made-in-indien","12":"first","13":"instock","14":"purchasable","15":"product-type-simple"},"supplier_id":null,"supplier_sku":"ISH-242","barcode":null,"atum_controlled":true,"out_stock_date":null,"out_stock_threshold":null,"inheritable":false,"inbound_stock":null,"stock_on_hold":0,"sold_today":0,"sales_last_days":0,"reserved_stock":null,"customer_returns":null,"warehouse_damage":null,"lost_in_post":null,"other_logs":null,"out_stock_days":0,"lost_sales":0,"has_location":null,"update_date":"2026-02-06T10:30:42","atum_locations":[],"atum_stock_status":"instock","restock_status":false,"low_stock_amount":"","sales_update_date":"2025-09-03T00:19:24","calc_backorders":null,"_links":{"self":[{"href":"https:\/\/aromasentia.com\/de\/wp-json\/wp\/v2\/product\/222317","targetHints":{"allow":["GET"]}}],"collection":[{"href":"https:\/\/aromasentia.com\/de\/wp-json\/wp\/v2\/product"}],"about":[{"href":"https:\/\/aromasentia.com\/de\/wp-json\/wp\/v2\/types\/product"}],"replies":[{"embeddable":true,"href":"https:\/\/aromasentia.com\/de\/wp-json\/wp\/v2\/comments?post=222317"}],"version-history":[{"count":0,"href":"https:\/\/aromasentia.com\/de\/wp-json\/wp\/v2\/product\/222317\/revisions"}],"wp:featuredmedia":[{"embeddable":true,"href":"https:\/\/aromasentia.com\/de\/wp-json\/wp\/v2\/media\/404694"}],"wp:attachment":[{"href":"https:\/\/aromasentia.com\/de\/wp-json\/wp\/v2\/media?parent=222317"}],"wp:term":[{"taxonomy":"product_brand","embeddable":true,"href":"https:\/\/aromasentia.com\/de\/wp-json\/wp\/v2\/product_brand?post=222317"},{"taxonomy":"product_cat","embeddable":true,"href":"https:\/\/aromasentia.com\/de\/wp-json\/wp\/v2\/product_cat?post=222317"},{"taxonomy":"product_tag","embeddable":true,"href":"https:\/\/aromasentia.com\/de\/wp-json\/wp\/v2\/product_tag?post=222317"}],"curies":[{"name":"wp","href":"https:\/\/api.w.org\/{rel}","templated":true}]}}