{"id":222261,"date":"2025-03-23T10:30:36","date_gmt":"2025-03-23T10:30:36","guid":{"rendered":"https:\/\/aromasentia.com\/product\/chakra-ashcatchers-7-designs\/"},"modified":"2025-12-30T19:39:42","modified_gmt":"2025-12-30T19:39:42","slug":"chakra-raeucherstaebchenhalter-set-mit-7-designs","status":"publish","type":"product","link":"https:\/\/aromasentia.com\/de\/chakra-raeucherstaebchenhalter-set-mit-7-designs\/","title":{"rendered":"Chakra-R\u00e4ucherst\u00e4bchenhalter \u2013 Set mit 7 Designs"},"content":{"rendered":"<p><span style=\"color: rgb(75, 80, 88);\">Verschiedene Farben und Designs. Aschenf\u00e4nger, R\u00e4ucherst\u00e4bchenhalter. Importiert aus Indien. Wir arbeiten mit einer Reihe von Unternehmen zusammen, die in der Stadt Saharanpur in Nordindien Holzwaren herstellen. Diese Region Indiens hat nach wie vor mit erheblichen Infrastrukturproblemen zu k\u00e4mpfen: Die Stromversorgung ist unregelm\u00e4\u00dfig, und die Verkehrs- und Stra\u00dfenverh\u00e4ltnisse sind schlecht. Daher ist die Versorgung besonders unzuverl\u00e4ssig. Die Region blickt jedoch auf eine lange Tradition des Kunsthandwerks in der Herstellung wundersch\u00f6ner Holzwaren zur\u00fcck und wir sind stolz, diese Branche durch den Import mehrerer Container Holzwaren pro Jahr im Gro\u00dfhandel zu unterst\u00fctzen. Besonders beliebt sind dabei R\u00e4ucherst\u00e4bchenhalter in vielen verschiedenen Formen.<\/span><\/p>\n<p><span style=\"color: rgb(75, 80, 88);\"><strong>&nbsp;<\/strong><\/span><\/p>\n<p><strong><span style=\"color: rgb(75, 80, 88);\">* werden einzeln verkauft.<\/span><\/strong><\/p>\n<p><span style=\"color: rgb(75, 80, 88);\"><strong>*Bei verschiedenen Designs geben Sie bitte beim Bezahlvorgang an, welches Design Sie bevorzugen.<\/strong><\/span><\/p>\n","protected":false},"excerpt":{"rendered":"<p>Verschiedene Farben und Designs. Aschenf\u00e4nger, R\u00e4ucherst\u00e4bchenhalter. Importiert aus Indien. Wir arbeiten mit einer Reihe von Unternehmen zusammen, die in der Stadt Saharanpur in Nordindien Holzwaren herstellen. Diese Region Indiens hat nach wie vor mit erheblichen Infrastrukturproblemen zu k\u00e4mpfen: Die Stromversorgung ist unregelm\u00e4\u00dfig, und die Verkehrs- und Stra\u00dfenverh\u00e4ltnisse sind schlecht. Daher ist die Versorgung besonders unzuverl\u00e4ssig. [&hellip;]<\/p>\n","protected":false},"featured_media":403896,"comment_status":"closed","ping_status":"open","template":"","meta":{"_angie_page":false},"product_brand":[],"product_cat":[15153,15167,15152],"product_tag":[],"class_list":{"0":"post-222261","1":"product","2":"type-product","3":"status-publish","4":"has-post-thumbnail","6":"product_cat-rauchergefasse-und-raucherstabchenhalter","7":"product_cat-raucherkegelhalter","8":"product_cat-raucherwerk-und-rauchergefasse","9":"pa_collection-wooden-incense-holders-de","10":"pa_made-in-indien","12":"first","13":"instock","14":"purchasable","15":"product-type-simple"},"supplier_id":null,"supplier_sku":"ISH-218M","barcode":null,"atum_controlled":true,"out_stock_date":null,"out_stock_threshold":null,"inheritable":false,"inbound_stock":null,"stock_on_hold":0,"sold_today":0,"sales_last_days":0,"reserved_stock":null,"customer_returns":null,"warehouse_damage":null,"lost_in_post":null,"other_logs":null,"out_stock_days":0,"lost_sales":0,"has_location":null,"update_date":"2026-05-04T00:03:57","atum_locations":[],"atum_stock_status":"instock","restock_status":false,"low_stock_amount":"","sales_update_date":"2025-09-03T00:19:21","calc_backorders":null,"_links":{"self":[{"href":"https:\/\/aromasentia.com\/de\/wp-json\/wp\/v2\/product\/222261","targetHints":{"allow":["GET"]}}],"collection":[{"href":"https:\/\/aromasentia.com\/de\/wp-json\/wp\/v2\/product"}],"about":[{"href":"https:\/\/aromasentia.com\/de\/wp-json\/wp\/v2\/types\/product"}],"replies":[{"embeddable":true,"href":"https:\/\/aromasentia.com\/de\/wp-json\/wp\/v2\/comments?post=222261"}],"version-history":[{"count":0,"href":"https:\/\/aromasentia.com\/de\/wp-json\/wp\/v2\/product\/222261\/revisions"}],"wp:featuredmedia":[{"embeddable":true,"href":"https:\/\/aromasentia.com\/de\/wp-json\/wp\/v2\/media\/403896"}],"wp:attachment":[{"href":"https:\/\/aromasentia.com\/de\/wp-json\/wp\/v2\/media?parent=222261"}],"wp:term":[{"taxonomy":"product_brand","embeddable":true,"href":"https:\/\/aromasentia.com\/de\/wp-json\/wp\/v2\/product_brand?post=222261"},{"taxonomy":"product_cat","embeddable":true,"href":"https:\/\/aromasentia.com\/de\/wp-json\/wp\/v2\/product_cat?post=222261"},{"taxonomy":"product_tag","embeddable":true,"href":"https:\/\/aromasentia.com\/de\/wp-json\/wp\/v2\/product_tag?post=222261"}],"curies":[{"name":"wp","href":"https:\/\/api.w.org\/{rel}","templated":true}]}}