{"id":222249,"date":"2025-03-23T10:30:36","date_gmt":"2025-03-23T10:30:36","guid":{"rendered":"https:\/\/aromasentia.com\/product\/7-chakra-colour-smoke-box\/"},"modified":"2025-12-30T19:39:42","modified_gmt":"2025-12-30T19:39:42","slug":"7-chakra-colour-smoke-box","status":"publish","type":"product","link":"https:\/\/aromasentia.com\/de\/7-chakra-colour-smoke-box\/","title":{"rendered":"7 Chakra Colour Smoke Box"},"content":{"rendered":"<p><span style=\"color: rgb(75, 80, 88);\"> 7 Chakra Colour Smoke Box \u2013 ein wundersch\u00f6nes und funktionales St\u00fcck, das jedes R\u00e4uchererlebnis bereichert. Diese R\u00e4ucherbox ist perfekt f\u00fcr Gro\u00dfh\u00e4ndler, Geschenkl\u00e4den oder alle, die ihrem Produktangebot einen Hauch von Spiritualit\u00e4t verleihen m\u00f6chten.<\/span><\/p>\n<p><span style=\"color: rgb(75, 80, 88);\">Die 7 Chakra Colour Smoke Box ist aus hochwertigen Materialien gefertigt und besticht durch ein atemberaubendes, von den Chakren inspiriertes Design. Die sieben farbenfrohen Chakra-Symbole repr\u00e4sentieren verschiedene Energiezentren im K\u00f6rper und sollen helfen, Geist, K\u00f6rper und Seele ins Gleichgewicht zu bringen.<\/span><\/p>\n<p><span style=\"color: rgb(75, 80, 88);\">Diese R\u00e4ucherbox ist so konzipiert, dass sie ein R\u00e4ucherst\u00e4bchen w\u00e4hrend des Abbrennens h\u00e4lt und einen sicheren und geschlossenen Raum f\u00fcr den Rauchaustritt bietet. Der Deckel der Box hat kleine \u00d6ffnungen, durch die der Rauch entweichen kann, w\u00e4hrend er in der Box bleibt. Dies schafft eine beruhigende und friedliche Atmosph\u00e4re, perfekt f\u00fcr Meditation, Yoga oder einfach zum Entspannen.<\/span><\/p>\n","protected":false},"excerpt":{"rendered":"<p>7 Chakra Colour Smoke Box \u2013 ein wundersch\u00f6nes und funktionales St\u00fcck, das jedes R\u00e4uchererlebnis bereichert. Diese R\u00e4ucherbox ist perfekt f\u00fcr Gro\u00dfh\u00e4ndler, Geschenkl\u00e4den oder alle, die ihrem Produktangebot einen Hauch von Spiritualit\u00e4t verleihen m\u00f6chten. Die 7 Chakra Colour Smoke Box ist aus hochwertigen Materialien gefertigt und besticht durch ein atemberaubendes, von den Chakren inspiriertes Design. Die [&hellip;]<\/p>\n","protected":false},"featured_media":403861,"comment_status":"closed","ping_status":"open","template":"","meta":{"_angie_page":false},"product_brand":[],"product_cat":[15153,15167,15152],"product_tag":[],"class_list":{"0":"post-222249","1":"product","2":"type-product","3":"status-publish","4":"has-post-thumbnail","6":"product_cat-rauchergefasse-und-raucherstabchenhalter","7":"product_cat-raucherkegelhalter","8":"product_cat-raucherwerk-und-rauchergefasse","9":"pa_collection-wooden-incense-holders-de","10":"pa_made-in-indien","12":"first","13":"instock","14":"purchasable","15":"product-type-simple"},"supplier_id":null,"supplier_sku":"ISH-221M","barcode":null,"atum_controlled":true,"out_stock_date":null,"out_stock_threshold":null,"inheritable":false,"inbound_stock":null,"stock_on_hold":0,"sold_today":0,"sales_last_days":0,"reserved_stock":null,"customer_returns":null,"warehouse_damage":null,"lost_in_post":null,"other_logs":null,"out_stock_days":0,"lost_sales":0,"has_location":null,"update_date":"2026-04-27T07:09:33","atum_locations":[],"atum_stock_status":"instock","restock_status":false,"low_stock_amount":"","sales_update_date":"2026-01-30T01:24:22","calc_backorders":null,"_links":{"self":[{"href":"https:\/\/aromasentia.com\/de\/wp-json\/wp\/v2\/product\/222249","targetHints":{"allow":["GET"]}}],"collection":[{"href":"https:\/\/aromasentia.com\/de\/wp-json\/wp\/v2\/product"}],"about":[{"href":"https:\/\/aromasentia.com\/de\/wp-json\/wp\/v2\/types\/product"}],"replies":[{"embeddable":true,"href":"https:\/\/aromasentia.com\/de\/wp-json\/wp\/v2\/comments?post=222249"}],"version-history":[{"count":0,"href":"https:\/\/aromasentia.com\/de\/wp-json\/wp\/v2\/product\/222249\/revisions"}],"wp:featuredmedia":[{"embeddable":true,"href":"https:\/\/aromasentia.com\/de\/wp-json\/wp\/v2\/media\/403861"}],"wp:attachment":[{"href":"https:\/\/aromasentia.com\/de\/wp-json\/wp\/v2\/media?parent=222249"}],"wp:term":[{"taxonomy":"product_brand","embeddable":true,"href":"https:\/\/aromasentia.com\/de\/wp-json\/wp\/v2\/product_brand?post=222249"},{"taxonomy":"product_cat","embeddable":true,"href":"https:\/\/aromasentia.com\/de\/wp-json\/wp\/v2\/product_cat?post=222249"},{"taxonomy":"product_tag","embeddable":true,"href":"https:\/\/aromasentia.com\/de\/wp-json\/wp\/v2\/product_tag?post=222249"}],"curies":[{"name":"wp","href":"https:\/\/api.w.org\/{rel}","templated":true}]}}