{"id":222245,"date":"2025-03-23T10:30:36","date_gmt":"2025-03-23T10:30:36","guid":{"rendered":"https:\/\/aromasentia.com\/product\/7-chakra-colour-ashcatcher\/"},"modified":"2025-12-30T19:39:42","modified_gmt":"2025-12-30T19:39:42","slug":"7-chakra-colour-ashcatcher","status":"publish","type":"product","link":"https:\/\/aromasentia.com\/de\/7-chakra-colour-ashcatcher\/","title":{"rendered":"7 Chakra Colour Ashcatcher"},"content":{"rendered":"<p><span style=\"color: rgb(75, 80, 88);\"> 7 Chakra Colour Aschenf\u00e4nger \u2013 ein sch\u00f6nes und funktionales St\u00fcck, das jeden Raum aufwertet. Dieser Aschenf\u00e4nger ist perfekt f\u00fcr Gro\u00dfh\u00e4ndler, Geschenkartikell\u00e4den oder alle, die ihrem Produktangebot einen Hauch von Spiritualit\u00e4t verleihen m\u00f6chten.<\/span><\/p>\n<p><span style=\"color: rgb(75, 80, 88);\">Der 7 Chakra Colour Aschenf\u00e4nger ist aus hochwertigen Materialien gefertigt und besticht durch ein atemberaubendes, von den Chakren inspiriertes Design. Die sieben farbenfrohen Chakra-Symbole repr\u00e4sentieren unterschiedliche Energiezentren im K\u00f6rper und sollen helfen, Geist, K\u00f6rper und Seele ins Gleichgewicht zu bringen.<\/span><\/p>\n<p><span style=\"color: rgb(75, 80, 88);\">Dieser Aschenf\u00e4nger f\u00e4ngt Asche und Schmutz auf, die beim Verbrennen von R\u00e4ucherwerk herunterfallen k\u00f6nnen, und ist somit ein praktisches Accessoire f\u00fcr jedes R\u00e4uchergef\u00e4\u00df. Es hilft, den Verbrennungsbereich sauber und frei von Ablagerungen zu halten, was f\u00fcr die Benutzer ein angenehmeres und beruhigenderes Erlebnis schafft.<\/span><\/p>\n","protected":false},"excerpt":{"rendered":"<p>7 Chakra Colour Aschenf\u00e4nger \u2013 ein sch\u00f6nes und funktionales St\u00fcck, das jeden Raum aufwertet. Dieser Aschenf\u00e4nger ist perfekt f\u00fcr Gro\u00dfh\u00e4ndler, Geschenkartikell\u00e4den oder alle, die ihrem Produktangebot einen Hauch von Spiritualit\u00e4t verleihen m\u00f6chten. Der 7 Chakra Colour Aschenf\u00e4nger ist aus hochwertigen Materialien gefertigt und besticht durch ein atemberaubendes, von den Chakren inspiriertes Design. Die sieben farbenfrohen [&hellip;]<\/p>\n","protected":false},"featured_media":403844,"comment_status":"closed","ping_status":"open","template":"","meta":{"_angie_page":false},"product_brand":[],"product_cat":[15153,15167,15152],"product_tag":[],"class_list":{"0":"post-222245","1":"product","2":"type-product","3":"status-publish","4":"has-post-thumbnail","6":"product_cat-rauchergefasse-und-raucherstabchenhalter","7":"product_cat-raucherkegelhalter","8":"product_cat-raucherwerk-und-rauchergefasse","9":"pa_collection-wooden-incense-holders-de","10":"pa_made-in-indien","12":"first","13":"instock","14":"purchasable","15":"product-type-simple"},"supplier_id":null,"supplier_sku":"ISH-220M","barcode":null,"atum_controlled":true,"out_stock_date":null,"out_stock_threshold":null,"inheritable":false,"inbound_stock":null,"stock_on_hold":0,"sold_today":0,"sales_last_days":0,"reserved_stock":null,"customer_returns":null,"warehouse_damage":null,"lost_in_post":null,"other_logs":null,"out_stock_days":0,"lost_sales":0,"has_location":null,"update_date":"2026-04-27T07:09:33","atum_locations":[],"atum_stock_status":"instock","restock_status":false,"low_stock_amount":"","sales_update_date":"2026-01-30T01:24:43","calc_backorders":null,"_links":{"self":[{"href":"https:\/\/aromasentia.com\/de\/wp-json\/wp\/v2\/product\/222245","targetHints":{"allow":["GET"]}}],"collection":[{"href":"https:\/\/aromasentia.com\/de\/wp-json\/wp\/v2\/product"}],"about":[{"href":"https:\/\/aromasentia.com\/de\/wp-json\/wp\/v2\/types\/product"}],"replies":[{"embeddable":true,"href":"https:\/\/aromasentia.com\/de\/wp-json\/wp\/v2\/comments?post=222245"}],"version-history":[{"count":0,"href":"https:\/\/aromasentia.com\/de\/wp-json\/wp\/v2\/product\/222245\/revisions"}],"wp:featuredmedia":[{"embeddable":true,"href":"https:\/\/aromasentia.com\/de\/wp-json\/wp\/v2\/media\/403844"}],"wp:attachment":[{"href":"https:\/\/aromasentia.com\/de\/wp-json\/wp\/v2\/media?parent=222245"}],"wp:term":[{"taxonomy":"product_brand","embeddable":true,"href":"https:\/\/aromasentia.com\/de\/wp-json\/wp\/v2\/product_brand?post=222245"},{"taxonomy":"product_cat","embeddable":true,"href":"https:\/\/aromasentia.com\/de\/wp-json\/wp\/v2\/product_cat?post=222245"},{"taxonomy":"product_tag","embeddable":true,"href":"https:\/\/aromasentia.com\/de\/wp-json\/wp\/v2\/product_tag?post=222245"}],"curies":[{"name":"wp","href":"https:\/\/api.w.org\/{rel}","templated":true}]}}