{"id":222205,"date":"2025-03-23T10:30:45","date_gmt":"2025-03-23T10:30:45","guid":{"rendered":"https:\/\/aromasentia.com\/product\/smudge-stick-white-sage-and-7-corn-leaves\/"},"modified":"2025-12-30T19:39:34","modified_gmt":"2025-12-30T19:39:34","slug":"raeucherbuendel-weisser-salbei-und-7-maisblaetter","status":"publish","type":"product","link":"https:\/\/aromasentia.com\/de\/raeucherbuendel-weisser-salbei-und-7-maisblaetter\/","title":{"rendered":"R\u00e4ucherb\u00fcndel &#8211; Wei\u00dfer Salbei und 7 Maisbl\u00e4tter"},"content":{"rendered":"<p>Unser <strong>Gro\u00dfhandels-R\u00e4ucherst\u00e4bchen<\/strong> besteht aus einer Mischung aus <strong>Wei\u00dfem Salbei und 7 Maisbl\u00e4ttern<\/strong>, einer kraftvollen Kombination, die perfekt f\u00fcr spirituelle Reinigung und L\u00e4uterung ist. Dieser R\u00e4ucherst\u00e4bchen ist ca. 10cm lang.<\/p>\n<p><strong><em>Wei\u00dfer Salbei&nbsp;<\/em><\/strong>wird seit Jahrhunderten von indigenen V\u00f6lkern wegen seiner spirituellen und medizinischen Eigenschaften verwendet. Seinem ausgepr\u00e4gten und angenehmen Aroma werden starke reinigende und l\u00e4uternde Eigenschaften zugeschrieben, die negative Energie beseitigen und positive Energie f\u00f6rdern k\u00f6nnen. <strong><em>Die 7 Maisbl\u00e4tter<\/em><\/strong>, auch bekannt als &quot;heilige Pflanze der sieben Himmelsrichtungen&quot;, werden von den indigenen V\u00f6lkern Nordamerikas traditionell wegen ihrer spirituellen Bedeutung und ihrer F\u00e4higkeit, Gleichgewicht und Harmonie zu f\u00f6rdern, verwendet.<\/p>\n<p>Unser R\u00e4ucherst\u00e4bchen mit wei\u00dfem Salbei und 7 Maisbl\u00e4ttern ist perfekt f\u00fcr spirituell Praktizierende, Heiler und alle, die nat\u00fcrliche Heilmittel zur spirituellen Reinigung und L\u00e4uterung verwenden m\u00f6chten. Benutzen Sie ihn, um sich selbst, Ihr Zuhause oder jeden anderen Raum zu reinigen, der ein wenig zus\u00e4tzliche Reinigung und Ausgeglichenheit ben\u00f6tigt.<\/p>\n<p>Insgesamt ist unser Gro\u00dfhandels-R\u00e4ucherst\u00e4bchen aus wei\u00dfem Salbei und 7 Maisbl\u00e4ttern ein hochwertiges und nat\u00fcrliches Mittel, das Ihnen helfen kann, spirituelles Wohlbefinden und Ausgeglichenheit zu f\u00f6rdern. Sein einzigartiges Aroma und seine kraftvollen Eigenschaften machen ihn zu einer ausgezeichneten Wahl f\u00fcr jeden, der nat\u00fcrliche Heilmittel in seine spirituelle Praxis einbeziehen m\u00f6chte. Bei regelm\u00e4\u00dfiger Anwendung, k\u00f6nnen Sie eine tiefere Verbindung zu Ihrer Spiritualit\u00e4t erfahren <\/p>\n","protected":false},"excerpt":{"rendered":"<p>Unser Gro\u00dfhandels-R\u00e4ucherst\u00e4bchen besteht aus einer Mischung aus Wei\u00dfem Salbei und 7 Maisbl\u00e4ttern, einer kraftvollen Kombination, die perfekt f\u00fcr spirituelle Reinigung und L\u00e4uterung ist. Dieser R\u00e4ucherst\u00e4bchen ist ca. 10cm lang. Wei\u00dfer Salbei&nbsp;wird seit Jahrhunderten von indigenen V\u00f6lkern wegen seiner spirituellen und medizinischen Eigenschaften verwendet. Seinem ausgepr\u00e4gten und angenehmen Aroma werden starke reinigende und l\u00e4uternde Eigenschaften zugeschrieben, [&hellip;]<\/p>\n","protected":false},"featured_media":406062,"comment_status":"closed","ping_status":"open","template":"","meta":{"_angie_page":false},"product_brand":[],"product_cat":[25841,26861,15152,25816,26477],"product_tag":[],"class_list":{"0":"post-222205","1":"product","2":"type-product","3":"status-publish","4":"has-post-thumbnail","6":"product_cat-dufte-aromen","7":"product_cat-krauter-aromatisch","8":"product_cat-raucherwerk-und-rauchergefasse","9":"product_cat-smudge-sticks","10":"product_cat-weiser-salbei","11":"pa_collection-wrapped-smudge-sticks-de","12":"pa_made-in-mexiko","14":"first","15":"instock","16":"purchasable","17":"product-type-simple"},"supplier_id":null,"supplier_sku":"MSage-51","barcode":null,"atum_controlled":true,"out_stock_date":null,"out_stock_threshold":null,"inheritable":false,"inbound_stock":null,"stock_on_hold":0,"sold_today":0,"sales_last_days":0,"reserved_stock":null,"customer_returns":null,"warehouse_damage":null,"lost_in_post":null,"other_logs":null,"out_stock_days":0,"lost_sales":0,"has_location":null,"update_date":"2026-04-27T07:13:52","atum_locations":[],"atum_stock_status":"instock","restock_status":false,"low_stock_amount":"","sales_update_date":"2026-01-30T01:24:47","calc_backorders":null,"_links":{"self":[{"href":"https:\/\/aromasentia.com\/de\/wp-json\/wp\/v2\/product\/222205","targetHints":{"allow":["GET"]}}],"collection":[{"href":"https:\/\/aromasentia.com\/de\/wp-json\/wp\/v2\/product"}],"about":[{"href":"https:\/\/aromasentia.com\/de\/wp-json\/wp\/v2\/types\/product"}],"replies":[{"embeddable":true,"href":"https:\/\/aromasentia.com\/de\/wp-json\/wp\/v2\/comments?post=222205"}],"version-history":[{"count":0,"href":"https:\/\/aromasentia.com\/de\/wp-json\/wp\/v2\/product\/222205\/revisions"}],"wp:featuredmedia":[{"embeddable":true,"href":"https:\/\/aromasentia.com\/de\/wp-json\/wp\/v2\/media\/406062"}],"wp:attachment":[{"href":"https:\/\/aromasentia.com\/de\/wp-json\/wp\/v2\/media?parent=222205"}],"wp:term":[{"taxonomy":"product_brand","embeddable":true,"href":"https:\/\/aromasentia.com\/de\/wp-json\/wp\/v2\/product_brand?post=222205"},{"taxonomy":"product_cat","embeddable":true,"href":"https:\/\/aromasentia.com\/de\/wp-json\/wp\/v2\/product_cat?post=222205"},{"taxonomy":"product_tag","embeddable":true,"href":"https:\/\/aromasentia.com\/de\/wp-json\/wp\/v2\/product_tag?post=222205"}],"curies":[{"name":"wp","href":"https:\/\/api.w.org\/{rel}","templated":true}]}}