{"id":222201,"date":"2025-03-23T10:30:45","date_gmt":"2025-03-23T10:30:45","guid":{"rendered":"https:\/\/aromasentia.com\/product\/smudge-stick-white-sage-clove-10cm\/"},"modified":"2025-12-30T19:39:34","modified_gmt":"2025-12-30T19:39:34","slug":"raeucherbuendel-weisser-salbei-nelke-10cm","status":"publish","type":"product","link":"https:\/\/aromasentia.com\/de\/raeucherbuendel-weisser-salbei-nelke-10cm\/","title":{"rendered":"R\u00e4ucherb\u00fcndel &#8211; Wei\u00dfer Salbei &#038; Nelke 10cm"},"content":{"rendered":"<p>Unser <strong>Gro\u00dfhandels-R\u00e4ucherst\u00e4bchen<\/strong> besteht aus einer Mischung aus <strong>Wei\u00dfem Salbei und Gew\u00fcrznelke<\/strong>, einer kraftvollen Kombination, die perfekt f\u00fcr spirituelle Reinigung und Schutz ist. Dieser R\u00e4ucherst\u00e4bchen ist ca. 10cm lang.<\/p>\n<p><strong><em>Wei\u00dfer Salbei<\/em><\/strong> wird seit Jahrhunderten von indigenen V\u00f6lkern wegen seiner spirituellen und medizinischen Eigenschaften verwendet. Seinem ausgepr\u00e4gten und angenehmen Aroma werden starke reinigende und l\u00e4uternde Eigenschaften zugeschrieben, die negative Energie beseitigen und positive Energie f\u00f6rdern k\u00f6nnen. <strong><em>Nelke<\/em><\/strong> hingegen ist bekannt f\u00fcr seine sch\u00fctzenden Eigenschaften und seine F\u00e4higkeit, die Luft zu reinigen. Seine einzigartigen Eigenschaften machen ihn zu einer ausgezeichneten Wahl f\u00fcr alle, die nat\u00fcrliche Heilmittel in ihre spirituelle Praxis einbeziehen m\u00f6chten.<\/p>\n<p>Unser R\u00e4ucherst\u00e4bchen mit wei\u00dfem Salbei und Nelke ist perfekt f\u00fcr spirituell Praktizierende, Heiler und alle, die nat\u00fcrliche Heilmittel zur spirituellen Reinigung und L\u00e4uterung einsetzen m\u00f6chten. Verwenden Sie ihn, um sich selbst, Ihr Zuhause oder jeden anderen Raum, der ein wenig zus\u00e4tzliche Reinigung und Schutz ben\u00f6tigt, zu reinigen.<\/p>\n<p>Insgesamt ist unser Gro\u00dfhandels-R\u00e4ucherst\u00e4bchen aus wei\u00dfem Salbei und Nelke ein hochwertiges und nat\u00fcrliches Hilfsmittel, das Ihnen helfen kann, spirituelles Wohlbefinden und Schutz zu f\u00f6rdern. Sein einzigartiges Aroma und seine kraftvollen Eigenschaften machen ihn zu einer ausgezeichneten Wahl f\u00fcr jeden, der nat\u00fcrliche Heilmittel in seine spirituelle Praxis einbeziehen m\u00f6chte. Bei regelm\u00e4\u00dfiger Anwendung k\u00f6nnen Sie eine tiefere Verbindung zu Ihrer Spiritualit\u00e4t und ein gr\u00f6\u00dferes Gef\u00fchl von innerem Frieden und Schutz erfahren.<\/p>\n<p>><\/p>\n","protected":false},"excerpt":{"rendered":"<p>Unser Gro\u00dfhandels-R\u00e4ucherst\u00e4bchen besteht aus einer Mischung aus Wei\u00dfem Salbei und Gew\u00fcrznelke, einer kraftvollen Kombination, die perfekt f\u00fcr spirituelle Reinigung und Schutz ist. Dieser R\u00e4ucherst\u00e4bchen ist ca. 10cm lang. Wei\u00dfer Salbei wird seit Jahrhunderten von indigenen V\u00f6lkern wegen seiner spirituellen und medizinischen Eigenschaften verwendet. Seinem ausgepr\u00e4gten und angenehmen Aroma werden starke reinigende und l\u00e4uternde Eigenschaften zugeschrieben, [&hellip;]<\/p>\n","protected":false},"featured_media":406045,"comment_status":"closed","ping_status":"open","template":"","meta":{"_angie_page":false},"product_brand":[],"product_cat":[25841,26861,26471,15152,25816,26477,26889],"product_tag":[],"class_list":{"0":"post-222201","1":"product","2":"type-product","3":"status-publish","4":"has-post-thumbnail","6":"product_cat-dufte-aromen","7":"product_cat-krauter-aromatisch","8":"product_cat-nelke","9":"product_cat-raucherwerk-und-rauchergefasse","10":"product_cat-smudge-sticks","11":"product_cat-weiser-salbei","12":"product_cat-wurzig","13":"pa_collection-wrapped-smudge-sticks-de","14":"pa_made-in-mexiko","16":"first","17":"instock","18":"purchasable","19":"product-type-simple"},"supplier_id":null,"supplier_sku":"MSage-50","barcode":null,"atum_controlled":true,"out_stock_date":null,"out_stock_threshold":null,"inheritable":false,"inbound_stock":null,"stock_on_hold":0,"sold_today":0,"sales_last_days":0,"reserved_stock":null,"customer_returns":null,"warehouse_damage":null,"lost_in_post":null,"other_logs":null,"out_stock_days":0,"lost_sales":0,"has_location":null,"update_date":"2026-04-27T07:13:52","atum_locations":[],"atum_stock_status":"instock","restock_status":false,"low_stock_amount":"","sales_update_date":"2025-09-03T00:19:17","calc_backorders":null,"_links":{"self":[{"href":"https:\/\/aromasentia.com\/de\/wp-json\/wp\/v2\/product\/222201","targetHints":{"allow":["GET"]}}],"collection":[{"href":"https:\/\/aromasentia.com\/de\/wp-json\/wp\/v2\/product"}],"about":[{"href":"https:\/\/aromasentia.com\/de\/wp-json\/wp\/v2\/types\/product"}],"replies":[{"embeddable":true,"href":"https:\/\/aromasentia.com\/de\/wp-json\/wp\/v2\/comments?post=222201"}],"version-history":[{"count":0,"href":"https:\/\/aromasentia.com\/de\/wp-json\/wp\/v2\/product\/222201\/revisions"}],"wp:featuredmedia":[{"embeddable":true,"href":"https:\/\/aromasentia.com\/de\/wp-json\/wp\/v2\/media\/406045"}],"wp:attachment":[{"href":"https:\/\/aromasentia.com\/de\/wp-json\/wp\/v2\/media?parent=222201"}],"wp:term":[{"taxonomy":"product_brand","embeddable":true,"href":"https:\/\/aromasentia.com\/de\/wp-json\/wp\/v2\/product_brand?post=222201"},{"taxonomy":"product_cat","embeddable":true,"href":"https:\/\/aromasentia.com\/de\/wp-json\/wp\/v2\/product_cat?post=222201"},{"taxonomy":"product_tag","embeddable":true,"href":"https:\/\/aromasentia.com\/de\/wp-json\/wp\/v2\/product_tag?post=222201"}],"curies":[{"name":"wp","href":"https:\/\/api.w.org\/{rel}","templated":true}]}}